{"id":47919,"date":"2026-04-05T18:43:49","date_gmt":"2026-04-05T18:43:49","guid":{"rendered":"https:\/\/tinyknit.eu\/?post_type=product&#038;p=47919"},"modified":"2026-04-05T19:00:42","modified_gmt":"2026-04-05T19:00:42","slug":"plysch-sovande-leksak-snuttefilt-pegasus","status":"publish","type":"product","link":"https:\/\/tinyknit.eu\/sv\/product\/klam-och-kramleksaker\/plysch-sovande-leksak-snuttefilt-pegasus\/","title":{"rendered":"Plysch sovande leksak, Snuttefilt \u2013 Pegasus"},"content":{"rendered":"<p data-start=\"6863\" data-end=\"7080\"><strong data-start=\"6863\" data-end=\"6924\">Letar du efter en unik och mysig sovkompis f\u00f6r ditt barn?<\/strong><br data-start=\"6924\" data-end=\"6927\" \/>S\u00f6k inte l\u00e4ngre! Denna s\u00f6ta virkade Pegasus-leksak \u00e4r perfekt f\u00f6r gos vid l\u00e4ggdags och lek under dagen. Idealisk present till alla barn, oavsett \u00e5lder.<\/p>\n<p data-start=\"7082\" data-end=\"7595\"><strong data-start=\"7082\" data-end=\"7097\">Funktioner:<\/strong><br data-start=\"7097\" data-end=\"7100\" \/>\u2022 <strong data-start=\"7102\" data-end=\"7123\">F\u00f6r\u00e4ldrarkontakt:<\/strong> Tar upp doften av mamma eller pappa n\u00e4r den placeras n\u00e4ra vid matning eller vaggning, vilket ger barnet trygghet \u00e4ven n\u00e4r du inte \u00e4r d\u00e4r.<br data-start=\"7261\" data-end=\"7264\" \/>\u2022 <strong data-start=\"7266\" data-end=\"7282\">Utforskning:<\/strong> Ger en rik taktil upplevelse, stimulerar nyfikenhet och utforskning av v\u00e4rlden.<br data-start=\"7362\" data-end=\"7365\" \/>\u2022 <strong data-start=\"7367\" data-end=\"7391\">Minnesv\u00e4rda stunder:<\/strong> Kan anv\u00e4ndas som rekvisita f\u00f6r nyf\u00f6ddfotografering.<br data-start=\"7443\" data-end=\"7446\" \/>\u2022 <strong data-start=\"7448\" data-end=\"7468\">Lugnande effekt:<\/strong> Skapar komfort och s\u00e4kerhet dag och natt.<br data-start=\"7510\" data-end=\"7513\" \/>\u2022 <strong data-start=\"7515\" data-end=\"7536\">Avtagbara vingar:<\/strong> Setet inneh\u00e5ller tv\u00e5 par vingar som enkelt kan tas bort.<\/p>\n<p data-start=\"7597\" data-end=\"7766\"><strong data-start=\"7597\" data-end=\"7613\">Perfekt f\u00f6r:<\/strong><br data-start=\"7613\" data-end=\"7616\" \/>\u2022 Baby shower, presentlistor, f\u00f6delsedagar, jul eller andra speciella tillf\u00e4llen.<br data-start=\"7697\" data-end=\"7700\" \/>\u2022 Unika leksaker som \u00e4ven \u00e4r en charmig dekoration i barnrummet.<\/p>\n<p data-start=\"7768\" data-end=\"8030\"><strong data-start=\"7768\" data-end=\"7781\">Detaljer:<\/strong><br data-start=\"7781\" data-end=\"7784\" \/>\u2022 <strong data-start=\"7786\" data-end=\"7798\">Storlek:<\/strong> ca 45 cm<br data-start=\"7807\" data-end=\"7810\" \/>\u2022 <strong data-start=\"7812\" data-end=\"7825\">Material:<\/strong> 100 % mikropolyester (Oeko-Tex 100) och 100 % polyester-fuskp\u00e4ls. Hypoallergen, mycket mjuk och s\u00e4ker f\u00f6r barn.<br data-start=\"7937\" data-end=\"7940\" \/>\u2022 <strong data-start=\"7942\" data-end=\"7955\">Fyllning:<\/strong> Holofiber<br data-start=\"7965\" data-end=\"7968\" \/>\u2022 Tillverkad i ett r\u00f6kfritt och djurfritt hem i Estland, EU.<\/p>\n<p data-start=\"8032\" data-end=\"8077\"><strong data-start=\"8032\" data-end=\"8053\">Setet inneh\u00e5ller:<\/strong><br data-start=\"8053\" data-end=\"8056\" \/>\u2022 1x Virkad Pegasus<\/p>\n<p data-start=\"8079\" data-end=\"8119\"><strong data-start=\"8079\" data-end=\"8117\">Presentklar f\u00f6r alla babyfiranden!<\/strong><\/p>\n<p data-start=\"8121\" data-end=\"8279\"><strong data-start=\"8121\" data-end=\"8136\">Sk\u00f6tselr\u00e5d:<\/strong><br data-start=\"8136\" data-end=\"8139\" \/>\u2022 Anv\u00e4nd flytande, hypoallergen tv\u00e4ttmedel.<br data-start=\"8182\" data-end=\"8185\" \/>\u2022 Tv\u00e4tta i fintv\u00e4ttprogram vid 30 \u00b0C i 30 minuter.<br data-start=\"8235\" data-end=\"8238\" \/>\u2022 L\u00e5t leksaken torka plant efter tv\u00e4tt.<\/p>\n","protected":false},"excerpt":{"rendered":"<p>S\u00f6ker du efter en unik och mysig sovande v\u00e4n till ditt lilla barn? Du beh\u00f6ver inte leta l\u00e4ngre d\u00e5 denna s\u00f6ta virkade leksak \u00e4r precis vad du s\u00f6ker! Den \u00e4r perfekt f\u00f6r kramar vid l\u00e4ggdags och roligt lekande under dagen, vilket g\u00f6r den till en idealisk present f\u00f6r alla bebisar och barn, oavsett \u00e5lder.<\/p>\n","protected":false},"featured_media":47927,"comment_status":"open","ping_status":"closed","template":"","meta":[],"product_brand":[],"product_cat":[222,227],"product_tag":[],"class_list":{"0":"post-47919","1":"product","2":"type-product","3":"status-publish","4":"has-post-thumbnail","6":"product_cat-klam-och-kramleksaker","7":"product_cat-tillverkad-pa-bestallning","9":"first","10":"onbackorder","11":"taxable","12":"shipping-taxable","13":"purchasable","14":"product-type-simple"},"_links":{"self":[{"href":"https:\/\/tinyknit.eu\/sv\/wp-json\/wp\/v2\/product\/47919","targetHints":{"allow":["GET"]}}],"collection":[{"href":"https:\/\/tinyknit.eu\/sv\/wp-json\/wp\/v2\/product"}],"about":[{"href":"https:\/\/tinyknit.eu\/sv\/wp-json\/wp\/v2\/types\/product"}],"replies":[{"embeddable":true,"href":"https:\/\/tinyknit.eu\/sv\/wp-json\/wp\/v2\/comments?post=47919"}],"version-history":[{"count":1,"href":"https:\/\/tinyknit.eu\/sv\/wp-json\/wp\/v2\/product\/47919\/revisions"}],"predecessor-version":[{"id":47969,"href":"https:\/\/tinyknit.eu\/sv\/wp-json\/wp\/v2\/product\/47919\/revisions\/47969"}],"wp:featuredmedia":[{"embeddable":true,"href":"https:\/\/tinyknit.eu\/sv\/wp-json\/wp\/v2\/media\/47927"}],"wp:attachment":[{"href":"https:\/\/tinyknit.eu\/sv\/wp-json\/wp\/v2\/media?parent=47919"}],"wp:term":[{"taxonomy":"product_brand","embeddable":true,"href":"https:\/\/tinyknit.eu\/sv\/wp-json\/wp\/v2\/product_brand?post=47919"},{"taxonomy":"product_cat","embeddable":true,"href":"https:\/\/tinyknit.eu\/sv\/wp-json\/wp\/v2\/product_cat?post=47919"},{"taxonomy":"product_tag","embeddable":true,"href":"https:\/\/tinyknit.eu\/sv\/wp-json\/wp\/v2\/product_tag?post=47919"}],"curies":[{"name":"wp","href":"https:\/\/api.w.org\/{rel}","templated":true}]}}