{"id":46810,"date":"2026-03-15T09:49:34","date_gmt":"2026-03-15T09:49:34","guid":{"rendered":"https:\/\/tinyknit.eu\/?post_type=product&#038;p=46810"},"modified":"2026-03-15T09:56:33","modified_gmt":"2026-03-15T09:56:33","slug":"plysch-sovande-leksak-snuttefilt-rav-3","status":"publish","type":"product","link":"https:\/\/tinyknit.eu\/sv\/product\/klam-och-kramleksaker\/plysch-sovande-leksak-snuttefilt-rav-3\/","title":{"rendered":"Plysch sovande leksak, Snuttefilt \u2013 R\u00e4v"},"content":{"rendered":"<p data-start=\"6109\" data-end=\"6403\"><strong data-start=\"6109\" data-end=\"6180\">Letar du efter en unik och mysig sovkompis till din lilla \u00e4lskling?<\/strong> D\u00e5 beh\u00f6ver du inte leta l\u00e4ngre, f\u00f6r denna s\u00f6ta virkade leksak \u00e4r precis r\u00e4tt! Den \u00e4r perfekt f\u00f6r mys vid l\u00e4ggdags och rolig lek under dagen, vilket g\u00f6r den till en idealisk present f\u00f6r varje baby eller barn, oavsett \u00e5lder.<\/p>\n<p data-start=\"6405\" data-end=\"7049\"><strong data-start=\"6405\" data-end=\"6420\">Egenskaper:<\/strong><br data-start=\"6420\" data-end=\"6423\" \/>\u2022 N\u00e4rhet till f\u00f6r\u00e4ldrarna. F\u00f6rm\u00e5gan att bevara mammas eller pappas doft. L\u00e4gg leksaken bredvid barnet under matning eller vaggning s\u00e5 absorberar den din doft. P\u00e5 s\u00e5 s\u00e4tt k\u00e4nner barnet alltid din n\u00e4rhet, \u00e4ven n\u00e4r du inte \u00e4r d\u00e4r.<br data-start=\"6650\" data-end=\"6653\" \/>\u2022 Utforskande. Den virkade r\u00e4ven erbjuder en rik taktil upplevelse som f\u00e5ngar barnets intresse och hj\u00e4lper till i uppt\u00e4ckten av v\u00e4rlden omkring dem.<br data-start=\"6801\" data-end=\"6804\" \/>\u2022 Skapar fina minnen. V\u00e5ra leksaker kan anv\u00e4ndas som fotorekvisita vid nyf\u00f6ddfotografering.<br data-start=\"6895\" data-end=\"6898\" \/>\u2022 Lugnande effekt. Den virkade r\u00e4vsnutten ger barnet trygghet och komfort b\u00e5de dag och natt.<br data-start=\"6990\" data-end=\"6993\" \/>\u2022 Setet inneh\u00e5ller tv\u00e5 par vingar som enkelt kan tas av.<\/p>\n<p data-start=\"7051\" data-end=\"7263\"><strong data-start=\"7051\" data-end=\"7067\">Perfekt f\u00f6r:<\/strong><br data-start=\"7067\" data-end=\"7070\" \/>\u2022 En underbar present till babyshower, \u00f6nskelista f\u00f6r baby, f\u00f6delsedag, jul eller n\u00e5got annat tillf\u00e4lle.<br data-start=\"7174\" data-end=\"7177\" \/>\u2022 En unik leksak som ocks\u00e5 kan vara ett charmigt tillskott till barnrummets inredning.<\/p>\n<p data-start=\"7265\" data-end=\"7495\"><strong data-start=\"7265\" data-end=\"7277\">Storlek:<\/strong> ca 60 x 17 cm (23,6 x 6,6&#8243;)<br data-start=\"7305\" data-end=\"7308\" \/><strong data-start=\"7308\" data-end=\"7317\">Garn:<\/strong> 100 % mikropolyester (Oeko-Tex Standard 100) och 100 % polyester konstp\u00e4ls. Hypoallergent, mjukt plyschgarn. Mycket mjukt, gosigt och s\u00e4kert f\u00f6r barn.<br data-start=\"7468\" data-end=\"7471\" \/><strong data-start=\"7471\" data-end=\"7484\">Fyllning:<\/strong> holofiber.<\/p>\n<p data-start=\"7497\" data-end=\"7599\">V\u00e5ra leksaker tillverkas i ett r\u00f6kfritt och djurfritt hem.<br data-start=\"7555\" data-end=\"7558\" \/>Tillverkad i Estland, Europeiska unionen.<\/p>\n<p data-start=\"7601\" data-end=\"7647\"><strong data-start=\"7601\" data-end=\"7622\">Setet inneh\u00e5ller:<\/strong><br data-start=\"7622\" data-end=\"7625\" \/>\u2022 1 x virkad r\u00e4vsnutte<\/p>\n<p data-start=\"7649\" data-end=\"7766\"><strong data-start=\"7649\" data-end=\"7686\">Den perfekta presenten till baby!<\/strong><br data-start=\"7686\" data-end=\"7689\" \/>Presentklart emballage f\u00f6r babyshower, babyregister eller f\u00f6delsedagsfirande.<\/p>\n<p data-start=\"7768\" data-end=\"8019\"><strong data-start=\"7768\" data-end=\"7783\">Sk\u00f6tselr\u00e5d:<\/strong><br data-start=\"7783\" data-end=\"7786\" \/>\u2022 F\u00f6r att f\u00f6rebygga allergiska reaktioner, anv\u00e4nd flytande och hypoallergena tv\u00e4ttmedel.<br data-start=\"7874\" data-end=\"7877\" \/>\u2022 Anv\u00e4nd tv\u00e4ttmaskinens skonsamma program och st\u00e4ll in temperaturen p\u00e5 30 \u00b0C i 30 minuter.<br data-start=\"7967\" data-end=\"7970\" \/>\u2022 Efter tv\u00e4tt, l\u00e4gg leksaken plant f\u00f6r att torka.<\/p>\n","protected":false},"excerpt":{"rendered":"<p>S\u00f6ker du efter en unik och mysig sovande v\u00e4n till ditt lilla barn? Du beh\u00f6ver inte leta l\u00e4ngre d\u00e5 denna s\u00f6ta virkade leksak \u00e4r precis vad du s\u00f6ker! Den \u00e4r perfekt f\u00f6r kramar vid l\u00e4ggdags och roligt lekande under dagen, vilket g\u00f6r den till en idealisk present f\u00f6r alla bebisar och barn, oavsett \u00e5lder.<\/p>\n","protected":false},"featured_media":46818,"comment_status":"open","ping_status":"closed","template":"","meta":[],"product_brand":[],"product_cat":[222,227],"product_tag":[],"class_list":{"0":"post-46810","1":"product","2":"type-product","3":"status-publish","4":"has-post-thumbnail","6":"product_cat-klam-och-kramleksaker","7":"product_cat-tillverkad-pa-bestallning","9":"first","10":"onbackorder","11":"taxable","12":"shipping-taxable","13":"purchasable","14":"product-type-simple"},"_links":{"self":[{"href":"https:\/\/tinyknit.eu\/sv\/wp-json\/wp\/v2\/product\/46810","targetHints":{"allow":["GET"]}}],"collection":[{"href":"https:\/\/tinyknit.eu\/sv\/wp-json\/wp\/v2\/product"}],"about":[{"href":"https:\/\/tinyknit.eu\/sv\/wp-json\/wp\/v2\/types\/product"}],"replies":[{"embeddable":true,"href":"https:\/\/tinyknit.eu\/sv\/wp-json\/wp\/v2\/comments?post=46810"}],"version-history":[{"count":1,"href":"https:\/\/tinyknit.eu\/sv\/wp-json\/wp\/v2\/product\/46810\/revisions"}],"predecessor-version":[{"id":46842,"href":"https:\/\/tinyknit.eu\/sv\/wp-json\/wp\/v2\/product\/46810\/revisions\/46842"}],"wp:featuredmedia":[{"embeddable":true,"href":"https:\/\/tinyknit.eu\/sv\/wp-json\/wp\/v2\/media\/46818"}],"wp:attachment":[{"href":"https:\/\/tinyknit.eu\/sv\/wp-json\/wp\/v2\/media?parent=46810"}],"wp:term":[{"taxonomy":"product_brand","embeddable":true,"href":"https:\/\/tinyknit.eu\/sv\/wp-json\/wp\/v2\/product_brand?post=46810"},{"taxonomy":"product_cat","embeddable":true,"href":"https:\/\/tinyknit.eu\/sv\/wp-json\/wp\/v2\/product_cat?post=46810"},{"taxonomy":"product_tag","embeddable":true,"href":"https:\/\/tinyknit.eu\/sv\/wp-json\/wp\/v2\/product_tag?post=46810"}],"curies":[{"name":"wp","href":"https:\/\/api.w.org\/{rel}","templated":true}]}}