{"id":38805,"date":"2025-12-06T13:58:59","date_gmt":"2025-12-06T13:58:59","guid":{"rendered":"https:\/\/tinyknit.eu\/?post_type=product&#038;p=38805"},"modified":"2025-12-06T14:17:53","modified_gmt":"2025-12-06T14:17:53","slug":"hogtidsdekoration-juldekoration-julstrumpa","status":"publish","type":"product","link":"https:\/\/tinyknit.eu\/sv\/product\/heminredning\/hogtidsdekoration-juldekoration-julstrumpa\/","title":{"rendered":"H\u00f6gtidsdekoration, juldekoration \u2013 Julstrumpa"},"content":{"rendered":"<p data-start=\"3628\" data-end=\"3791\">Ge ditt hem v\u00e4rme och julst\u00e4mning med v\u00e5r mysiga julstrumpa! Perfekt f\u00f6r spiselkransen, julh\u00f6rnan eller en s\u00e4songsfotografering \u2013 strumpan ger en magisk julk\u00e4nsla.<\/p>\n<p data-start=\"3793\" data-end=\"3958\">Tillverkad av h\u00f6gkvalitativa material, noggrant virkad och utformad i klassisk julstil. Den h\u00e5ller formen v\u00e4l och blir en \u00e4lskad del av din juldekoration i m\u00e5nga \u00e5r.<\/p>\n<p data-start=\"3960\" data-end=\"4163\"><strong data-start=\"3960\" data-end=\"3975\">Egenskaper:<\/strong><br data-start=\"3975\" data-end=\"3978\" \/>\u2022 Perfekt f\u00f6r sm\u00e5 g\u00e5vor och \u00f6verraskningar<br data-start=\"4020\" data-end=\"4023\" \/>\u2022 Varm och festlig f\u00e4rgpalett<br data-start=\"4052\" data-end=\"4055\" \/>\u2022 Idealisk f\u00f6r spiselkransar, v\u00e4ggar, hyllor eller barnrum<br data-start=\"4113\" data-end=\"4116\" \/>\u2022 En underbar julklapp till familj och v\u00e4nner<\/p>\n<p data-start=\"4165\" data-end=\"4340\"><strong data-start=\"4165\" data-end=\"4177\">Storlek:<\/strong> ca 40 \u00d7 15 cm (15,7\u201d \u00d7 5,9\u201d)<br data-start=\"4206\" data-end=\"4209\" \/><strong data-start=\"4209\" data-end=\"4222\">Material:<\/strong> handstickad av hypoallergen plysch- och bomullsgarn, fylld med h\u00e5lfiber. Tillverkad i ett r\u00f6kfritt och djurfritt hem.<\/p>\n<p data-start=\"4342\" data-end=\"4383\">Tillverkad i Estland, Europeiska unionen.<\/p>\n<p data-start=\"4385\" data-end=\"4437\"><strong data-start=\"4385\" data-end=\"4414\">F\u00f6rpackningen inneh\u00e5ller:<\/strong><br data-start=\"4414\" data-end=\"4417\" \/>\u2022 1\u00d7 juldekoration<\/p>\n<p data-start=\"4439\" data-end=\"4629\"><strong data-start=\"4439\" data-end=\"4454\">Sk\u00f6tselr\u00e5d:<\/strong><br data-start=\"4454\" data-end=\"4457\" \/>\u2022 Anv\u00e4nd maskinens skonsamma program, 30 \u00b0C i 30 minuter.<br data-start=\"4514\" data-end=\"4517\" \/>\u2022 Anv\u00e4nd tv\u00e4ttp\u00e5se f\u00f6r att undvika skador.<br data-start=\"4559\" data-end=\"4562\" \/>\u2022 Torka plant efter tv\u00e4tt.<br data-start=\"4588\" data-end=\"4591\" \/>\u2022 F\u00e5r ej h\u00e4ngas, vridas eller strykas.<\/p>\n","protected":false},"excerpt":{"rendered":"<p>Ge ditt hem v\u00e4rme och julst\u00e4mning med v\u00e5r mysiga julstrumpa! Perfekt f\u00f6r spiselkransen, julh\u00f6rnan eller en s\u00e4songsfotografering \u2013 strumpan ger en magisk julk\u00e4nsla.<\/p>\n","protected":false},"featured_media":38861,"comment_status":"open","ping_status":"closed","template":"","meta":[],"product_brand":[],"product_cat":[281,227],"product_tag":[],"class_list":{"0":"post-38805","1":"product","2":"type-product","3":"status-publish","4":"has-post-thumbnail","6":"product_cat-heminredning","7":"product_cat-tillverkad-pa-bestallning","9":"first","10":"onbackorder","11":"taxable","12":"shipping-taxable","13":"purchasable","14":"product-type-variable"},"_links":{"self":[{"href":"https:\/\/tinyknit.eu\/sv\/wp-json\/wp\/v2\/product\/38805","targetHints":{"allow":["GET"]}}],"collection":[{"href":"https:\/\/tinyknit.eu\/sv\/wp-json\/wp\/v2\/product"}],"about":[{"href":"https:\/\/tinyknit.eu\/sv\/wp-json\/wp\/v2\/types\/product"}],"replies":[{"embeddable":true,"href":"https:\/\/tinyknit.eu\/sv\/wp-json\/wp\/v2\/comments?post=38805"}],"version-history":[{"count":1,"href":"https:\/\/tinyknit.eu\/sv\/wp-json\/wp\/v2\/product\/38805\/revisions"}],"predecessor-version":[{"id":38893,"href":"https:\/\/tinyknit.eu\/sv\/wp-json\/wp\/v2\/product\/38805\/revisions\/38893"}],"wp:featuredmedia":[{"embeddable":true,"href":"https:\/\/tinyknit.eu\/sv\/wp-json\/wp\/v2\/media\/38861"}],"wp:attachment":[{"href":"https:\/\/tinyknit.eu\/sv\/wp-json\/wp\/v2\/media?parent=38805"}],"wp:term":[{"taxonomy":"product_brand","embeddable":true,"href":"https:\/\/tinyknit.eu\/sv\/wp-json\/wp\/v2\/product_brand?post=38805"},{"taxonomy":"product_cat","embeddable":true,"href":"https:\/\/tinyknit.eu\/sv\/wp-json\/wp\/v2\/product_cat?post=38805"},{"taxonomy":"product_tag","embeddable":true,"href":"https:\/\/tinyknit.eu\/sv\/wp-json\/wp\/v2\/product_tag?post=38805"}],"curies":[{"name":"wp","href":"https:\/\/api.w.org\/{rel}","templated":true}]}}