{"id":36606,"date":"2025-11-23T19:55:05","date_gmt":"2025-11-23T19:55:05","guid":{"rendered":"https:\/\/tinyknit.eu\/?post_type=product&#038;p=36606"},"modified":"2025-11-23T20:22:08","modified_gmt":"2025-11-23T20:22:08","slug":"virkad-gosedjur-mysigt-gosedjur-julnissar-set-om-2-st","status":"publish","type":"product","link":"https:\/\/tinyknit.eu\/sv\/product\/heminredning\/virkad-gosedjur-mysigt-gosedjur-julnissar-set-om-2-st\/","title":{"rendered":"Virkad Gosedjur, Mysigt Gosedjur \u2013 Julnissar (set om 2 st)"},"content":{"rendered":"<p data-start=\"4873\" data-end=\"5099\">Ge ditt hem en touch av mysig julmagi med dessa bed\u00e5rande handgjorda virkade tomtar! Varje tomte \u00e4r tillverkad med amigurumi-teknik av mjukt, fluffigt garn, vilket g\u00f6r dem h\u00e4rligt kramv\u00e4nliga, strukturerade och fulla av charm.<\/p>\n<p data-start=\"5101\" data-end=\"5319\"><strong>Egenskaper:<\/strong><br data-start=\"5112\" data-end=\"5115\" \/>\u2022 Helt handgjorda \u2014 virkat med k\u00e4rlek och stor noggrannhet.<br data-start=\"5174\" data-end=\"5177\" \/>\u2022 Mjukt och h\u00f6gkvalitativt garn \u2014 s\u00e4kert, h\u00e5llbart och sk\u00f6nt att r\u00f6ra vid.<br data-start=\"5251\" data-end=\"5254\" \/>\u2022 Skandinavisk julstil \u2014 perfekt f\u00f6r vinter- och juldekorationer.<\/p>\n<p data-start=\"5321\" data-end=\"5370\"><strong>Storlek:<\/strong><br data-start=\"5329\" data-end=\"5332\" \/>Liten tomte: 24 cm<br data-start=\"5350\" data-end=\"5353\" \/>Stor tomte: 30 cm<\/p>\n<p data-start=\"5372\" data-end=\"5520\"><strong>Material:<\/strong> Produkten \u00e4r handstickad av hypoallergent, fluffigt och bomullsbaserat garn. Fylld med holofiber. Tillverkad i ett r\u00f6k- och djurfritt hem.<\/p>\n<p data-start=\"5522\" data-end=\"5563\">Tillverkad i Estland, Europeiska unionen.<\/p>\n<p data-start=\"5565\" data-end=\"5613\"><strong>Setet inneh\u00e5ller:<\/strong><br data-start=\"5582\" data-end=\"5585\" \/>\u2022 1\u00d7 Jultomtar (set om 2 st)<\/p>\n<p data-start=\"5615\" data-end=\"5905\"><strong>Perfekt f\u00f6r:<\/strong><br data-start=\"5627\" data-end=\"5630\" \/>\u2022 Att dekorera vardagsrum, hylla, mantel, barnrum eller kontor.<br data-start=\"5693\" data-end=\"5696\" \/>\u2022 Att skapa en varm och festlig atmosf\u00e4r.<br data-start=\"5737\" data-end=\"5740\" \/>\u2022 Julklappar till familj, v\u00e4nner eller kollegor.<br data-start=\"5788\" data-end=\"5791\" \/>\u2022 Samlare av handgjorda eller skandinaviska dekorationer.<br data-start=\"5848\" data-end=\"5851\" \/>V\u00e5ra leksaker tillverkas i ett r\u00f6k- och djurfritt hem.<\/p>\n<p data-start=\"5907\" data-end=\"6254\"><strong>Sk\u00f6tselr\u00e5d:<\/strong><br data-start=\"5918\" data-end=\"5921\" \/>F\u00f6r barns s\u00e4kerhet behandlar vi inte v\u00e5ra leksaker med kemikalier f\u00f6re leverans. Du kan tv\u00e4tta dem med ett l\u00e4mpligt tv\u00e4ttmedel. \u00c5ngbehandling g\u00e5r ocks\u00e5 bra utan kemikalier.<br data-start=\"6093\" data-end=\"6096\" \/>\u2022 Anv\u00e4nd flytande och hypoallergena tv\u00e4ttmedel.<br data-start=\"6143\" data-end=\"6146\" \/>\u2022 Skonsamt tv\u00e4ttprogram 30\u00b0C i 30 minuter.<br data-start=\"6188\" data-end=\"6191\" \/>\u2022 Anv\u00e4nd tv\u00e4ttp\u00e5se f\u00f6r att undvika skador.<br data-start=\"6233\" data-end=\"6236\" \/>\u2022 L\u00e5t torka plant.<\/p>\n","protected":false},"excerpt":{"rendered":"<p>Ge ditt hem en touch av mysig julmagi med dessa bed\u00e5rande handgjorda virkade tomtar! Varje tomte \u00e4r tillverkad med amigurumi-teknik av mjukt, fluffigt garn, vilket g\u00f6r dem h\u00e4rligt kramv\u00e4nliga, strukturerade och fulla av charm.<\/p>\n<p><iframe title=\"YouTube video player\" src=\"https:\/\/www.youtube.com\/embed\/kdKQTc8hWAE?si=tR1h8f48rPcVOMxP\" width=\"560\" height=\"315\" frameborder=\"0\" allowfullscreen=\"allowfullscreen\"><\/iframe><\/p>\n","protected":false},"featured_media":36627,"comment_status":"open","ping_status":"closed","template":"","meta":[],"product_brand":[],"product_cat":[281,221,227],"product_tag":[],"class_list":{"0":"post-36606","1":"product","2":"type-product","3":"status-publish","4":"has-post-thumbnail","6":"product_cat-heminredning","7":"product_cat-kramdjur","8":"product_cat-tillverkad-pa-bestallning","10":"first","11":"onbackorder","12":"taxable","13":"shipping-taxable","14":"purchasable","15":"product-type-variable"},"_links":{"self":[{"href":"https:\/\/tinyknit.eu\/sv\/wp-json\/wp\/v2\/product\/36606","targetHints":{"allow":["GET"]}}],"collection":[{"href":"https:\/\/tinyknit.eu\/sv\/wp-json\/wp\/v2\/product"}],"about":[{"href":"https:\/\/tinyknit.eu\/sv\/wp-json\/wp\/v2\/types\/product"}],"replies":[{"embeddable":true,"href":"https:\/\/tinyknit.eu\/sv\/wp-json\/wp\/v2\/comments?post=36606"}],"version-history":[{"count":1,"href":"https:\/\/tinyknit.eu\/sv\/wp-json\/wp\/v2\/product\/36606\/revisions"}],"predecessor-version":[{"id":36756,"href":"https:\/\/tinyknit.eu\/sv\/wp-json\/wp\/v2\/product\/36606\/revisions\/36756"}],"wp:featuredmedia":[{"embeddable":true,"href":"https:\/\/tinyknit.eu\/sv\/wp-json\/wp\/v2\/media\/36627"}],"wp:attachment":[{"href":"https:\/\/tinyknit.eu\/sv\/wp-json\/wp\/v2\/media?parent=36606"}],"wp:term":[{"taxonomy":"product_brand","embeddable":true,"href":"https:\/\/tinyknit.eu\/sv\/wp-json\/wp\/v2\/product_brand?post=36606"},{"taxonomy":"product_cat","embeddable":true,"href":"https:\/\/tinyknit.eu\/sv\/wp-json\/wp\/v2\/product_cat?post=36606"},{"taxonomy":"product_tag","embeddable":true,"href":"https:\/\/tinyknit.eu\/sv\/wp-json\/wp\/v2\/product_tag?post=36606"}],"curies":[{"name":"wp","href":"https:\/\/api.w.org\/{rel}","templated":true}]}}