{"id":34431,"date":"2025-10-26T19:40:19","date_gmt":"2025-10-26T19:40:19","guid":{"rendered":"https:\/\/tinyknit.eu\/?post_type=product&#038;p=34431"},"modified":"2026-05-03T17:17:11","modified_gmt":"2026-05-03T17:17:11","slug":"plysch-sovande-leksak-snuttefilt-hedwig-uggla","status":"publish","type":"product","link":"https:\/\/tinyknit.eu\/sv\/product\/klam-och-kramleksaker\/plysch-sovande-leksak-snuttefilt-hedwig-uggla\/","title":{"rendered":"Plysch sovande leksak, Snuttefilt \u2013 Hedwig (Uggla)"},"content":{"rendered":"<p data-start=\"138\" data-end=\"405\">Letar du efter en unik och mysig sovkompis till ditt barn? Du beh\u00f6ver inte leta l\u00e4ngre \u2013 den h\u00e4r s\u00f6ta virkade leksaken \u00e4r precis r\u00e4tt! Den \u00e4r perfekt f\u00f6r gos vid l\u00e4ggdags och rolig lek under dagen, vilket g\u00f6r den till en idealisk present f\u00f6r alla barn, oavsett \u00e5lder.<\/p>\n<p data-start=\"407\" data-end=\"1023\"><strong data-start=\"407\" data-end=\"422\">Egenskaper:<\/strong><br data-start=\"422\" data-end=\"425\" \/>\u2022 <strong data-start=\"427\" data-end=\"455\">Kontakt med f\u00f6r\u00e4ldrarna.<\/strong> F\u00f6rm\u00e5ga att beh\u00e5lla mammas eller pappas doft. Placera leksaken bredvid barnet under matning eller gungning, s\u00e5 absorberar den din doft. P\u00e5 s\u00e5 s\u00e4tt k\u00e4nner barnet alltid din n\u00e4rhet, \u00e4ven n\u00e4r du inte \u00e4r d\u00e4r.<br data-start=\"660\" data-end=\"663\" \/>\u2022 <strong data-start=\"665\" data-end=\"681\">Utforskning.<\/strong> Den virkade Hedwig-leksaken erbjuder en rik taktil upplevelse som f\u00e5ngar barnets intresse och hj\u00e4lper dem att utforska v\u00e4rlden omkring sig.<br data-start=\"821\" data-end=\"824\" \/>\u2022 <strong data-start=\"826\" data-end=\"843\">Skapa minnen.<\/strong> V\u00e5ra leksaker kan anv\u00e4ndas som rekvisita f\u00f6r nyf\u00f6ddfotografering.<br data-start=\"909\" data-end=\"912\" \/>\u2022 <strong data-start=\"914\" data-end=\"934\">Lugnande effekt.<\/strong> Den virkade Hedwig-gosleksaken skapar trygghet och komfort f\u00f6r barnet b\u00e5de dag och natt.<\/p>\n<p data-start=\"1025\" data-end=\"1205\"><strong data-start=\"1025\" data-end=\"1041\">Perfekt f\u00f6r:<\/strong><br data-start=\"1041\" data-end=\"1044\" \/>\u2022 En underbar present till babyshower, dop, f\u00f6delsedag, jul eller andra tillf\u00e4llen.<br data-start=\"1127\" data-end=\"1130\" \/>\u2022 Unika leksaker som \u00e4ven kan vara en charmig del av barnrummets inredning.<\/p>\n<p data-start=\"1207\" data-end=\"1396\"><strong data-start=\"1207\" data-end=\"1224\">Full storlek:<\/strong> ca 35 cm (13,7\u201d)<br data-start=\"1241\" data-end=\"1244\" \/><strong data-start=\"1244\" data-end=\"1253\">Garn:<\/strong> 100 % mikropolyester (Oeko-Tex 100 Standard) och 100 % polyester fuskp\u00e4ls. Hypoallergen, mjuk och s\u00e4ker f\u00f6r barn.<br data-start=\"1367\" data-end=\"1370\" \/><strong data-start=\"1370\" data-end=\"1383\">Fyllning:<\/strong> Holofiber.<\/p>\n<p data-start=\"1398\" data-end=\"1484\">Tillverkad i ett r\u00f6k- och djurfritt hem.<br data-start=\"1438\" data-end=\"1441\" \/>Tillverkad i Estland, Europeiska unionen.<\/p>\n<p data-start=\"1486\" data-end=\"1521\">Finns i tre stilar \u2013 se bilderna.<\/p>\n<p data-start=\"1523\" data-end=\"1712\"><strong data-start=\"1523\" data-end=\"1534\">Stil #1<\/strong> \u2013 Kallgr\u00e5 kropp med matchande kallgr\u00e5 halsduk<br data-start=\"1580\" data-end=\"1583\" \/><strong data-start=\"1583\" data-end=\"1594\">Stil #2<\/strong> \u2013 Vit kropp, kallgr\u00e5 n\u00e4bb och ben, f\u00e4rgglad halsduk<br data-start=\"1646\" data-end=\"1649\" \/><strong data-start=\"1649\" data-end=\"1660\">Stil #3<\/strong> \u2013 Vit kropp, bruna n\u00e4bb och ben, f\u00e4rgglad halsduk<\/p>\n<p data-start=\"1714\" data-end=\"1773\"><strong data-start=\"1714\" data-end=\"1735\">Setet inneh\u00e5ller:<\/strong><br data-start=\"1735\" data-end=\"1738\" \/>\u2022 1x Virkad lurvig Hedwig-snuttis<\/p>\n<p data-start=\"1775\" data-end=\"1881\"><strong data-start=\"1775\" data-end=\"1815\">Den perfekta presenten till en baby!<\/strong><br data-start=\"1815\" data-end=\"1818\" \/>Presentf\u00f6rpackning redo f\u00f6r babyshower, dop eller f\u00f6delsedag.<\/p>\n<p data-start=\"1883\" data-end=\"2057\"><strong data-start=\"1883\" data-end=\"1898\">Sk\u00f6tselr\u00e5d:<\/strong><br data-start=\"1898\" data-end=\"1901\" \/>\u2022 Anv\u00e4nd flytande och hypoallergena tv\u00e4ttmedel.<br data-start=\"1948\" data-end=\"1951\" \/>\u2022 Anv\u00e4nd maskinens skonsamma program vid 30 grader i 30 minuter.<br data-start=\"2015\" data-end=\"2018\" \/>\u2022 L\u00e5t leksaken torka plant efter tv\u00e4tt.<\/p>\n","protected":false},"excerpt":{"rendered":"<p>S\u00f6ker du efter en unik och mysig sovande v\u00e4n till ditt lilla barn? Du beh\u00f6ver inte leta l\u00e4ngre d\u00e5 denna s\u00f6ta virkade leksak \u00e4r precis vad du s\u00f6ker! Den \u00e4r perfekt f\u00f6r kramar vid l\u00e4ggdags och roligt lekande under dagen, vilket g\u00f6r den till en idealisk present f\u00f6r alla bebisar och barn, oavsett \u00e5lder.<\/p>\n<p><iframe title=\"YouTube video player\" src=\"https:\/\/www.youtube.com\/embed\/6J_-fvB8jiU?si=Fe8wKpvAN9gsrWAX\" width=\"560\" height=\"315\" frameborder=\"0\" allowfullscreen=\"allowfullscreen\"><\/iframe><\/p>\n","protected":false},"featured_media":34439,"comment_status":"open","ping_status":"closed","template":"","meta":[],"product_brand":[],"product_cat":[222,227],"product_tag":[],"class_list":{"0":"post-34431","1":"product","2":"type-product","3":"status-publish","4":"has-post-thumbnail","6":"product_cat-klam-och-kramleksaker","7":"product_cat-tillverkad-pa-bestallning","9":"first","10":"onbackorder","11":"taxable","12":"shipping-taxable","13":"purchasable","14":"product-type-variable"},"_links":{"self":[{"href":"https:\/\/tinyknit.eu\/sv\/wp-json\/wp\/v2\/product\/34431","targetHints":{"allow":["GET"]}}],"collection":[{"href":"https:\/\/tinyknit.eu\/sv\/wp-json\/wp\/v2\/product"}],"about":[{"href":"https:\/\/tinyknit.eu\/sv\/wp-json\/wp\/v2\/types\/product"}],"replies":[{"embeddable":true,"href":"https:\/\/tinyknit.eu\/sv\/wp-json\/wp\/v2\/comments?post=34431"}],"version-history":[{"count":1,"href":"https:\/\/tinyknit.eu\/sv\/wp-json\/wp\/v2\/product\/34431\/revisions"}],"predecessor-version":[{"id":34562,"href":"https:\/\/tinyknit.eu\/sv\/wp-json\/wp\/v2\/product\/34431\/revisions\/34562"}],"wp:featuredmedia":[{"embeddable":true,"href":"https:\/\/tinyknit.eu\/sv\/wp-json\/wp\/v2\/media\/34439"}],"wp:attachment":[{"href":"https:\/\/tinyknit.eu\/sv\/wp-json\/wp\/v2\/media?parent=34431"}],"wp:term":[{"taxonomy":"product_brand","embeddable":true,"href":"https:\/\/tinyknit.eu\/sv\/wp-json\/wp\/v2\/product_brand?post=34431"},{"taxonomy":"product_cat","embeddable":true,"href":"https:\/\/tinyknit.eu\/sv\/wp-json\/wp\/v2\/product_cat?post=34431"},{"taxonomy":"product_tag","embeddable":true,"href":"https:\/\/tinyknit.eu\/sv\/wp-json\/wp\/v2\/product_tag?post=34431"}],"curies":[{"name":"wp","href":"https:\/\/api.w.org\/{rel}","templated":true}]}}