{"id":27554,"date":"2025-04-05T19:37:46","date_gmt":"2025-04-05T19:37:46","guid":{"rendered":"https:\/\/tinyknit.eu\/?post_type=product&#038;p=27554"},"modified":"2025-04-05T19:44:14","modified_gmt":"2025-04-05T19:44:14","slug":"set-med-3-muslindbomullsnasdukar","status":"publish","type":"product","link":"https:\/\/tinyknit.eu\/sv\/product\/nasdukar-i-muslindbomull\/set-med-3-muslindbomullsnasdukar\/","title":{"rendered":"Set med 3 muslindbomullsn\u00e4sdukar"},"content":{"rendered":"<p class=\"\" data-start=\"2892\" data-end=\"3096\">V\u00e5r muslindbomullsn\u00e4sduk \u00e4r skonsam mot bebisens hud. Den har en fin textur och h\u00f6g kvalitet, tillverkad av 100 % bomullsmuslin. Gasn\u00e4sdukar anv\u00e4nds ofta f\u00f6r nyf\u00f6dda, t.ex. f\u00f6r att torka dregel och svett.<\/p>\n<p class=\"\" data-start=\"3098\" data-end=\"3297\"><strong data-start=\"3098\" data-end=\"3113\">Egenskaper:<\/strong><br data-start=\"3113\" data-end=\"3116\" \/>\u2022 Naturligt antibakteriell<br data-start=\"3142\" data-end=\"3145\" \/>\u2022 Ultra-mjuk och andningsbar<br data-start=\"3173\" data-end=\"3176\" \/>\u2022 Mycket absorberande \u2013 drar bort fukt fr\u00e5n huden<br data-start=\"3225\" data-end=\"3228\" \/>\u2022 S\u00e4ker f\u00f6r barn att stoppa i munnen<br data-start=\"3264\" data-end=\"3267\" \/>\u2022 Blir mjukare f\u00f6r varje tv\u00e4tt<\/p>\n<p class=\"\" data-start=\"3299\" data-end=\"3352\"><strong data-start=\"3299\" data-end=\"3311\">Storlek:<\/strong> ~27 x 27 cm<br data-start=\"3323\" data-end=\"3326\" \/><strong data-start=\"3326\" data-end=\"3339\">Material:<\/strong> 100 % bomull<\/p>\n<p class=\"\" data-start=\"3354\" data-end=\"3405\"><strong data-start=\"3354\" data-end=\"3375\">Setet inneh\u00e5ller:<\/strong><br data-start=\"3375\" data-end=\"3378\" \/>\u2022 3x Muslindbomullsn\u00e4sdukar<\/p>\n","protected":false},"excerpt":{"rendered":"<p>V\u00e5r muslindbomullsn\u00e4sduk \u00e4r skonsam mot bebisens hud. Den har en fin textur och h\u00f6g kvalitet, tillverkad av 100 % bomullsmuslin. Gasn\u00e4sdukar anv\u00e4nds ofta f\u00f6r nyf\u00f6dda, t.ex. f\u00f6r att torka dregel och svett.<\/p>\n","protected":false},"featured_media":27540,"comment_status":"open","ping_status":"closed","template":"","meta":[],"product_brand":[],"product_cat":[659],"product_tag":[],"class_list":{"0":"post-27554","1":"product","2":"type-product","3":"status-publish","4":"has-post-thumbnail","6":"product_cat-nasdukar-i-muslindbomull","8":"first","9":"outofstock","10":"taxable","11":"shipping-taxable","12":"purchasable","13":"product-type-simple"},"_links":{"self":[{"href":"https:\/\/tinyknit.eu\/sv\/wp-json\/wp\/v2\/product\/27554","targetHints":{"allow":["GET"]}}],"collection":[{"href":"https:\/\/tinyknit.eu\/sv\/wp-json\/wp\/v2\/product"}],"about":[{"href":"https:\/\/tinyknit.eu\/sv\/wp-json\/wp\/v2\/types\/product"}],"replies":[{"embeddable":true,"href":"https:\/\/tinyknit.eu\/sv\/wp-json\/wp\/v2\/comments?post=27554"}],"version-history":[{"count":1,"href":"https:\/\/tinyknit.eu\/sv\/wp-json\/wp\/v2\/product\/27554\/revisions"}],"predecessor-version":[{"id":27555,"href":"https:\/\/tinyknit.eu\/sv\/wp-json\/wp\/v2\/product\/27554\/revisions\/27555"}],"wp:featuredmedia":[{"embeddable":true,"href":"https:\/\/tinyknit.eu\/sv\/wp-json\/wp\/v2\/media\/27540"}],"wp:attachment":[{"href":"https:\/\/tinyknit.eu\/sv\/wp-json\/wp\/v2\/media?parent=27554"}],"wp:term":[{"taxonomy":"product_brand","embeddable":true,"href":"https:\/\/tinyknit.eu\/sv\/wp-json\/wp\/v2\/product_brand?post=27554"},{"taxonomy":"product_cat","embeddable":true,"href":"https:\/\/tinyknit.eu\/sv\/wp-json\/wp\/v2\/product_cat?post=27554"},{"taxonomy":"product_tag","embeddable":true,"href":"https:\/\/tinyknit.eu\/sv\/wp-json\/wp\/v2\/product_tag?post=27554"}],"curies":[{"name":"wp","href":"https:\/\/api.w.org\/{rel}","templated":true}]}}