{"id":27100,"date":"2025-03-12T17:08:43","date_gmt":"2025-03-12T17:08:43","guid":{"rendered":"https:\/\/tinyknit.eu\/?post_type=product&#038;p=27100"},"modified":"2025-04-05T18:56:40","modified_gmt":"2025-04-05T18:56:40","slug":"plysch-sovande-leksak-snuttefilt-hare-5","status":"publish","type":"product","link":"https:\/\/tinyknit.eu\/sv\/product\/klam-och-kramleksaker\/plysch-sovande-leksak-snuttefilt-hare-5\/","title":{"rendered":"Plysch sovande leksak, Snuttefilt \u2013 Hare"},"content":{"rendered":"<p data-start=\"20\" data-end=\"304\">S\u00f6ker du en unik och mysig sovkompis till ditt barn? D\u00e5 beh\u00f6ver du inte leta l\u00e4ngre \u2013 denna s\u00f6ta virkade leksak \u00e4r precis vad du beh\u00f6ver! Perfekt f\u00f6r mysstunder vid l\u00e4ggdags och rolig lek under dagen, vilket g\u00f6r den till en idealisk present f\u00f6r alla bebisar och barn, oavsett \u00e5lder.<\/p>\n<p data-start=\"306\" data-end=\"982\"><strong data-start=\"306\" data-end=\"321\">Egenskaper:<\/strong><br data-start=\"321\" data-end=\"324\" \/>\u2022 <strong data-start=\"326\" data-end=\"354\">Kontakt med f\u00f6r\u00e4ldrarna.<\/strong> Leksaken kan absorbera mammas eller pappas doft. L\u00e4gg den bredvid ditt barn under matning eller vaggning, s\u00e5 beh\u00e5ller den din doft. P\u00e5 s\u00e5 s\u00e4tt kommer barnet alltid att k\u00e4nna din n\u00e4rhet, \u00e4ven n\u00e4r du inte \u00e4r d\u00e4r.<br data-start=\"565\" data-end=\"568\" \/>\u2022 <strong data-start=\"570\" data-end=\"586\">Uppt\u00e4ckande.<\/strong> Den virkade kattunge-leksaken erbjuder en rik taktil upplevelse som f\u00e5ngar barnets intresse och hj\u00e4lper dem att utforska v\u00e4rlden omkring sig.<br data-start=\"728\" data-end=\"731\" \/>\u2022 <strong data-start=\"733\" data-end=\"756\">Skapar fina minnen.<\/strong> V\u00e5ra leksaker kan anv\u00e4ndas som rekvisita vid nyf\u00f6ddfotografering.<br data-start=\"822\" data-end=\"825\" \/>\u2022 <strong data-start=\"827\" data-end=\"847\">Lugnande effekt.<\/strong> Den virkade kattunge-snuttisen ger barnet trygghet och komfort b\u00e5de dag och natt.<br data-start=\"929\" data-end=\"932\" \/>\u2022 <strong data-start=\"934\" data-end=\"980\">Setet inneh\u00e5ller tv\u00e5 par avtagbara vingar.<\/strong><\/p>\n<p data-start=\"984\" data-end=\"1162\"><strong data-start=\"984\" data-end=\"1000\">Perfekt f\u00f6r:<\/strong><br data-start=\"1000\" data-end=\"1003\" \/>\u2022 Babyshower, \u00f6nskelistor, f\u00f6delsedagar, jul eller andra speciella tillf\u00e4llen.<br data-start=\"1081\" data-end=\"1084\" \/>\u2022 En unik leksak som \u00e4ven kan vara en charmig inredningsdetalj i barnrummet.<\/p>\n<p data-start=\"1164\" data-end=\"1347\"><strong data-start=\"1164\" data-end=\"1176\">Storlek:<\/strong> ca 33 cm (12,9\u201d)<br data-start=\"1193\" data-end=\"1196\" \/><strong data-start=\"1196\" data-end=\"1205\">Garn:<\/strong> 100 % mikropolyester (Oeko-Tex 100 Standard) och 100 % polyesterfuskp\u00e4ls. Hypoallergen, mjuk och s\u00e4ker f\u00f6r barn.<br data-start=\"1318\" data-end=\"1321\" \/><strong data-start=\"1321\" data-end=\"1334\">Fyllning:<\/strong> Holofiber.<\/p>\n<p data-start=\"1349\" data-end=\"1449\">V\u00e5ra leksaker tillverkas i ett r\u00f6k- och djurfritt hem.<br data-start=\"1403\" data-end=\"1406\" \/>Tillverkad i Estland, Europeiska unionen.<\/p>\n<p data-start=\"1451\" data-end=\"1512\"><strong data-start=\"1451\" data-end=\"1472\">Setet inneh\u00e5ller:<\/strong><br data-start=\"1472\" data-end=\"1475\" \/>\u2022 1x Virkad lurvig kattunge-snuttis<\/p>\n<p data-start=\"1514\" data-end=\"1627\"><strong data-start=\"1514\" data-end=\"1555\">Den perfekta presenten till en bebis!<\/strong><br data-start=\"1555\" data-end=\"1558\" \/>Levereras f\u00e4rdigpackad f\u00f6r babyshower, \u00f6nskelista eller f\u00f6delsedag.<\/p>\n<p data-start=\"1629\" data-end=\"1832\"><strong data-start=\"1629\" data-end=\"1644\">Sk\u00f6tselr\u00e5d:<\/strong><br data-start=\"1644\" data-end=\"1647\" \/>\u2022 Anv\u00e4nd flytande och hypoallergena tv\u00e4ttmedel f\u00f6r att undvika allergiska reaktioner.<br data-start=\"1732\" data-end=\"1735\" \/>\u2022 Tv\u00e4tta i skonsamt tv\u00e4ttprogram vid 30\u00b0C i 30 minuter.<br data-start=\"1790\" data-end=\"1793\" \/>\u2022 L\u00e5t leksaken plantorka efter tv\u00e4tt.<\/p>\n","protected":false},"excerpt":{"rendered":"<p>S\u00f6ker du efter en unik och mysig sovande v\u00e4n till ditt lilla barn? Du beh\u00f6ver inte leta l\u00e4ngre d\u00e5 denna s\u00f6ta virkade leksak \u00e4r precis vad du s\u00f6ker! Den \u00e4r perfekt f\u00f6r kramar vid l\u00e4ggdags och roligt lekande under dagen, vilket g\u00f6r den till en idealisk present f\u00f6r alla bebisar och barn, oavsett \u00e5lder.<\/p>\n","protected":false},"featured_media":27173,"comment_status":"open","ping_status":"closed","template":"","meta":[],"product_brand":[],"product_cat":[222,227],"product_tag":[],"class_list":{"0":"post-27100","1":"product","2":"type-product","3":"status-publish","4":"has-post-thumbnail","6":"product_cat-klam-och-kramleksaker","7":"product_cat-tillverkad-pa-bestallning","9":"first","10":"onbackorder","11":"taxable","12":"shipping-taxable","13":"purchasable","14":"product-type-variable"},"_links":{"self":[{"href":"https:\/\/tinyknit.eu\/sv\/wp-json\/wp\/v2\/product\/27100","targetHints":{"allow":["GET"]}}],"collection":[{"href":"https:\/\/tinyknit.eu\/sv\/wp-json\/wp\/v2\/product"}],"about":[{"href":"https:\/\/tinyknit.eu\/sv\/wp-json\/wp\/v2\/types\/product"}],"replies":[{"embeddable":true,"href":"https:\/\/tinyknit.eu\/sv\/wp-json\/wp\/v2\/comments?post=27100"}],"version-history":[{"count":2,"href":"https:\/\/tinyknit.eu\/sv\/wp-json\/wp\/v2\/product\/27100\/revisions"}],"predecessor-version":[{"id":27349,"href":"https:\/\/tinyknit.eu\/sv\/wp-json\/wp\/v2\/product\/27100\/revisions\/27349"}],"wp:featuredmedia":[{"embeddable":true,"href":"https:\/\/tinyknit.eu\/sv\/wp-json\/wp\/v2\/media\/27173"}],"wp:attachment":[{"href":"https:\/\/tinyknit.eu\/sv\/wp-json\/wp\/v2\/media?parent=27100"}],"wp:term":[{"taxonomy":"product_brand","embeddable":true,"href":"https:\/\/tinyknit.eu\/sv\/wp-json\/wp\/v2\/product_brand?post=27100"},{"taxonomy":"product_cat","embeddable":true,"href":"https:\/\/tinyknit.eu\/sv\/wp-json\/wp\/v2\/product_cat?post=27100"},{"taxonomy":"product_tag","embeddable":true,"href":"https:\/\/tinyknit.eu\/sv\/wp-json\/wp\/v2\/product_tag?post=27100"}],"curies":[{"name":"wp","href":"https:\/\/api.w.org\/{rel}","templated":true}]}}