{"id":26951,"date":"2025-03-01T20:01:34","date_gmt":"2025-03-01T20:01:34","guid":{"rendered":"https:\/\/tinyknit.eu\/?post_type=product&#038;p=26951"},"modified":"2025-03-01T20:05:19","modified_gmt":"2025-03-01T20:05:19","slug":"hangande-virkad-vaggdekoration-for-barnrum-lejon","status":"publish","type":"product","link":"https:\/\/tinyknit.eu\/sv\/product\/fardig-att-skeppas\/hangande-virkad-vaggdekoration-for-barnrum-lejon\/","title":{"rendered":"H\u00e4ngande virkad v\u00e4ggdekoration f\u00f6r barnrum \u2013 Lejon"},"content":{"rendered":"<p data-start=\"3689\" data-end=\"3966\">Att dekorera ett barnrum \u00e4r en mycket ansvarsfull och viktig uppgift som alla f\u00f6r\u00e4ldrar \u00e4gnar s\u00e4rskild uppm\u00e4rksamhet \u00e5t. V\u00e5r v\u00e4ggdekoration \u00e4r ett underbart dekorativt element som g\u00f6r ditt barns rum mer personligt och f\u00e4rgglatt. Dekorationen kan h\u00e4ngas p\u00e5 en d\u00f6rr eller v\u00e4gg.<\/p>\n<p data-start=\"3968\" data-end=\"4049\">L\u00e4gg till en handgjord touch i ditt barns rum med denna virkade v\u00e4ggdekoration!<\/p>\n<p data-start=\"4051\" data-end=\"4138\"><strong data-start=\"4051\" data-end=\"4063\">Storlek:<\/strong> ca 40 x 33 cm<br data-start=\"4077\" data-end=\"4080\" \/><strong data-start=\"4080\" data-end=\"4093\">Material:<\/strong> 55 % bomull, 45 % akryl och en boktr\u00e4stav.<\/p>\n<p data-start=\"4140\" data-end=\"4213\"><strong data-start=\"4140\" data-end=\"4161\">Setet inneh\u00e5ller:<\/strong><br data-start=\"4161\" data-end=\"4164\" \/>\u2022 1x H\u00e4ngande virkad v\u00e4ggdekoration f\u00f6r barnrum<\/p>\n<p data-start=\"4215\" data-end=\"4301\"><strong data-start=\"4215\" data-end=\"4230\">Sk\u00f6tselr\u00e5d:<\/strong> Handtv\u00e4tt vid 30\u00b0C med babytv\u00e5l. Lufttorka. Anv\u00e4nd inte torktumlare.<\/p>\n","protected":false},"excerpt":{"rendered":"<p>Att dekorera ett barnrum \u00e4r en mycket ansvarsfull och viktig uppgift som alla f\u00f6r\u00e4ldrar \u00e4gnar s\u00e4rskild uppm\u00e4rksamhet \u00e5t. V\u00e5r v\u00e4ggdekoration \u00e4r ett underbart dekorativt element som g\u00f6r ditt barns rum mer personligt och f\u00e4rgglatt. Dekorationen kan h\u00e4ngas p\u00e5 en d\u00f6rr eller v\u00e4gg.<\/p>\n","protected":false},"featured_media":26965,"comment_status":"open","ping_status":"closed","template":"","meta":[],"product_brand":[],"product_cat":[228,561],"product_tag":[],"class_list":{"0":"post-26951","1":"product","2":"type-product","3":"status-publish","4":"has-post-thumbnail","6":"product_cat-fardig-att-skeppas","7":"product_cat-inredning-for-barnkammare","9":"first","10":"instock","11":"taxable","12":"shipping-taxable","13":"purchasable","14":"product-type-simple"},"_links":{"self":[{"href":"https:\/\/tinyknit.eu\/sv\/wp-json\/wp\/v2\/product\/26951","targetHints":{"allow":["GET"]}}],"collection":[{"href":"https:\/\/tinyknit.eu\/sv\/wp-json\/wp\/v2\/product"}],"about":[{"href":"https:\/\/tinyknit.eu\/sv\/wp-json\/wp\/v2\/types\/product"}],"replies":[{"embeddable":true,"href":"https:\/\/tinyknit.eu\/sv\/wp-json\/wp\/v2\/comments?post=26951"}],"version-history":[{"count":1,"href":"https:\/\/tinyknit.eu\/sv\/wp-json\/wp\/v2\/product\/26951\/revisions"}],"predecessor-version":[{"id":26972,"href":"https:\/\/tinyknit.eu\/sv\/wp-json\/wp\/v2\/product\/26951\/revisions\/26972"}],"wp:featuredmedia":[{"embeddable":true,"href":"https:\/\/tinyknit.eu\/sv\/wp-json\/wp\/v2\/media\/26965"}],"wp:attachment":[{"href":"https:\/\/tinyknit.eu\/sv\/wp-json\/wp\/v2\/media?parent=26951"}],"wp:term":[{"taxonomy":"product_brand","embeddable":true,"href":"https:\/\/tinyknit.eu\/sv\/wp-json\/wp\/v2\/product_brand?post=26951"},{"taxonomy":"product_cat","embeddable":true,"href":"https:\/\/tinyknit.eu\/sv\/wp-json\/wp\/v2\/product_cat?post=26951"},{"taxonomy":"product_tag","embeddable":true,"href":"https:\/\/tinyknit.eu\/sv\/wp-json\/wp\/v2\/product_tag?post=26951"}],"curies":[{"name":"wp","href":"https:\/\/api.w.org\/{rel}","templated":true}]}}