{"id":25839,"date":"2025-02-16T17:46:11","date_gmt":"2025-02-16T17:46:11","guid":{"rendered":"https:\/\/tinyknit.eu\/?post_type=product&#038;p=25839"},"modified":"2025-02-16T17:52:47","modified_gmt":"2025-02-16T17:52:47","slug":"snuttefilt-kanin-38","status":"publish","type":"product","link":"https:\/\/tinyknit.eu\/sv\/product\/fardig-att-skeppas\/snuttefilt-kanin-38\/","title":{"rendered":"Snuttefilt \u2013 Kanin"},"content":{"rendered":"<p><strong>V\u00e5r snuttefilt<\/strong> anv\u00e4nds f\u00f6r att hj\u00e4lpa bebisen att somna. Den \u00e4r platt vilket g\u00f6r den l\u00e4tt och enkel f\u00f6r de sm\u00e5 att gosa med. F\u00f6r\u00e4ldrar anv\u00e4nder ofta snuttefiltar f\u00f6r att avvika fr\u00e5n att sova tillsammans i samma s\u00e4ng. Att ha sin mammas doft hj\u00e4lper verkligen till att h\u00e5lla dem lugna.<\/p>\n<p>Tillverkad av premium bomull p\u00e5 ena sidan och plyschtyg p\u00e5 den andra, dess tv\u00e5materialtextur hj\u00e4lper barn att utveckla k\u00e4nseln.<\/p>\n<p><strong>Passar fr\u00e5n f\u00f6dseln.<\/strong><br \/>\n<strong>Storlek:<\/strong> ca. 25 x 25 cm<\/p>\n<p><strong>Setet inneh\u00e5ller:<\/strong><br \/>\n\u2022 1x Snuttefilt<\/p>\n<p><strong>Sk\u00f6tselr\u00e5d:<\/strong> Handtv\u00e4ttas vid 30\u00b0C med barn tv\u00e5l. H\u00e4ngtorka. Ej torktumla.<\/p>\n","protected":false},"excerpt":{"rendered":"<p>V\u00e5r snuttefilt anv\u00e4nds f\u00f6r att hj\u00e4lpa bebisen att somna. Den \u00e4r platt vilket g\u00f6r den l\u00e4tt och enkel f\u00f6r de sm\u00e5 att gosa med. F\u00f6r\u00e4ldrar anv\u00e4nder ofta snuttefiltar f\u00f6r att avvika fr\u00e5n att sova tillsammans i samma s\u00e4ng. Att ha sin mammas doft hj\u00e4lper verkligen till att h\u00e5lla dem lugna.<\/p>\n","protected":false},"featured_media":25848,"comment_status":"open","ping_status":"closed","template":"","meta":[],"product_brand":[],"product_cat":[228,321],"product_tag":[],"class_list":{"0":"post-25839","1":"product","2":"type-product","3":"status-publish","4":"has-post-thumbnail","6":"product_cat-fardig-att-skeppas","7":"product_cat-snuttefiltar","9":"first","10":"instock","11":"sale","12":"taxable","13":"shipping-taxable","14":"purchasable","15":"product-type-simple"},"_links":{"self":[{"href":"https:\/\/tinyknit.eu\/sv\/wp-json\/wp\/v2\/product\/25839","targetHints":{"allow":["GET"]}}],"collection":[{"href":"https:\/\/tinyknit.eu\/sv\/wp-json\/wp\/v2\/product"}],"about":[{"href":"https:\/\/tinyknit.eu\/sv\/wp-json\/wp\/v2\/types\/product"}],"replies":[{"embeddable":true,"href":"https:\/\/tinyknit.eu\/sv\/wp-json\/wp\/v2\/comments?post=25839"}],"version-history":[{"count":1,"href":"https:\/\/tinyknit.eu\/sv\/wp-json\/wp\/v2\/product\/25839\/revisions"}],"predecessor-version":[{"id":25869,"href":"https:\/\/tinyknit.eu\/sv\/wp-json\/wp\/v2\/product\/25839\/revisions\/25869"}],"wp:featuredmedia":[{"embeddable":true,"href":"https:\/\/tinyknit.eu\/sv\/wp-json\/wp\/v2\/media\/25848"}],"wp:attachment":[{"href":"https:\/\/tinyknit.eu\/sv\/wp-json\/wp\/v2\/media?parent=25839"}],"wp:term":[{"taxonomy":"product_brand","embeddable":true,"href":"https:\/\/tinyknit.eu\/sv\/wp-json\/wp\/v2\/product_brand?post=25839"},{"taxonomy":"product_cat","embeddable":true,"href":"https:\/\/tinyknit.eu\/sv\/wp-json\/wp\/v2\/product_cat?post=25839"},{"taxonomy":"product_tag","embeddable":true,"href":"https:\/\/tinyknit.eu\/sv\/wp-json\/wp\/v2\/product_tag?post=25839"}],"curies":[{"name":"wp","href":"https:\/\/api.w.org\/{rel}","templated":true}]}}