{"id":22401,"date":"2024-10-29T17:18:18","date_gmt":"2024-10-29T17:18:18","guid":{"rendered":"https:\/\/tinyknit.eu\/?post_type=product&#038;p=22401"},"modified":"2025-11-07T18:33:18","modified_gmt":"2025-11-07T18:33:18","slug":"virkad-gosedjur-mysigt-gosedjur-mas","status":"publish","type":"product","link":"https:\/\/tinyknit.eu\/sv\/product\/kramdjur\/virkad-gosedjur-mysigt-gosedjur-mas\/","title":{"rendered":"Virkad Gosedjur, Mysigt Gosedjur \u2013 M\u00e5s"},"content":{"rendered":"<p>Letar du efter en unikt designad och mysig v\u00e4n f\u00f6r s\u00f6mnstunden som ditt barn kommer att \u00e4lska? D\u00e5 beh\u00f6ver du inte leta l\u00e4ngre, f\u00f6r denna s\u00f6ta Virkade Snigel \u00e4r perfekt! Den \u00e4r underbar att krama vid l\u00e4ggdags och ger o\u00e4ndlig underh\u00e5llning under dagen, vilket g\u00f6r den till en idealisk present till alla bebisar eller sm\u00e5barn, oavsett \u00e5lder (\u00e4ven vuxna kommer att \u00e4lska honom \u2764\ufe0f).<\/p>\n<p><strong>Funktioner:<\/strong><br \/>\n\u2022\u2022 <strong>F\u00f6r\u00e4ldrarnas n\u00e4rhet.<\/strong> M\u00f6jligheten att beh\u00e5lla mammas eller pappas doft. Placera leksaken bredvid din bebis n\u00e4r du matar eller vaggar, s\u00e5 kommer den att absorbera din doft. P\u00e5 s\u00e5 s\u00e4tt kommer barnet alltid att k\u00e4nna din n\u00e4rhet, \u00e4ven n\u00e4r du inte \u00e4r d\u00e4r.<br \/>\n\u2022\u2022 <strong>Uppt\u00e4ckande.<\/strong> Den virkade Snigeln erbjuder en rik taktil upplevelse, som v\u00e4cker barnets intresse och hj\u00e4lper dem att utforska v\u00e4rlden runt omkring.<br \/>\n\u2022\u2022 <strong>Skapa minnen.<\/strong> V\u00e5ra leksaker kan ocks\u00e5 anv\u00e4ndas som fotorekvisita f\u00f6r nyf\u00f6ddfotografering.<br \/>\n\u2022\u2022 <strong>Lugnande effekt.<\/strong> Snigeln skapar komfort och trygghet f\u00f6r barnet dag som natt.<\/p>\n<p><strong>Perfekt f\u00f6r:<\/strong><br \/>\n\u2022\u2022 En fantastisk present f\u00f6r babyshower, babyregister, f\u00f6delsedagsfirande, jul eller andra tillf\u00e4llen.<br \/>\n\u2022\u2022 Unika leksaker som \u00e4ven kan bli en charmig detalj i barnrummets inredning.<\/p>\n<p><strong>Storlek:<\/strong> cirka 25 cm (9,8\u201c)<\/p>\n<p><strong>Material:<\/strong><br \/>\n\u2022\u2022 <strong>Garn:<\/strong> 100 % mikropolyester (Oeko-Tex Standard 100). Hypoallergen, mycket mjukt, mysigt och s\u00e4kert f\u00f6r barn.<br \/>\n\u2022\u2022 <strong>Fyllning:<\/strong> H\u00e5lfiber. V\u00e5ra leksaker tillverkas i ett r\u00f6kfritt och husdjursfritt hem.<\/p>\n<p><strong>F\u00f6rpackning:<\/strong><br \/>\n\u2022\u2022 Produkten \u00e4r f\u00f6rpackad i v\u00e5r m\u00e4rkesv\u00e4ska och skickas i en kartong.<\/p>\n<p>Tillverkad i Estland, Europeiska Unionen.<\/p>\n<p><strong>Setet Inneh\u00e5ller:<\/strong><br \/>\n\u2022 1x Mysigt Gosedjur<\/p>\n<p><strong>Sk\u00f6tselr\u00e5d:<\/strong><br \/>\nF\u00f6r barnets s\u00e4kerhet behandlas v\u00e5ra leksaker inte med kemikalier f\u00f6re leverans. Du kan sj\u00e4lv tv\u00e4tta den med ett l\u00e4mpligt tv\u00e4ttmedel eller anv\u00e4nda \u00e5ngbehandling utan kemikalier.<\/p>\n<p>\u2022 F\u00f6r att undvika allergiska reaktioner, anv\u00e4nd flytande och hypoallergena tv\u00e4ttmedel. \u2022 Anv\u00e4nd tv\u00e4ttmaskinens skonsamma program och st\u00e4ll in temperaturen p\u00e5 30 grader i 30 minuter. \u2022 F\u00f6r att undvika skador rekommenderar vi att anv\u00e4nda en tv\u00e4ttp\u00e5se. \u2022 Efter tv\u00e4tt, l\u00e4gg plagget plant f\u00f6r att torka. \u2022 H\u00e4ng inte, vrid eller stryk inte.<\/p>\n","protected":false},"excerpt":{"rendered":"<p>Letar du efter en unikt designad och mysig v\u00e4n f\u00f6r s\u00f6mnstunden som ditt barn kommer att \u00e4lska? D\u00e5 beh\u00f6ver du inte leta l\u00e4ngre, f\u00f6r denna s\u00f6ta Virkade Snigel \u00e4r perfekt! Den \u00e4r underbar att krama vid l\u00e4ggdags och ger o\u00e4ndlig underh\u00e5llning under dagen, vilket g\u00f6r den till en idealisk present till alla bebisar eller sm\u00e5barn, oavsett \u00e5lder (\u00e4ven vuxna kommer att \u00e4lska honom \u2764\ufe0f).<\/p>\n<p><iframe width=\"560\" height=\"315\" src=\"https:\/\/www.youtube.com\/embed\/7XAN8akJNLw?si=S_e4ZKiM4VwqkBS5\" title=\"YouTube video player\" frameborder=\"0\" allow=\"accelerometer; autoplay; clipboard-write; encrypted-media; gyroscope; picture-in-picture; web-share\" referrerpolicy=\"strict-origin-when-cross-origin\" allowfullscreen><\/iframe><\/p>\n","protected":false},"featured_media":34887,"comment_status":"open","ping_status":"closed","template":"","meta":[],"product_brand":[],"product_cat":[221],"product_tag":[],"class_list":{"0":"post-22401","1":"product","2":"type-product","3":"status-publish","4":"has-post-thumbnail","6":"product_cat-kramdjur","8":"first","9":"onbackorder","10":"taxable","11":"shipping-taxable","12":"purchasable","13":"product-type-simple"},"_links":{"self":[{"href":"https:\/\/tinyknit.eu\/sv\/wp-json\/wp\/v2\/product\/22401","targetHints":{"allow":["GET"]}}],"collection":[{"href":"https:\/\/tinyknit.eu\/sv\/wp-json\/wp\/v2\/product"}],"about":[{"href":"https:\/\/tinyknit.eu\/sv\/wp-json\/wp\/v2\/types\/product"}],"replies":[{"embeddable":true,"href":"https:\/\/tinyknit.eu\/sv\/wp-json\/wp\/v2\/comments?post=22401"}],"version-history":[{"count":2,"href":"https:\/\/tinyknit.eu\/sv\/wp-json\/wp\/v2\/product\/22401\/revisions"}],"predecessor-version":[{"id":34896,"href":"https:\/\/tinyknit.eu\/sv\/wp-json\/wp\/v2\/product\/22401\/revisions\/34896"}],"wp:featuredmedia":[{"embeddable":true,"href":"https:\/\/tinyknit.eu\/sv\/wp-json\/wp\/v2\/media\/34887"}],"wp:attachment":[{"href":"https:\/\/tinyknit.eu\/sv\/wp-json\/wp\/v2\/media?parent=22401"}],"wp:term":[{"taxonomy":"product_brand","embeddable":true,"href":"https:\/\/tinyknit.eu\/sv\/wp-json\/wp\/v2\/product_brand?post=22401"},{"taxonomy":"product_cat","embeddable":true,"href":"https:\/\/tinyknit.eu\/sv\/wp-json\/wp\/v2\/product_cat?post=22401"},{"taxonomy":"product_tag","embeddable":true,"href":"https:\/\/tinyknit.eu\/sv\/wp-json\/wp\/v2\/product_tag?post=22401"}],"curies":[{"name":"wp","href":"https:\/\/api.w.org\/{rel}","templated":true}]}}