{"id":21935,"date":"2024-08-18T11:32:54","date_gmt":"2024-08-18T11:32:54","guid":{"rendered":"https:\/\/tinyknit.eu\/?post_type=product&#038;p=21935"},"modified":"2026-04-14T13:35:05","modified_gmt":"2026-04-14T13:35:05","slug":"plysch-sovande-leksak-snuttefilt-nattfjaril","status":"publish","type":"product","link":"https:\/\/tinyknit.eu\/sv\/product\/fardig-att-skeppas\/plysch-sovande-leksak-snuttefilt-nattfjaril\/","title":{"rendered":"Plysch sovande leksak, Snuttefilt \u2013 Nattfj\u00e4ril"},"content":{"rendered":"<p>Letar du efter en unik och mysig sovkompis till ditt lilla barn? Du beh\u00f6ver inte leta l\u00e4ngre, f\u00f6r denna s\u00f6ta virkade leksak \u00e4r precis vad du beh\u00f6ver! Den \u00e4r perfekt f\u00f6r mysiga stunder vid l\u00e4ggdags och roliga lekar under dagen, vilket g\u00f6r den till en idealisk present f\u00f6r alla bebisar eller barn, oavsett \u00e5lder.<\/p>\n<p><strong>Egenskaper:<\/strong><\/p>\n<ul>\n<li>Kommunikation med f\u00f6r\u00e4ldrar. F\u00f6rm\u00e5gan att beh\u00e5lla doften av mamma eller pappa. Placera leksaken bredvid ditt barn medan du matar eller vaggar och den kommer att absorbera din doft. P\u00e5 s\u00e5 s\u00e4tt kommer barnet alltid att k\u00e4nna din n\u00e4rhet, \u00e4ven n\u00e4r du inte \u00e4r d\u00e4r.<\/li>\n<li>Utforskning. Virkad nattfj\u00e4rilsleksak erbjuder en rik taktil upplevelse, som f\u00e5ngar barnets intresse och hj\u00e4lper dem att utforska v\u00e4rlden omkring sig.<\/li>\n<li>Kan skapa fantastiska minnen. V\u00e5ra leksaker kan anv\u00e4ndas som rekvisita f\u00f6r nyf\u00f6ddfotografering.<\/li>\n<li>Lugnande effekter. Virkad nattfj\u00e4rilsgosleksak skapar komfort och s\u00e4kerhet f\u00f6r barnet b\u00e5de dag och natt.<\/li>\n<li>Setet inneh\u00e5ller tv\u00e5 par vingar som enkelt kan tas bort.<\/li>\n<\/ul>\n<p><strong>Perfekt f\u00f6r:<\/strong><\/p>\n<ul>\n<li>Det \u00e4r en underbar present till babyshower, babyregistrering, f\u00f6delsedagsfirande, jul eller f\u00f6r vilket annat tillf\u00e4lle som helst.<\/li>\n<li>Unika leksaker som ocks\u00e5 kan vara ett charmigt tillskott till varje barns sovrumsinredning.<\/li>\n<\/ul>\n<p><strong>Full storlek:<\/strong> ca 34 cm (13,3\u201c)<br \/>\n<strong>Garn:<\/strong> 100% Mikropolyester (Oeko-Tex 100 Standard) och 100% Polyester Fuskp\u00e4ls. Hypoallergent, mjukt garn. Mycket mjukt, kramv\u00e4nligt och s\u00e4kert f\u00f6r barn.<br \/>\n<strong>Fyllning:<\/strong> Holofiber.<\/p>\n<p>V\u00e5ra leksaker \u00e4r tillverkade i ett r\u00f6kfritt och djurfritt hem. <strong>Tillverkat i Estland, Europeiska unionen.<\/strong><\/p>\n<p><strong>Setet inneh\u00e5ller:<\/strong><\/p>\n<ul>\n<li>1x Virkad fluffig nattfj\u00e4rilsgosleksak med vingar p\u00e5 knytband<\/li>\n<\/ul>\n<p><strong>Den perfekta g\u00e5van till bebisen!<\/strong><\/p>\n<p>Presentf\u00f6rpackning klar f\u00f6r vilken babyshower, babyregistrering eller f\u00f6delsedagsfirande som helst.<\/p>\n<p><strong>V\u00e5rdrekommendationer:<\/strong><\/p>\n<ul>\n<li>F\u00f6r att f\u00f6rhindra allergiska reaktioner, anv\u00e4nd flytande och hypoallergena tv\u00e4ttmedel.<\/li>\n<li>Anv\u00e4nd tv\u00e4ttmaskinens skonsamma program och st\u00e4ll in temperaturen till 30 grader i 30 minuter.<\/li>\n<li>Efter tv\u00e4tt, l\u00e4gg leksaken plant f\u00f6r att torka.<\/li>\n<\/ul>\n","protected":false},"excerpt":{"rendered":"<p>S\u00f6ker du efter en unik och mysig sovande v\u00e4n till ditt lilla barn? Du beh\u00f6ver inte leta l\u00e4ngre d\u00e5 denna s\u00f6ta virkade leksak \u00e4r precis vad du s\u00f6ker! Den \u00e4r perfekt f\u00f6r kramar vid l\u00e4ggdags och roligt lekande under dagen, vilket g\u00f6r den till en idealisk present f\u00f6r alla bebisar och barn, oavsett \u00e5lder.<\/p>\n","protected":false},"featured_media":21998,"comment_status":"open","ping_status":"closed","template":"","meta":[],"product_brand":[],"product_cat":[228,222],"product_tag":[],"class_list":{"0":"post-21935","1":"product","2":"type-product","3":"status-publish","4":"has-post-thumbnail","6":"product_cat-fardig-att-skeppas","7":"product_cat-klam-och-kramleksaker","9":"first","10":"instock","11":"taxable","12":"shipping-taxable","13":"purchasable","14":"product-type-variable"},"_links":{"self":[{"href":"https:\/\/tinyknit.eu\/sv\/wp-json\/wp\/v2\/product\/21935","targetHints":{"allow":["GET"]}}],"collection":[{"href":"https:\/\/tinyknit.eu\/sv\/wp-json\/wp\/v2\/product"}],"about":[{"href":"https:\/\/tinyknit.eu\/sv\/wp-json\/wp\/v2\/types\/product"}],"replies":[{"embeddable":true,"href":"https:\/\/tinyknit.eu\/sv\/wp-json\/wp\/v2\/comments?post=21935"}],"version-history":[{"count":1,"href":"https:\/\/tinyknit.eu\/sv\/wp-json\/wp\/v2\/product\/21935\/revisions"}],"predecessor-version":[{"id":22075,"href":"https:\/\/tinyknit.eu\/sv\/wp-json\/wp\/v2\/product\/21935\/revisions\/22075"}],"wp:featuredmedia":[{"embeddable":true,"href":"https:\/\/tinyknit.eu\/sv\/wp-json\/wp\/v2\/media\/21998"}],"wp:attachment":[{"href":"https:\/\/tinyknit.eu\/sv\/wp-json\/wp\/v2\/media?parent=21935"}],"wp:term":[{"taxonomy":"product_brand","embeddable":true,"href":"https:\/\/tinyknit.eu\/sv\/wp-json\/wp\/v2\/product_brand?post=21935"},{"taxonomy":"product_cat","embeddable":true,"href":"https:\/\/tinyknit.eu\/sv\/wp-json\/wp\/v2\/product_cat?post=21935"},{"taxonomy":"product_tag","embeddable":true,"href":"https:\/\/tinyknit.eu\/sv\/wp-json\/wp\/v2\/product_tag?post=21935"}],"curies":[{"name":"wp","href":"https:\/\/api.w.org\/{rel}","templated":true}]}}