{"id":20940,"date":"2024-04-14T17:57:41","date_gmt":"2024-04-14T17:57:41","guid":{"rendered":"https:\/\/tinyknit.eu\/?post_type=product&#038;p=20940"},"modified":"2025-04-05T18:56:47","modified_gmt":"2025-04-05T18:56:47","slug":"skallror-kanin-8","status":"publish","type":"product","link":"https:\/\/tinyknit.eu\/sv\/product\/fardig-att-skeppas\/skallror-kanin-8\/","title":{"rendered":"Skallror &#8211; Kanin"},"content":{"rendered":"<p>Skallror \u00e4r en utm\u00e4rkt present f\u00f6r din bebis som ger gl\u00e4dje genom uppt\u00e4ckandet och utvecklar finmotoriken. Leksaken passar bekv\u00e4mt i bebisen hand. Den \u00e4r helt s\u00e4ker f\u00f6r bebisen och irriterar inte bebisens hud. Virkat rassel tillverkat utan sm\u00e5 detaljer, \u00f6gon och n\u00e4sa broderade.<\/p>\n<p><strong>Material: 5<\/strong>5% bomull, 45% akryl och ring av boktr\u00e4<br \/>\n<strong>Fyllning:<\/strong> 100% holofiber (icke-allergisk fyllning)<br \/>\n<strong>H\u00f6jd:<\/strong> 15 cm<br \/>\nL\u00e4mplig f\u00f6r bebisar fr\u00e5n 4-5 m\u00e5nader.<br \/>\nDen har klockor inuti. Alla delar \u00e4r s\u00e4kert handsydda ihop, inget lim anv\u00e4nds.<\/p>\n<p><strong>Sk\u00f6tselr\u00e5d:<\/strong> Torka av med varmt tv\u00e5lvatten och l\u00e5t lufttorka. Doppa inte i vatten eftersom det kan torka ut tr\u00e4et och eventuellt spricka.<\/p>\n","protected":false},"excerpt":{"rendered":"<p>Skallror \u00e4r en utm\u00e4rkt present f\u00f6r din bebis som ger gl\u00e4dje genom uppt\u00e4ckandet och utvecklar finmotoriken. Leksaken passar bekv\u00e4mt i bebisen hand. Den \u00e4r helt s\u00e4ker f\u00f6r bebisen och irriterar inte bebisens hud. Virkat rassel tillverkat utan sm\u00e5 detaljer, \u00f6gon och n\u00e4sa broderade.<\/p>\n<p><iframe title=\"YouTube video player\" src=\"https:\/\/www.youtube.com\/embed\/nwG5LryKEhI?si=HWL14W0DCldFwhkD\" width=\"560\" height=\"315\" frameborder=\"0\" allowfullscreen=\"allowfullscreen\"><\/iframe><\/p>\n","protected":false},"featured_media":20966,"comment_status":"open","ping_status":"closed","template":"","meta":[],"product_brand":[],"product_cat":[228,226],"product_tag":[],"class_list":{"0":"post-20940","1":"product","2":"type-product","3":"status-publish","4":"has-post-thumbnail","6":"product_cat-fardig-att-skeppas","7":"product_cat-skallror","9":"first","10":"instock","11":"taxable","12":"shipping-taxable","13":"purchasable","14":"product-type-simple"},"_links":{"self":[{"href":"https:\/\/tinyknit.eu\/sv\/wp-json\/wp\/v2\/product\/20940","targetHints":{"allow":["GET"]}}],"collection":[{"href":"https:\/\/tinyknit.eu\/sv\/wp-json\/wp\/v2\/product"}],"about":[{"href":"https:\/\/tinyknit.eu\/sv\/wp-json\/wp\/v2\/types\/product"}],"replies":[{"embeddable":true,"href":"https:\/\/tinyknit.eu\/sv\/wp-json\/wp\/v2\/comments?post=20940"}],"version-history":[{"count":3,"href":"https:\/\/tinyknit.eu\/sv\/wp-json\/wp\/v2\/product\/20940\/revisions"}],"predecessor-version":[{"id":21228,"href":"https:\/\/tinyknit.eu\/sv\/wp-json\/wp\/v2\/product\/20940\/revisions\/21228"}],"wp:featuredmedia":[{"embeddable":true,"href":"https:\/\/tinyknit.eu\/sv\/wp-json\/wp\/v2\/media\/20966"}],"wp:attachment":[{"href":"https:\/\/tinyknit.eu\/sv\/wp-json\/wp\/v2\/media?parent=20940"}],"wp:term":[{"taxonomy":"product_brand","embeddable":true,"href":"https:\/\/tinyknit.eu\/sv\/wp-json\/wp\/v2\/product_brand?post=20940"},{"taxonomy":"product_cat","embeddable":true,"href":"https:\/\/tinyknit.eu\/sv\/wp-json\/wp\/v2\/product_cat?post=20940"},{"taxonomy":"product_tag","embeddable":true,"href":"https:\/\/tinyknit.eu\/sv\/wp-json\/wp\/v2\/product_tag?post=20940"}],"curies":[{"name":"wp","href":"https:\/\/api.w.org\/{rel}","templated":true}]}}