{"id":20238,"date":"2024-04-04T07:00:21","date_gmt":"2024-04-04T07:00:21","guid":{"rendered":"https:\/\/tinyknit.eu\/?post_type=product&#038;p=20238"},"modified":"2025-04-05T18:56:52","modified_gmt":"2025-04-05T18:56:52","slug":"virkad-mjukdjur-bjorn-2","status":"publish","type":"product","link":"https:\/\/tinyknit.eu\/sv\/product\/kramdjur\/virkad-mjukdjur-bjorn-2\/","title":{"rendered":"Virkad mjukdjur &#8211; Bj\u00f6rn"},"content":{"rendered":"<p>Virkad mjukdjur &#8211; Anka \u00e4r en handgjord mjukdjur tillverkad av mjukt och h\u00e5llbart garn. Dess intrikata virkdesign och livliga f\u00e4rger g\u00f6r den till ett unikt och charmigt tillskott till alla leksakssamlingar. Perfekt f\u00f6r att kramas eller som dekorativt f\u00f6rem\u00e5l, denna mjukdjur kommer s\u00e4kerligen att ge gl\u00e4dje och tr\u00f6st till m\u00e4nniskor i alla \u00e5ldrar.<\/p>\n<p><strong>Funktioner:<\/strong><br \/>\n\u2022 Mjukdjuren kan berika den taktila k\u00e4nslan eftersom de kombinerar olika texturerade garn, vilket kommer att vara intressant f\u00f6r barnet och hj\u00e4lpa dem att l\u00e4ra sig om den omgivande v\u00e4rlden.<br \/>\n\u2022 Alla leksaker \u00e4r tillverkade av hypoallergena material, vilket g\u00f6r dem s\u00e4kra f\u00f6r barnet.<br \/>\n\u2022 En leksak kan bli en intressant till\u00e4gg till alla barns sovrum inredning.<\/p>\n<p><strong>H\u00f6jd:<\/strong> ca 50 cm<br \/>\n<strong>Material:<\/strong> Denna produkt \u00e4r handstickad med hj\u00e4lp av hypoallergeniskt, mjukt och bomullsgarn. Den \u00e4r fylld med holofiber och tillverkad i ett r\u00f6k- och husdjursfritt hem.<\/p>\n<p><strong>Tillverkad i Estland, Europeiska Unionen.<\/strong><\/p>\n<p><strong>Setet inneh\u00e5ller:<\/strong><br \/>\n\u2022 1x Mjukdjur<\/p>\n<p><strong>Sk\u00f6tselr\u00e5d:<\/strong><br \/>\n\u2022 F\u00f6r att f\u00f6rhindra allergiska reaktioner, anv\u00e4nd flytande och hypoallergena tv\u00e4ttmedel.<br \/>\n\u2022 Anv\u00e4nd tv\u00e4ttmaskinens skonsamma cykel och st\u00e4ll in temperaturen p\u00e5 30 grader i 30 minuter.<br \/>\n\u2022 Efter tv\u00e4tt, l\u00e4gg mjukdjuret plant f\u00f6r att torka.<\/p>\n","protected":false},"excerpt":{"rendered":"<p>Virkad mjukdjur &#8211; Anka \u00e4r en handgjord mjukdjur tillverkad av mjukt och h\u00e5llbart garn. Dess intrikata virkdesign och livliga f\u00e4rger g\u00f6r den till ett unikt och charmigt tillskott till alla leksakssamlingar. Perfekt f\u00f6r att kramas eller som dekorativt f\u00f6rem\u00e5l, denna mjukdjur kommer s\u00e4kerligen att ge gl\u00e4dje och tr\u00f6st till m\u00e4nniskor i alla \u00e5ldrar.<\/p>\n","protected":false},"featured_media":20246,"comment_status":"open","ping_status":"closed","template":"","meta":[],"product_brand":[],"product_cat":[221,227],"product_tag":[],"class_list":{"0":"post-20238","1":"product","2":"type-product","3":"status-publish","4":"has-post-thumbnail","6":"product_cat-kramdjur","7":"product_cat-tillverkad-pa-bestallning","9":"first","10":"onbackorder","11":"taxable","12":"shipping-taxable","13":"purchasable","14":"product-type-simple"},"_links":{"self":[{"href":"https:\/\/tinyknit.eu\/sv\/wp-json\/wp\/v2\/product\/20238","targetHints":{"allow":["GET"]}}],"collection":[{"href":"https:\/\/tinyknit.eu\/sv\/wp-json\/wp\/v2\/product"}],"about":[{"href":"https:\/\/tinyknit.eu\/sv\/wp-json\/wp\/v2\/types\/product"}],"replies":[{"embeddable":true,"href":"https:\/\/tinyknit.eu\/sv\/wp-json\/wp\/v2\/comments?post=20238"}],"version-history":[{"count":1,"href":"https:\/\/tinyknit.eu\/sv\/wp-json\/wp\/v2\/product\/20238\/revisions"}],"predecessor-version":[{"id":20252,"href":"https:\/\/tinyknit.eu\/sv\/wp-json\/wp\/v2\/product\/20238\/revisions\/20252"}],"wp:featuredmedia":[{"embeddable":true,"href":"https:\/\/tinyknit.eu\/sv\/wp-json\/wp\/v2\/media\/20246"}],"wp:attachment":[{"href":"https:\/\/tinyknit.eu\/sv\/wp-json\/wp\/v2\/media?parent=20238"}],"wp:term":[{"taxonomy":"product_brand","embeddable":true,"href":"https:\/\/tinyknit.eu\/sv\/wp-json\/wp\/v2\/product_brand?post=20238"},{"taxonomy":"product_cat","embeddable":true,"href":"https:\/\/tinyknit.eu\/sv\/wp-json\/wp\/v2\/product_cat?post=20238"},{"taxonomy":"product_tag","embeddable":true,"href":"https:\/\/tinyknit.eu\/sv\/wp-json\/wp\/v2\/product_tag?post=20238"}],"curies":[{"name":"wp","href":"https:\/\/api.w.org\/{rel}","templated":true}]}}