{"id":19344,"date":"2024-03-24T08:11:37","date_gmt":"2024-03-24T08:11:37","guid":{"rendered":"https:\/\/tinyknit.eu\/?post_type=product&#038;p=19344"},"modified":"2024-03-24T08:19:37","modified_gmt":"2024-03-24T08:19:37","slug":"knisterleksak-vit-regnbage","status":"publish","type":"product","link":"https:\/\/tinyknit.eu\/sv\/product\/fardig-att-skeppas\/knisterleksak-vit-regnbage\/","title":{"rendered":"Knisterleksak &#8211; Vit Regnb\u00e5ge"},"content":{"rendered":"<p>Knisterleksak \u00e4r en utm\u00e4rkt present f\u00f6r din babys uppt\u00e4ckargl\u00e4dje och utvecklar barnets finmotorik. Leksaken passar bekv\u00e4mt i barnets hand. Den \u00e4r helt s\u00e4ker f\u00f6r bebisen och irriterar inte babyns hud. Knisterleksaken har en mjuk och len textur som \u00e4r perfekt f\u00f6r taktil stimulans.<br \/>\nSn\u00f6ret g\u00f6r att du kan f\u00e4sta leksaken var som helst &#8211; till exempel p\u00e5 en barns\u00e4ng eller napp.<\/p>\n<p><strong>Material:<\/strong> 100% premium bomullstyg med ett sensoriskt knistermaterial mellan tygerna<br \/>\n<strong>Storlek:<\/strong> ~11 x 10 cm<br \/>\n<strong>L\u00e4ngd p\u00e5 sn\u00f6ret:<\/strong> ~16 cm<br \/>\n<strong>Vikt:<\/strong> ~10g<br \/>\n<strong>Passar fr\u00e5n f\u00f6dseln.<\/strong><br \/>\nObs! Nappen ing\u00e5r inte i setet!<\/p>\n<p><strong>Setet inneh\u00e5ller:<\/strong><br \/>\n\u2022 1x Knisterleksak<\/p>\n<p><strong>Sk\u00f6tselr\u00e5d:<\/strong> Torka av med varmt tv\u00e5lvatten och l\u00e5t lufttorka.<\/p>\n","protected":false},"excerpt":{"rendered":"<p>Knisterleksak \u00e4r en utm\u00e4rkt present f\u00f6r din babys uppt\u00e4ckargl\u00e4dje och utvecklar barnets finmotorik.<\/p>\n<p><iframe title=\"YouTube video player\" src=\"https:\/\/www.youtube.com\/embed\/am_NXXxGx-U?si=02WM_2ph-z77Lnsy\" width=\"560\" height=\"315\" frameborder=\"0\" allowfullscreen=\"allowfullscreen\"><\/iframe><\/p>\n","protected":false},"featured_media":19335,"comment_status":"open","ping_status":"closed","template":"","meta":[],"product_brand":[],"product_cat":[228,352],"product_tag":[],"class_list":{"0":"post-19344","1":"product","2":"type-product","3":"status-publish","4":"has-post-thumbnail","6":"product_cat-fardig-att-skeppas","7":"product_cat-prassel-leksake","9":"first","10":"instock","11":"taxable","12":"shipping-taxable","13":"purchasable","14":"product-type-simple"},"_links":{"self":[{"href":"https:\/\/tinyknit.eu\/sv\/wp-json\/wp\/v2\/product\/19344","targetHints":{"allow":["GET"]}}],"collection":[{"href":"https:\/\/tinyknit.eu\/sv\/wp-json\/wp\/v2\/product"}],"about":[{"href":"https:\/\/tinyknit.eu\/sv\/wp-json\/wp\/v2\/types\/product"}],"replies":[{"embeddable":true,"href":"https:\/\/tinyknit.eu\/sv\/wp-json\/wp\/v2\/comments?post=19344"}],"version-history":[{"count":1,"href":"https:\/\/tinyknit.eu\/sv\/wp-json\/wp\/v2\/product\/19344\/revisions"}],"predecessor-version":[{"id":19345,"href":"https:\/\/tinyknit.eu\/sv\/wp-json\/wp\/v2\/product\/19344\/revisions\/19345"}],"wp:featuredmedia":[{"embeddable":true,"href":"https:\/\/tinyknit.eu\/sv\/wp-json\/wp\/v2\/media\/19335"}],"wp:attachment":[{"href":"https:\/\/tinyknit.eu\/sv\/wp-json\/wp\/v2\/media?parent=19344"}],"wp:term":[{"taxonomy":"product_brand","embeddable":true,"href":"https:\/\/tinyknit.eu\/sv\/wp-json\/wp\/v2\/product_brand?post=19344"},{"taxonomy":"product_cat","embeddable":true,"href":"https:\/\/tinyknit.eu\/sv\/wp-json\/wp\/v2\/product_cat?post=19344"},{"taxonomy":"product_tag","embeddable":true,"href":"https:\/\/tinyknit.eu\/sv\/wp-json\/wp\/v2\/product_tag?post=19344"}],"curies":[{"name":"wp","href":"https:\/\/api.w.org\/{rel}","templated":true}]}}