{"id":19182,"date":"2024-03-24T07:35:02","date_gmt":"2024-03-24T07:35:02","guid":{"rendered":"https:\/\/tinyknit.eu\/?post_type=product&#038;p=19182"},"modified":"2024-03-24T07:37:14","modified_gmt":"2024-03-24T07:37:14","slug":"tygstall-mustard-moon","status":"publish","type":"product","link":"https:\/\/tinyknit.eu\/sv\/product\/fardig-att-skeppas\/tygstall-mustard-moon\/","title":{"rendered":"Tygstall &#8211; Mustard Moon"},"content":{"rendered":"<p>Tygstall \u00e4r en utm\u00e4rkt present f\u00f6r din babys uppt\u00e4ckargl\u00e4dje och utvecklar barnets finmotorik. Leksaken passar bekv\u00e4mt i barnets hand. Den \u00e4r helt s\u00e4ker f\u00f6r bebisen och irriterar inte babyns hud. Tygstallet har en mjuk och len textur som \u00e4r perfekt f\u00f6r taktil stimulering.<br \/>\nSn\u00f6ret g\u00f6r att du kan f\u00e4sta leksaken var som helst &#8211; till exempel p\u00e5 en barns\u00e4ng eller napp.<\/p>\n<p><strong>Material:<\/strong> 100% polyester<br \/>\n<strong>Fyllning:<\/strong> 100% holofiber (allergifri fyllning)<br \/>\n<strong>Storlek:<\/strong> ~10 x 9 cm<br \/>\n<strong>L\u00e4ngd p\u00e5 sn\u00f6ret:<\/strong> ~13 cm<br \/>\n<strong>Vikt:<\/strong> ~30g<br \/>\n<strong>Passar fr\u00e5n f\u00f6dseln.<\/strong><br \/>\nDet har en klocka inuti. Alla delar \u00e4r s\u00e4kert handsydda ihop.<br \/>\nObs! Nappen ing\u00e5r inte i setet!<\/p>\n<p><strong>Setet inneh\u00e5ller:<\/strong><br \/>\n\u2022 1x Tygstall<\/p>\n<p><strong>Sk\u00f6tselr\u00e5d:<\/strong> Torka av med varmt tv\u00e5lvatten och l\u00e5t lufttorka.<\/p>\n","protected":false},"excerpt":{"rendered":"<p>Tygstall \u00e4r en utm\u00e4rkt present f\u00f6r din babys uppt\u00e4ckargl\u00e4dje och utvecklar barnets finmotorik.<\/p>\n<p><iframe title=\"YouTube video player\" src=\"https:\/\/www.youtube.com\/embed\/V7ObyTR1n0E?si=Ld9WXaCKP2rxNM_j\" width=\"560\" height=\"315\" frameborder=\"0\" allowfullscreen=\"allowfullscreen\"><\/iframe><\/p>\n","protected":false},"featured_media":19188,"comment_status":"open","ping_status":"closed","template":"","meta":[],"product_brand":[],"product_cat":[228,326],"product_tag":[],"class_list":{"0":"post-19182","1":"product","2":"type-product","3":"status-publish","4":"has-post-thumbnail","6":"product_cat-fardig-att-skeppas","7":"product_cat-tygskallror","9":"first","10":"instock","11":"taxable","12":"shipping-taxable","13":"purchasable","14":"product-type-simple"},"_links":{"self":[{"href":"https:\/\/tinyknit.eu\/sv\/wp-json\/wp\/v2\/product\/19182","targetHints":{"allow":["GET"]}}],"collection":[{"href":"https:\/\/tinyknit.eu\/sv\/wp-json\/wp\/v2\/product"}],"about":[{"href":"https:\/\/tinyknit.eu\/sv\/wp-json\/wp\/v2\/types\/product"}],"replies":[{"embeddable":true,"href":"https:\/\/tinyknit.eu\/sv\/wp-json\/wp\/v2\/comments?post=19182"}],"version-history":[{"count":1,"href":"https:\/\/tinyknit.eu\/sv\/wp-json\/wp\/v2\/product\/19182\/revisions"}],"predecessor-version":[{"id":19199,"href":"https:\/\/tinyknit.eu\/sv\/wp-json\/wp\/v2\/product\/19182\/revisions\/19199"}],"wp:featuredmedia":[{"embeddable":true,"href":"https:\/\/tinyknit.eu\/sv\/wp-json\/wp\/v2\/media\/19188"}],"wp:attachment":[{"href":"https:\/\/tinyknit.eu\/sv\/wp-json\/wp\/v2\/media?parent=19182"}],"wp:term":[{"taxonomy":"product_brand","embeddable":true,"href":"https:\/\/tinyknit.eu\/sv\/wp-json\/wp\/v2\/product_brand?post=19182"},{"taxonomy":"product_cat","embeddable":true,"href":"https:\/\/tinyknit.eu\/sv\/wp-json\/wp\/v2\/product_cat?post=19182"},{"taxonomy":"product_tag","embeddable":true,"href":"https:\/\/tinyknit.eu\/sv\/wp-json\/wp\/v2\/product_tag?post=19182"}],"curies":[{"name":"wp","href":"https:\/\/api.w.org\/{rel}","templated":true}]}}