{"id":18953,"date":"2024-03-21T09:54:45","date_gmt":"2024-03-21T09:54:45","guid":{"rendered":"https:\/\/tinyknit.eu\/?post_type=product&#038;p=18953"},"modified":"2025-05-04T09:24:13","modified_gmt":"2025-05-04T09:24:13","slug":"tygskallra-mjolkgas","status":"publish","type":"product","link":"https:\/\/tinyknit.eu\/sv\/product\/fardig-att-skeppas\/tygskallra-mjolkgas\/","title":{"rendered":"Tygskallra \u2013 Mj\u00f6lkg\u00e5s"},"content":{"rendered":"<p>Tygskallra \u00e4r en utm\u00e4rkt g\u00e5va f\u00f6r din bebis uppt\u00e4ckargl\u00e4dje och utvecklar bebisens finmotorik. Leksaken passar bekv\u00e4mt i bebisen hand. Den \u00e4r helt s\u00e4ker f\u00f6r bebisen och irriterar inte bebishuden. G\u00e4sskallran har en mjuk och len textur som \u00e4r perfekt f\u00f6r taktil stimulans.<br \/>\nSelen g\u00f6r att du kan f\u00e4sta leksaken var som helst \u2013 till exempel p\u00e5 en spj\u00e4ls\u00e4ng eller napp.<\/p>\n<p><strong>Material:<\/strong> 100% polyester<br \/>\n<strong>Fyllning<\/strong>: 100% holofiber (icke-allergiframkallande fyllning)<br \/>\n<strong>Storlek:<\/strong> ~18 x 11 cm<br \/>\n<strong>L\u00e4ngd p\u00e5 selen:<\/strong> ~13 cm<br \/>\n<strong>Vikt:<\/strong> ~50g<br \/>\n<strong>Passar fr\u00e5n f\u00f6dseln.<\/strong><br \/>\nDen har en klocka inuti. Alla delar \u00e4r s\u00e4kert handsydda ihop.<br \/>\nObs! Nappen ing\u00e5r inte i setet!<\/p>\n<p><strong>Setet inneh\u00e5ller:<\/strong><br \/>\n\u2022 1x Tygskallra<\/p>\n<p><strong>Sk\u00f6tselrekommendationer:<\/strong> Torka av med varmt tv\u00e5lvatten och l\u00e5t lufttorka.<\/p>\n","protected":false},"excerpt":{"rendered":"<p>Tygskallra \u00e4r en utm\u00e4rkt g\u00e5va f\u00f6r din bebis uppt\u00e4ckargl\u00e4dje och utvecklar bebisens finmotorik.<\/p>\n<p><iframe title=\"YouTube video player\" src=\"https:\/\/www.youtube.com\/embed\/II1iuarlwq0?si=uIobjl31ekWTlDw1\" width=\"560\" height=\"315\" frameborder=\"0\" allowfullscreen=\"allowfullscreen\"><\/iframe><\/p>\n","protected":false},"featured_media":18921,"comment_status":"open","ping_status":"closed","template":"","meta":[],"product_brand":[],"product_cat":[228,326],"product_tag":[],"class_list":{"0":"post-18953","1":"product","2":"type-product","3":"status-publish","4":"has-post-thumbnail","6":"product_cat-fardig-att-skeppas","7":"product_cat-tygskallror","9":"first","10":"outofstock","11":"taxable","12":"shipping-taxable","13":"purchasable","14":"product-type-simple"},"_links":{"self":[{"href":"https:\/\/tinyknit.eu\/sv\/wp-json\/wp\/v2\/product\/18953","targetHints":{"allow":["GET"]}}],"collection":[{"href":"https:\/\/tinyknit.eu\/sv\/wp-json\/wp\/v2\/product"}],"about":[{"href":"https:\/\/tinyknit.eu\/sv\/wp-json\/wp\/v2\/types\/product"}],"replies":[{"embeddable":true,"href":"https:\/\/tinyknit.eu\/sv\/wp-json\/wp\/v2\/comments?post=18953"}],"version-history":[{"count":2,"href":"https:\/\/tinyknit.eu\/sv\/wp-json\/wp\/v2\/product\/18953\/revisions"}],"predecessor-version":[{"id":19149,"href":"https:\/\/tinyknit.eu\/sv\/wp-json\/wp\/v2\/product\/18953\/revisions\/19149"}],"wp:featuredmedia":[{"embeddable":true,"href":"https:\/\/tinyknit.eu\/sv\/wp-json\/wp\/v2\/media\/18921"}],"wp:attachment":[{"href":"https:\/\/tinyknit.eu\/sv\/wp-json\/wp\/v2\/media?parent=18953"}],"wp:term":[{"taxonomy":"product_brand","embeddable":true,"href":"https:\/\/tinyknit.eu\/sv\/wp-json\/wp\/v2\/product_brand?post=18953"},{"taxonomy":"product_cat","embeddable":true,"href":"https:\/\/tinyknit.eu\/sv\/wp-json\/wp\/v2\/product_cat?post=18953"},{"taxonomy":"product_tag","embeddable":true,"href":"https:\/\/tinyknit.eu\/sv\/wp-json\/wp\/v2\/product_tag?post=18953"}],"curies":[{"name":"wp","href":"https:\/\/api.w.org\/{rel}","templated":true}]}}