{"id":16873,"date":"2024-01-13T15:15:24","date_gmt":"2024-01-13T15:15:24","guid":{"rendered":"https:\/\/tinyknit.eu\/?post_type=product&#038;p=16873"},"modified":"2025-04-05T18:57:00","modified_gmt":"2025-04-05T18:57:00","slug":"barnrum-dekor-plyschleksak-virkad-ballonghund","status":"publish","type":"product","link":"https:\/\/tinyknit.eu\/sv\/product\/fardig-att-skeppas\/barnrum-dekor-plyschleksak-virkad-ballonghund\/","title":{"rendered":"Barnrum Dekor, Plyschleksak &#8211; Virkad Ballonghund"},"content":{"rendered":"<p>Den virkade ballonghunden \u00e4r ett perfekt val f\u00f6r att dekorera ditt barns sovrum. De h\u00e4rliga, naturliga f\u00e4rgerna kommer att ge ditt hem en varm och inbjudande atmosf\u00e4r. Dessutom kan ballonghunden vara en underbar och unik present.<\/p>\n<p><strong>Funktioner:<\/strong><br \/>\n\u2022 Alla leksaker \u00e4r tillverkade av hypoallergena material, vilket g\u00f6r dem s\u00e4kra f\u00f6r barnet.<br \/>\n\u2022 En leksak kan bli en intressant till\u00e4gg till alla barns sovrum inredning.<\/p>\n<p><strong>Storlek:<\/strong> ca 20 x 11 cm<br \/>\n<strong>Material:<\/strong>\u00a0Denna produkt \u00e4r handstickad med hj\u00e4lp av hypoallergeniskt, mjukt och bomullsgarn. Den \u00e4r fylld med holofiber och tillverkad i ett r\u00f6k- och husdjursfritt hem.<\/p>\n<p><strong>Tillverkad i Estland, Europeiska Unionen.<\/strong><\/p>\n<p><strong>Setet inneh\u00e5ller:<\/strong><br \/>\n\u2022 1x Virkad Ballonghund<\/p>\n<p><strong>Sk\u00f6tselr\u00e5d:<\/strong><br \/>\n\u2022 F\u00f6r att f\u00f6rhindra allergiska reaktioner, anv\u00e4nd flytande och hypoallergena tv\u00e4ttmedel.<br \/>\n\u2022 Anv\u00e4nd tv\u00e4ttmaskinens skonsamma cykel och st\u00e4ll in temperaturen p\u00e5 30 grader i 30 minuter.<br \/>\n\u2022 Efter tv\u00e4tt, l\u00e4gg mjukdjuret plant f\u00f6r att torka.<\/p>\n","protected":false},"excerpt":{"rendered":"<p>Den virkade ballonghunden \u00e4r ett perfekt val f\u00f6r att dekorera ditt barns sovrum. De h\u00e4rliga, naturliga f\u00e4rgerna kommer att ge ditt hem en varm och inbjudande atmosf\u00e4r. Dessutom kan ballonghunden vara en underbar och unik present.<\/p>\n","protected":false},"featured_media":16892,"comment_status":"open","ping_status":"closed","template":"","meta":[],"product_brand":[],"product_cat":[228,281,663],"product_tag":[],"class_list":{"0":"post-16873","1":"product","2":"type-product","3":"status-publish","4":"has-post-thumbnail","6":"product_cat-fardig-att-skeppas","7":"product_cat-heminredning","8":"product_cat-rea","10":"first","11":"instock","12":"sale","13":"taxable","14":"shipping-taxable","15":"purchasable","16":"product-type-simple"},"_links":{"self":[{"href":"https:\/\/tinyknit.eu\/sv\/wp-json\/wp\/v2\/product\/16873","targetHints":{"allow":["GET"]}}],"collection":[{"href":"https:\/\/tinyknit.eu\/sv\/wp-json\/wp\/v2\/product"}],"about":[{"href":"https:\/\/tinyknit.eu\/sv\/wp-json\/wp\/v2\/types\/product"}],"replies":[{"embeddable":true,"href":"https:\/\/tinyknit.eu\/sv\/wp-json\/wp\/v2\/comments?post=16873"}],"version-history":[{"count":2,"href":"https:\/\/tinyknit.eu\/sv\/wp-json\/wp\/v2\/product\/16873\/revisions"}],"predecessor-version":[{"id":17084,"href":"https:\/\/tinyknit.eu\/sv\/wp-json\/wp\/v2\/product\/16873\/revisions\/17084"}],"wp:featuredmedia":[{"embeddable":true,"href":"https:\/\/tinyknit.eu\/sv\/wp-json\/wp\/v2\/media\/16892"}],"wp:attachment":[{"href":"https:\/\/tinyknit.eu\/sv\/wp-json\/wp\/v2\/media?parent=16873"}],"wp:term":[{"taxonomy":"product_brand","embeddable":true,"href":"https:\/\/tinyknit.eu\/sv\/wp-json\/wp\/v2\/product_brand?post=16873"},{"taxonomy":"product_cat","embeddable":true,"href":"https:\/\/tinyknit.eu\/sv\/wp-json\/wp\/v2\/product_cat?post=16873"},{"taxonomy":"product_tag","embeddable":true,"href":"https:\/\/tinyknit.eu\/sv\/wp-json\/wp\/v2\/product_tag?post=16873"}],"curies":[{"name":"wp","href":"https:\/\/api.w.org\/{rel}","templated":true}]}}