{"id":16794,"date":"2023-10-25T11:46:19","date_gmt":"2023-10-25T11:46:19","guid":{"rendered":"https:\/\/tinyknit.eu\/?post_type=product&#038;p=16794"},"modified":"2025-04-05T18:57:02","modified_gmt":"2025-04-05T18:57:02","slug":"plysch-sovande-leksak-snuttefilt-dinosaurie","status":"publish","type":"product","link":"https:\/\/tinyknit.eu\/sv\/product\/klam-och-kramleksaker\/plysch-sovande-leksak-snuttefilt-dinosaurie\/","title":{"rendered":"Plysch sovande leksak, Snuttefilt \u2013 Dinosaurie"},"content":{"rendered":"<p>S\u00f6ker du efter en unik och mysig sovande v\u00e4n till ditt lilla barn? Du beh\u00f6ver inte leta l\u00e4ngre d\u00e5 denna s\u00f6ta virkade leksak \u00e4r precis vad du s\u00f6ker! Den \u00e4r perfekt f\u00f6r kramar vid l\u00e4ggdags och roligt lekande under dagen, vilket g\u00f6r den till en idealisk present f\u00f6r alla bebisar och barn, oavsett \u00e5lder.<\/p>\n<p><strong>Funktioner:<\/strong><br \/>\n\u2022 Sovleksaken kan berika den taktila upplevelsen eftersom den kombinerar olika texturerade garn, vilket blir intressant f\u00f6r barnet och hj\u00e4lper dem att l\u00e4ra sig om omv\u00e4rlden.<br \/>\n\u2022 Alla leksaker \u00e4r gjorda av hypoallergena material, vilket g\u00f6r dem s\u00e4kra f\u00f6r barnet.<br \/>\n\u2022 En leksak kan bli en intressant till\u00e4gg till vilket barnrum som helst.<\/p>\n<p><strong>Storlek:<\/strong> ca 55 x 18 cm<br \/>\n<strong>Material:<\/strong> Denna produkt \u00e4r handstickad med hypoallergena, plysch och bomullsgarn. Den \u00e4r fylld med holofiber och tillverkad i ett r\u00f6kfritt och djurfritt hem.<\/p>\n<p><strong>Tillverkad i Estland, Europeiska unionen.<\/strong><\/p>\n<p><strong>Setet inneh\u00e5ller:<\/strong><br \/>\n\u2022 1x Plushie sovande leksak, Snuttefilt<\/p>\n<p><strong>Sk\u00f6tselr\u00e5d:<\/strong><br \/>\n\u2022 F\u00f6r att f\u00f6rebygga allergiska reaktioner, anv\u00e4nd flytande och hypoallergena tv\u00e4ttmedel.<br \/>\n\u2022 Anv\u00e4nd tv\u00e4ttmaskinens skonsamma cykel och st\u00e4ll temperaturen p\u00e5 30 grader i 30 minuter.<br \/>\n\u2022 Efter tv\u00e4tt, l\u00e4gg leksaken plant f\u00f6r att torka.<\/p>\n","protected":false},"excerpt":{"rendered":"<p>S\u00f6ker du efter en unik och mysig sovande v\u00e4n till ditt lilla barn? Du beh\u00f6ver inte leta l\u00e4ngre d\u00e5 denna s\u00f6ta virkade leksak \u00e4r precis vad du s\u00f6ker! Den \u00e4r perfekt f\u00f6r kramar vid l\u00e4ggdags och roligt lekande under dagen, vilket g\u00f6r den till en idealisk present f\u00f6r alla bebisar och barn, oavsett \u00e5lder.<\/p>\n","protected":false},"featured_media":34423,"comment_status":"open","ping_status":"closed","template":"","meta":[],"product_brand":[],"product_cat":[222,227],"product_tag":[],"class_list":{"0":"post-16794","1":"product","2":"type-product","3":"status-publish","4":"has-post-thumbnail","6":"product_cat-klam-och-kramleksaker","7":"product_cat-tillverkad-pa-bestallning","9":"first","10":"onbackorder","11":"taxable","12":"shipping-taxable","13":"purchasable","14":"product-type-simple"},"_links":{"self":[{"href":"https:\/\/tinyknit.eu\/sv\/wp-json\/wp\/v2\/product\/16794","targetHints":{"allow":["GET"]}}],"collection":[{"href":"https:\/\/tinyknit.eu\/sv\/wp-json\/wp\/v2\/product"}],"about":[{"href":"https:\/\/tinyknit.eu\/sv\/wp-json\/wp\/v2\/types\/product"}],"replies":[{"embeddable":true,"href":"https:\/\/tinyknit.eu\/sv\/wp-json\/wp\/v2\/comments?post=16794"}],"version-history":[{"count":1,"href":"https:\/\/tinyknit.eu\/sv\/wp-json\/wp\/v2\/product\/16794\/revisions"}],"predecessor-version":[{"id":16820,"href":"https:\/\/tinyknit.eu\/sv\/wp-json\/wp\/v2\/product\/16794\/revisions\/16820"}],"wp:featuredmedia":[{"embeddable":true,"href":"https:\/\/tinyknit.eu\/sv\/wp-json\/wp\/v2\/media\/34423"}],"wp:attachment":[{"href":"https:\/\/tinyknit.eu\/sv\/wp-json\/wp\/v2\/media?parent=16794"}],"wp:term":[{"taxonomy":"product_brand","embeddable":true,"href":"https:\/\/tinyknit.eu\/sv\/wp-json\/wp\/v2\/product_brand?post=16794"},{"taxonomy":"product_cat","embeddable":true,"href":"https:\/\/tinyknit.eu\/sv\/wp-json\/wp\/v2\/product_cat?post=16794"},{"taxonomy":"product_tag","embeddable":true,"href":"https:\/\/tinyknit.eu\/sv\/wp-json\/wp\/v2\/product_tag?post=16794"}],"curies":[{"name":"wp","href":"https:\/\/api.w.org\/{rel}","templated":true}]}}