{"id":16618,"date":"2023-10-23T19:57:39","date_gmt":"2023-10-23T19:57:39","guid":{"rendered":"https:\/\/tinyknit.eu\/?post_type=product&#038;p=16618"},"modified":"2025-04-05T18:57:05","modified_gmt":"2025-04-05T18:57:05","slug":"mjuk-nattkladesfodral-pyjamasvaska-virkad-lejon-2","status":"publish","type":"product","link":"https:\/\/tinyknit.eu\/sv\/product\/fardig-att-skeppas\/mjuk-nattkladesfodral-pyjamasvaska-virkad-lejon-2\/","title":{"rendered":"Mjuk nattkl\u00e4desfodral, pyjamasv\u00e4ska &#8211; Virkad lejon"},"content":{"rendered":"<p>Pyjamasv\u00e4skan \u00e4r en charmig och m\u00e5ngsidig virkad leksak som kan anv\u00e4ndas till flera syften. Barn kan ha roligt med den, kramas med den under s\u00f6mnen och till och med l\u00e4ra sig att vara ordentliga eftersom den har en tom kropp d\u00e4r de kan f\u00f6rvara sina pyjamasar under dagen. Vissa f\u00f6r\u00e4ldrar v\u00e4ljer ocks\u00e5 att l\u00e4gga till en lavendel p\u00e5se inne i leksaken f\u00f6r att hj\u00e4lpa till att lugna deras baby f\u00f6re l\u00e4ggdags.<\/p>\n<p><strong>Funktioner:<\/strong><br \/>\n\u2022 En pyjamasv\u00e4ska kan hj\u00e4lpa till att l\u00e4ra ditt barn om organisation, eftersom det \u00e4r mycket roligare att l\u00e4gga pyjamasen inne i en leksak \u00e4n att g\u00f6mma den under en kudde.<br \/>\n\u2022 Det kan ocks\u00e5 bidra till att utveckla finmotoriska f\u00e4rdigheter, eftersom barnen l\u00e4r sig att \u00f6ppna och st\u00e4nga sn\u00f6rl\u00e5set.<br \/>\n\u2022 Finmotoriska f\u00e4rdigheter \u00e4r direkt kopplade till utvecklingen av minne, uppm\u00e4rksamhet och koordination.<br \/>\n\u2022 Leksaken kan berika taktila sensationer eftersom den kombinerar olika texturerade garn, vilket kommer att vara intressant f\u00f6r barnet och hj\u00e4lpa dem att l\u00e4ra sig om den omgivande v\u00e4rlden.<br \/>\n\u2022 Den kan lugna och hj\u00e4lpa barnet att somna eftersom pyjamasv\u00e4skan \u00e4r mycket trevlig att kramas med. Alla leksaker \u00e4r tillverkade av hypoallergena material, vilket g\u00f6r dem s\u00e4kra f\u00f6r barnet.<br \/>\n\u2022 En pyjamasv\u00e4ska kan bli en intressant till\u00e4gg till vilket barnrum som helst.<\/p>\n<p><strong>Storlek:<\/strong> ca 58 x 22 cm<br \/>\n<strong>Material:<\/strong> Denna artikel \u00e4r handstickad med hypoallergena, plysch- och bomullsgarn. Den \u00e4r fylld med holofiber och tillverkad i ett r\u00f6k- och djurfritt hem.<\/p>\n<p><strong>Tillverkad i Estland, Europeiska unionen.<\/strong><\/p>\n<p><strong>Setet inneh\u00e5ller:<\/strong><br \/>\n\u2022 1x Pyjamasv\u00e4ska<\/p>\n<p>Observera att den h\u00e4r leksaken levereras med ett sn\u00f6rl\u00e5s. Det \u00e4r viktigt att \u00f6vervaka barn under 3 \u00e5r eller de som har en tendens att s\u00e4tta saker i munnen.<\/p>\n<p><strong>Sk\u00f6tselr\u00e5d:<\/strong><br \/>\n\u2022 Anv\u00e4nd flytande och hypoallergena tv\u00e4ttmedel f\u00f6r att f\u00f6rhindra allergiska reaktioner.<br \/>\n\u2022 Anv\u00e4nd tv\u00e4ttmaskinens skonsamma cykel och st\u00e4ll in temperaturen till 30 grader i 30 minuter.<br \/>\n\u2022 Efter tv\u00e4tt, l\u00e4gg leksaken plant f\u00f6r att torka.<\/p>\n","protected":false},"excerpt":{"rendered":"<p>Pyjamasv\u00e4skan \u00e4r en charmig och m\u00e5ngsidig virkad leksak som kan anv\u00e4ndas till flera syften. Barn kan ha roligt med den, kramas med den under s\u00f6mnen och till och med l\u00e4ra sig att vara ordentliga eftersom den har en tom kropp d\u00e4r de kan f\u00f6rvara sina pyjamasar under dagen. Vissa f\u00f6r\u00e4ldrar v\u00e4ljer ocks\u00e5 att l\u00e4gga till en lavendel p\u00e5se inne i leksaken f\u00f6r att hj\u00e4lpa till att lugna deras baby f\u00f6re l\u00e4ggdags.<\/p>\n","protected":false},"featured_media":16634,"comment_status":"open","ping_status":"closed","template":"","meta":[],"product_brand":[],"product_cat":[228,223,227],"product_tag":[],"class_list":{"0":"post-16618","1":"product","2":"type-product","3":"status-publish","4":"has-post-thumbnail","6":"product_cat-fardig-att-skeppas","7":"product_cat-pyjamas-leksaker","8":"product_cat-tillverkad-pa-bestallning","10":"first","11":"instock","12":"taxable","13":"shipping-taxable","14":"purchasable","15":"product-type-simple"},"_links":{"self":[{"href":"https:\/\/tinyknit.eu\/sv\/wp-json\/wp\/v2\/product\/16618","targetHints":{"allow":["GET"]}}],"collection":[{"href":"https:\/\/tinyknit.eu\/sv\/wp-json\/wp\/v2\/product"}],"about":[{"href":"https:\/\/tinyknit.eu\/sv\/wp-json\/wp\/v2\/types\/product"}],"replies":[{"embeddable":true,"href":"https:\/\/tinyknit.eu\/sv\/wp-json\/wp\/v2\/comments?post=16618"}],"version-history":[{"count":1,"href":"https:\/\/tinyknit.eu\/sv\/wp-json\/wp\/v2\/product\/16618\/revisions"}],"predecessor-version":[{"id":16639,"href":"https:\/\/tinyknit.eu\/sv\/wp-json\/wp\/v2\/product\/16618\/revisions\/16639"}],"wp:featuredmedia":[{"embeddable":true,"href":"https:\/\/tinyknit.eu\/sv\/wp-json\/wp\/v2\/media\/16634"}],"wp:attachment":[{"href":"https:\/\/tinyknit.eu\/sv\/wp-json\/wp\/v2\/media?parent=16618"}],"wp:term":[{"taxonomy":"product_brand","embeddable":true,"href":"https:\/\/tinyknit.eu\/sv\/wp-json\/wp\/v2\/product_brand?post=16618"},{"taxonomy":"product_cat","embeddable":true,"href":"https:\/\/tinyknit.eu\/sv\/wp-json\/wp\/v2\/product_cat?post=16618"},{"taxonomy":"product_tag","embeddable":true,"href":"https:\/\/tinyknit.eu\/sv\/wp-json\/wp\/v2\/product_tag?post=16618"}],"curies":[{"name":"wp","href":"https:\/\/api.w.org\/{rel}","templated":true}]}}