{"id":16407,"date":"2023-10-08T19:55:51","date_gmt":"2023-10-08T19:55:51","guid":{"rendered":"https:\/\/tinyknit.eu\/?post_type=product&#038;p=16407"},"modified":"2025-04-05T18:57:09","modified_gmt":"2025-04-05T18:57:09","slug":"hostdekoration-hostestetik-virkad-pumpa-stor-2","status":"publish","type":"product","link":"https:\/\/tinyknit.eu\/sv\/product\/heminredning\/hostdekoration-hostestetik-virkad-pumpa-stor-2\/","title":{"rendered":"H\u00f6stdekoration, h\u00f6stestetik &#8211; Virkad pumpa, stor"},"content":{"rendered":"<p>Virka pumpor \u00e4r ett perfekt val f\u00f6r att dekorera ditt hem under h\u00f6sts\u00e4songen och Halloween. De vackra, naturliga f\u00e4rgerna p\u00e5 dessa pumpor kommer att fylla ditt hem med en varm och inbjudande atmosf\u00e4r. Du kan anv\u00e4nda dem som dekoration var som helst d\u00e4r du vill v\u00e4cka h\u00f6stens essens. Dessutom kan pumpor g\u00f6ra underbara presenter till dina \u00e4lskade.<\/p>\n<p><strong>Funktioner:<\/strong><br \/>\n\u2022 Alla leksaker \u00e4r tillverkade av hypoallergena material, vilket g\u00f6r dem s\u00e4kra f\u00f6r barnet.<br \/>\n\u2022 En leksak kan bli en intressant till\u00e4gg till alla barns sovrum inredning.<\/p>\n<p><strong>Storlek:<\/strong> ca 26 x 17 cm<br \/>\n<strong>Material:<\/strong>\u00a0Denna produkt \u00e4r handstickad med hj\u00e4lp av hypoallergeniskt, mjukt och bomullsgarn. Den \u00e4r fylld med holofiber och tillverkad i ett r\u00f6k- och husdjursfritt hem.<\/p>\n<p><strong>Tillverkad i Estland, Europeiska Unionen.<\/strong><\/p>\n<p><strong>Setet inneh\u00e5ller:<\/strong><br \/>\n\u2022 1x Virkad pumpa<\/p>\n<p><strong>Sk\u00f6tselr\u00e5d:<\/strong><br \/>\n\u2022 F\u00f6r att f\u00f6rhindra allergiska reaktioner, anv\u00e4nd flytande och hypoallergena tv\u00e4ttmedel.<br \/>\n\u2022 Anv\u00e4nd tv\u00e4ttmaskinens skonsamma cykel och st\u00e4ll in temperaturen p\u00e5 30 grader i 30 minuter.<br \/>\n\u2022 Efter tv\u00e4tt, l\u00e4gg mjukdjuret plant f\u00f6r att torka.<\/p>\n","protected":false},"excerpt":{"rendered":"<p>Virka pumpor \u00e4r ett perfekt val f\u00f6r att dekorera ditt hem under h\u00f6sts\u00e4songen och Halloween. De vackra, naturliga f\u00e4rgerna p\u00e5 dessa pumpor kommer att fylla ditt hem med en varm och inbjudande atmosf\u00e4r.<\/p>\n","protected":false},"featured_media":16412,"comment_status":"open","ping_status":"closed","template":"","meta":[],"product_brand":[],"product_cat":[281],"product_tag":[],"class_list":{"0":"post-16407","1":"product","2":"type-product","3":"status-publish","4":"has-post-thumbnail","6":"product_cat-heminredning","8":"first","9":"instock","10":"taxable","11":"shipping-taxable","12":"purchasable","13":"product-type-simple"},"_links":{"self":[{"href":"https:\/\/tinyknit.eu\/sv\/wp-json\/wp\/v2\/product\/16407","targetHints":{"allow":["GET"]}}],"collection":[{"href":"https:\/\/tinyknit.eu\/sv\/wp-json\/wp\/v2\/product"}],"about":[{"href":"https:\/\/tinyknit.eu\/sv\/wp-json\/wp\/v2\/types\/product"}],"replies":[{"embeddable":true,"href":"https:\/\/tinyknit.eu\/sv\/wp-json\/wp\/v2\/comments?post=16407"}],"version-history":[{"count":1,"href":"https:\/\/tinyknit.eu\/sv\/wp-json\/wp\/v2\/product\/16407\/revisions"}],"predecessor-version":[{"id":16427,"href":"https:\/\/tinyknit.eu\/sv\/wp-json\/wp\/v2\/product\/16407\/revisions\/16427"}],"wp:featuredmedia":[{"embeddable":true,"href":"https:\/\/tinyknit.eu\/sv\/wp-json\/wp\/v2\/media\/16412"}],"wp:attachment":[{"href":"https:\/\/tinyknit.eu\/sv\/wp-json\/wp\/v2\/media?parent=16407"}],"wp:term":[{"taxonomy":"product_brand","embeddable":true,"href":"https:\/\/tinyknit.eu\/sv\/wp-json\/wp\/v2\/product_brand?post=16407"},{"taxonomy":"product_cat","embeddable":true,"href":"https:\/\/tinyknit.eu\/sv\/wp-json\/wp\/v2\/product_cat?post=16407"},{"taxonomy":"product_tag","embeddable":true,"href":"https:\/\/tinyknit.eu\/sv\/wp-json\/wp\/v2\/product_tag?post=16407"}],"curies":[{"name":"wp","href":"https:\/\/api.w.org\/{rel}","templated":true}]}}