{"id":14172,"date":"2023-04-24T08:16:33","date_gmt":"2023-04-24T08:16:33","guid":{"rendered":"https:\/\/tinyknit.eu\/?post_type=product&#038;p=14172"},"modified":"2025-04-05T18:57:23","modified_gmt":"2025-04-05T18:57:23","slug":"skallror-lamm","status":"publish","type":"product","link":"https:\/\/tinyknit.eu\/sv\/product\/fardig-att-skeppas\/skallror-lamm\/","title":{"rendered":"Skallror &#8211; lamm"},"content":{"rendered":"<div class=\"flex flex-grow flex-col gap-3\">\n<div class=\"min-h-[20px] flex flex-col items-start gap-4 whitespace-pre-wrap break-words\">\n<div class=\"markdown prose w-full break-words dark:prose-invert light\">\n<p>Skallror \u00e4r en utm\u00e4rkt present till din bebis som fr\u00e4mjar uppt\u00e4ckargl\u00e4dje och finmotorik. Rasseln \u00e4r utrustad med en behaglig klocka som ringer n\u00e4r den skakas och passar bekv\u00e4mt i barnets hand. Alla delar \u00e4r s\u00e4kert handsydda ihop och rasseln \u00e4r helt s\u00e4ker f\u00f6r barnet. Skallror \u00e4r tillverkad utan sm\u00e5 detaljer och \u00f6gon och n\u00e4sa \u00e4r broderade. Den mjuka och lena ytan p\u00e5 rasseln \u00e4r perfekt f\u00f6r taktil stimulering.<\/p>\n<p><strong>Material:<\/strong> 100% bomull<br \/>\n<strong>Fyllning:<\/strong> 100% holofiber (icke-allergenisk fyllning)<br \/>\n<strong>H\u00f6jd:<\/strong> 16 cm<br \/>\nL\u00e4mplig fr\u00e5n f\u00f6dseln.<\/p>\n<p><strong>Sk\u00f6tselr\u00e5d:<\/strong> Rasseln kan tv\u00e4ttas i maskin p\u00e5 skonsamt program vid 30 grader. Torktumla inte. Stryk inte. Kemtv\u00e4tta inte.<\/p>\n<\/div>\n<\/div>\n<\/div>\n<div class=\"flex justify-between lg:block\">\n<div class=\"text-gray-400 flex self-end lg:self-center justify-center mt-2 gap-2 md:gap-3 lg:gap-1 lg:absolute lg:top-0 lg:translate-x-full lg:right-0 lg:mt-0 lg:pl-2 visible\"><\/div>\n<\/div>\n","protected":false},"excerpt":{"rendered":"<p>Skallror \u00e4r en utm\u00e4rkt present till din bebis som fr\u00e4mjar uppt\u00e4ckargl\u00e4dje och finmotorik. Rasseln \u00e4r utrustad med en behaglig klocka som ringer n\u00e4r den skakas och passar bekv\u00e4mt i barnets hand. Alla delar \u00e4r s\u00e4kert handsydda ihop och rasseln \u00e4r helt s\u00e4ker f\u00f6r barnet. Skallror \u00e4r tillverkad utan sm\u00e5 detaljer och \u00f6gon och n\u00e4sa \u00e4r broderade. Den mjuka och lena ytan p\u00e5 rasseln \u00e4r perfekt f\u00f6r taktil stimulering.<\/p>\n<p><iframe title=\"YouTube video player\" src=\"https:\/\/www.youtube.com\/embed\/etm9vJ1g7Ys?si=P1P1sSeAZ8sYAiNJ\" width=\"560\" height=\"315\" frameborder=\"0\" allowfullscreen=\"allowfullscreen\"><\/iframe><\/p>\n","protected":false},"featured_media":20720,"comment_status":"open","ping_status":"closed","template":"","meta":[],"product_brand":[],"product_cat":[228,663,226],"product_tag":[],"class_list":{"0":"post-14172","1":"product","2":"type-product","3":"status-publish","4":"has-post-thumbnail","6":"product_cat-fardig-att-skeppas","7":"product_cat-rea","8":"product_cat-skallror","10":"first","11":"instock","12":"sale","13":"taxable","14":"shipping-taxable","15":"purchasable","16":"product-type-simple"},"_links":{"self":[{"href":"https:\/\/tinyknit.eu\/sv\/wp-json\/wp\/v2\/product\/14172","targetHints":{"allow":["GET"]}}],"collection":[{"href":"https:\/\/tinyknit.eu\/sv\/wp-json\/wp\/v2\/product"}],"about":[{"href":"https:\/\/tinyknit.eu\/sv\/wp-json\/wp\/v2\/types\/product"}],"replies":[{"embeddable":true,"href":"https:\/\/tinyknit.eu\/sv\/wp-json\/wp\/v2\/comments?post=14172"}],"version-history":[{"count":2,"href":"https:\/\/tinyknit.eu\/sv\/wp-json\/wp\/v2\/product\/14172\/revisions"}],"predecessor-version":[{"id":21179,"href":"https:\/\/tinyknit.eu\/sv\/wp-json\/wp\/v2\/product\/14172\/revisions\/21179"}],"wp:featuredmedia":[{"embeddable":true,"href":"https:\/\/tinyknit.eu\/sv\/wp-json\/wp\/v2\/media\/20720"}],"wp:attachment":[{"href":"https:\/\/tinyknit.eu\/sv\/wp-json\/wp\/v2\/media?parent=14172"}],"wp:term":[{"taxonomy":"product_brand","embeddable":true,"href":"https:\/\/tinyknit.eu\/sv\/wp-json\/wp\/v2\/product_brand?post=14172"},{"taxonomy":"product_cat","embeddable":true,"href":"https:\/\/tinyknit.eu\/sv\/wp-json\/wp\/v2\/product_cat?post=14172"},{"taxonomy":"product_tag","embeddable":true,"href":"https:\/\/tinyknit.eu\/sv\/wp-json\/wp\/v2\/product_tag?post=14172"}],"curies":[{"name":"wp","href":"https:\/\/api.w.org\/{rel}","templated":true}]}}