{"id":14139,"date":"2023-04-23T17:04:57","date_gmt":"2023-04-23T17:04:57","guid":{"rendered":"https:\/\/tinyknit.eu\/?post_type=product&#038;p=14139"},"modified":"2025-04-05T18:57:30","modified_gmt":"2025-04-05T18:57:30","slug":"skallror-rav","status":"publish","type":"product","link":"https:\/\/tinyknit.eu\/sv\/product\/fardig-att-skeppas\/skallror-rav\/","title":{"rendered":"Skallror &#8211; R\u00e4v"},"content":{"rendered":"<p>Skallror \u00e4r en utm\u00e4rkt present f\u00f6r din bebis som ger gl\u00e4dje genom uppt\u00e4ckandet och utvecklar finmotoriken. Leksaken passar bekv\u00e4mt i bebisen hand. Den \u00e4r helt s\u00e4ker f\u00f6r bebisen och irriterar inte bebisens hud. Virkat rassel tillverkat utan sm\u00e5 detaljer, \u00f6gon och n\u00e4sa broderade.<\/p>\n<p><strong>Material:<\/strong> 100% bomull och boktr\u00e4ring<br \/>\n<strong>Fyllning:<\/strong> 100% holofiber (icke-allergiframkallande fyllning)<br \/>\n<strong>H\u00f6jd:<\/strong> 12 cm<br \/>\nL\u00e4mplig f\u00f6r bebisar fr\u00e5n 4-5 m\u00e5nader.<br \/>\nDen har klockor inuti. Alla delar \u00e4r s\u00e4kert handsydda ihop, inget lim anv\u00e4nds.<\/p>\n<p><strong>Sk\u00f6tselr\u00e5d:<\/strong> Torka av med varmt tv\u00e5lvatten och l\u00e5t lufttorka. Doppa inte i vatten eftersom det kan torka ut tr\u00e4et och eventuellt spricka.<\/p>\n","protected":false},"excerpt":{"rendered":"<p>Skallror \u00e4r en utm\u00e4rkt present f\u00f6r din bebis som ger gl\u00e4dje genom uppt\u00e4ckandet och utvecklar finmotoriken. Leksaken passar bekv\u00e4mt i bebisen hand. Den \u00e4r helt s\u00e4ker f\u00f6r bebisen och irriterar inte bebisens hud. Virkat rassel tillverkat utan sm\u00e5 detaljer, \u00f6gon och n\u00e4sa broderade.<\/p>\n<p><iframe width=\"560\" height=\"315\" src=\"https:\/\/www.youtube.com\/embed\/upFEJ26nQ74?si=grPjA8zuIPwrYWsL\" title=\"YouTube video player\" frameborder=\"0\" allow=\"accelerometer; autoplay; clipboard-write; encrypted-media; gyroscope; picture-in-picture; web-share\" referrerpolicy=\"strict-origin-when-cross-origin\" allowfullscreen><\/iframe><\/p>\n","protected":false},"featured_media":20641,"comment_status":"open","ping_status":"closed","template":"","meta":[],"product_brand":[],"product_cat":[228,226],"product_tag":[],"class_list":{"0":"post-14139","1":"product","2":"type-product","3":"status-publish","4":"has-post-thumbnail","6":"product_cat-fardig-att-skeppas","7":"product_cat-skallror","9":"first","10":"instock","11":"taxable","12":"shipping-taxable","13":"purchasable","14":"product-type-simple"},"_links":{"self":[{"href":"https:\/\/tinyknit.eu\/sv\/wp-json\/wp\/v2\/product\/14139","targetHints":{"allow":["GET"]}}],"collection":[{"href":"https:\/\/tinyknit.eu\/sv\/wp-json\/wp\/v2\/product"}],"about":[{"href":"https:\/\/tinyknit.eu\/sv\/wp-json\/wp\/v2\/types\/product"}],"replies":[{"embeddable":true,"href":"https:\/\/tinyknit.eu\/sv\/wp-json\/wp\/v2\/comments?post=14139"}],"version-history":[{"count":3,"href":"https:\/\/tinyknit.eu\/sv\/wp-json\/wp\/v2\/product\/14139\/revisions"}],"predecessor-version":[{"id":21220,"href":"https:\/\/tinyknit.eu\/sv\/wp-json\/wp\/v2\/product\/14139\/revisions\/21220"}],"wp:featuredmedia":[{"embeddable":true,"href":"https:\/\/tinyknit.eu\/sv\/wp-json\/wp\/v2\/media\/20641"}],"wp:attachment":[{"href":"https:\/\/tinyknit.eu\/sv\/wp-json\/wp\/v2\/media?parent=14139"}],"wp:term":[{"taxonomy":"product_brand","embeddable":true,"href":"https:\/\/tinyknit.eu\/sv\/wp-json\/wp\/v2\/product_brand?post=14139"},{"taxonomy":"product_cat","embeddable":true,"href":"https:\/\/tinyknit.eu\/sv\/wp-json\/wp\/v2\/product_cat?post=14139"},{"taxonomy":"product_tag","embeddable":true,"href":"https:\/\/tinyknit.eu\/sv\/wp-json\/wp\/v2\/product_tag?post=14139"}],"curies":[{"name":"wp","href":"https:\/\/api.w.org\/{rel}","templated":true}]}}