{"id":14109,"date":"2023-04-07T15:57:56","date_gmt":"2023-04-07T15:57:56","guid":{"rendered":"https:\/\/tinyknit.eu\/?post_type=product&#038;p=14109"},"modified":"2025-04-05T18:57:36","modified_gmt":"2025-04-05T18:57:36","slug":"mjuk-kudde-for-barn-regnbage-2","status":"publish","type":"product","link":"https:\/\/tinyknit.eu\/sv\/product\/heminredning\/mjuk-kudde-for-barn-regnbage-2\/","title":{"rendered":"Mjuk Kudde f\u00f6r Barn &#8211; Regnb\u00e5ge"},"content":{"rendered":"<p>Mjuka kuddar kan vara det perfekta komplementet till ett enkelt och stilrent barnrum. Genom att placera dem p\u00e5 ett barns s\u00e4ng eller spj\u00e4ls\u00e4ng kan du f\u00f6rb\u00e4ttra den \u00f6vergripande designen med en touch av elegans. Kuddarnas vackra, naturliga f\u00e4rger skapar ocks\u00e5 en varm och inbjudande atmosf\u00e4r i ditt hem.<\/p>\n<p><strong>Egenskaper:<br \/>\n<\/strong> \u2022 Kudden kan berika taktila sensationer eftersom den kombinerar olika texturerade garn, vilket blir intressant f\u00f6r barnet och hj\u00e4lper dem att l\u00e4ra sig om den omgivande v\u00e4rlden.<br \/>\n\u2022 Alla kuddar \u00e4r tillverkade av hypoallergena material, vilket g\u00f6r dem s\u00e4kra f\u00f6r barnet.<br \/>\n\u2022 En kudde kan bli ett intressant tillskott till vilket barns sovrum som helst.<\/p>\n<p><strong>Storlek:<\/strong> ca 31 x 27 cm<br \/>\n<strong>Material:<\/strong> Denna artikel \u00e4r handstickad med hypoallergena, mjuka och bomulls garn. Den \u00e4r fylld med holofiber och tillverkad i ett r\u00f6kfritt och husdjursfritt hem.<\/p>\n<p><strong>Tillverkad i Estland, Europeiska unionen.<\/strong><\/p>\n<p><strong>Setet inneh\u00e5ller:<\/strong><br \/>\n\u2022 1x mjuk kudde<\/p>\n<p><strong>Sk\u00f6tselr\u00e5d:<\/strong><br \/>\n\u2022 F\u00f6r att f\u00f6rhindra allergiska reaktioner, anv\u00e4nd flytande och hypoallergena tv\u00e4ttmedel.<br \/>\n\u2022 Anv\u00e4nd tv\u00e4ttmaskinens skonsamma program och st\u00e4ll temperaturen p\u00e5 30 grader i 30 minuter.<br \/>\n\u2022 Efter tv\u00e4tt, l\u00e4gg kudden platt f\u00f6r att torka.<\/p>\n","protected":false},"excerpt":{"rendered":"<p>Mjuka kuddar kan vara det perfekta komplementet till ett enkelt och stilrent barnrum. Genom att placera dem p\u00e5 ett barns s\u00e4ng eller spj\u00e4ls\u00e4ng kan du f\u00f6rb\u00e4ttra den \u00f6vergripande designen med en touch av elegans. Kuddarnas vackra, naturliga f\u00e4rger skapar ocks\u00e5 en varm och inbjudande atmosf\u00e4r i ditt hem.<\/p>\n","protected":false},"featured_media":13826,"comment_status":"open","ping_status":"closed","template":"","meta":[],"product_brand":[],"product_cat":[281,225,227],"product_tag":[],"class_list":{"0":"post-14109","1":"product","2":"type-product","3":"status-publish","4":"has-post-thumbnail","6":"product_cat-heminredning","7":"product_cat-kuddar","8":"product_cat-tillverkad-pa-bestallning","10":"first","11":"onbackorder","12":"taxable","13":"shipping-taxable","14":"purchasable","15":"product-type-simple"},"_links":{"self":[{"href":"https:\/\/tinyknit.eu\/sv\/wp-json\/wp\/v2\/product\/14109","targetHints":{"allow":["GET"]}}],"collection":[{"href":"https:\/\/tinyknit.eu\/sv\/wp-json\/wp\/v2\/product"}],"about":[{"href":"https:\/\/tinyknit.eu\/sv\/wp-json\/wp\/v2\/types\/product"}],"replies":[{"embeddable":true,"href":"https:\/\/tinyknit.eu\/sv\/wp-json\/wp\/v2\/comments?post=14109"}],"version-history":[{"count":1,"href":"https:\/\/tinyknit.eu\/sv\/wp-json\/wp\/v2\/product\/14109\/revisions"}],"predecessor-version":[{"id":14110,"href":"https:\/\/tinyknit.eu\/sv\/wp-json\/wp\/v2\/product\/14109\/revisions\/14110"}],"wp:featuredmedia":[{"embeddable":true,"href":"https:\/\/tinyknit.eu\/sv\/wp-json\/wp\/v2\/media\/13826"}],"wp:attachment":[{"href":"https:\/\/tinyknit.eu\/sv\/wp-json\/wp\/v2\/media?parent=14109"}],"wp:term":[{"taxonomy":"product_brand","embeddable":true,"href":"https:\/\/tinyknit.eu\/sv\/wp-json\/wp\/v2\/product_brand?post=14109"},{"taxonomy":"product_cat","embeddable":true,"href":"https:\/\/tinyknit.eu\/sv\/wp-json\/wp\/v2\/product_cat?post=14109"},{"taxonomy":"product_tag","embeddable":true,"href":"https:\/\/tinyknit.eu\/sv\/wp-json\/wp\/v2\/product_tag?post=14109"}],"curies":[{"name":"wp","href":"https:\/\/api.w.org\/{rel}","templated":true}]}}