{"id":33964,"date":"2025-09-14T09:40:50","date_gmt":"2025-09-14T09:40:50","guid":{"rendered":"https:\/\/tinyknit.eu\/installment-plan-klarna\/"},"modified":"2025-09-14T09:46:16","modified_gmt":"2025-09-14T09:46:16","slug":"klarna-delbetalningsplan","status":"publish","type":"page","link":"https:\/\/tinyknit.eu\/sv\/klarna-delbetalningsplan\/","title":{"rendered":"Klarna delbetalningsplan"},"content":{"rendered":"<p><img decoding=\"async\" class=\"aligncenter wp-image-33945 size-full\" src=\"https:\/\/tinyknit.eu\/wp-content\/uploads\/2025\/09\/klarna.jpg\" alt=\"\" width=\"600\" height=\"65\" srcset=\"https:\/\/tinyknit.eu\/wp-content\/uploads\/2025\/09\/klarna.jpg 600w, https:\/\/tinyknit.eu\/wp-content\/uploads\/2025\/09\/klarna-400x43.jpg 400w, https:\/\/tinyknit.eu\/wp-content\/uploads\/2025\/09\/klarna-430x47.jpg 430w, https:\/\/tinyknit.eu\/wp-content\/uploads\/2025\/09\/klarna-150x16.jpg 150w\" sizes=\"(max-width: 600px) 100vw, 600px\" \/><\/p>\n<p data-start=\"1483\" data-end=\"1543\"><strong>Klarna \u2013 flexibla betalningar gjort enkelt!<\/strong><\/p>\n<p data-start=\"1545\" data-end=\"1767\">Klarna l\u00e5ter dig handla nu och betala senare p\u00e5 det s\u00e4tt som passar dig b\u00e4st. Oavsett om du f\u00f6redrar att dela upp ditt k\u00f6p i delbetalningar, skjuta upp betalningen eller betala direkt \u2013 Klarna g\u00f6r det enkelt och smidigt.<\/p>\n<ul>\n<li data-start=\"1769\" data-end=\"1811\">Inga dolda avgifter n\u00e4r du betalar i tid<\/li>\n<li data-start=\"1813\" data-end=\"1875\">V\u00e4lj mellan flexibla delbetalningsplaner eller betala senare<\/li>\n<li data-start=\"1877\" data-end=\"1912\">Smidig kassa med bara n\u00e5gra klick<\/li>\n<\/ul>\n<p data-start=\"1914\" data-end=\"1982\">Betalmetoden tillhandah\u00e5lls och hanteras av Klarna Bank AB (publ).<\/p>\n","protected":false},"excerpt":{"rendered":"<p>Klarna \u2013 flexibla betalningar gjort enkelt! Klarna l\u00e5ter dig handla nu och betala senare p\u00e5 det s\u00e4tt som passar dig<\/p>\n","protected":false},"author":1,"featured_media":0,"parent":0,"menu_order":0,"comment_status":"closed","ping_status":"closed","template":"","meta":{"footnotes":""},"class_list":["post-33964","page","type-page","status-publish","hentry"],"_links":{"self":[{"href":"https:\/\/tinyknit.eu\/sv\/wp-json\/wp\/v2\/pages\/33964","targetHints":{"allow":["GET"]}}],"collection":[{"href":"https:\/\/tinyknit.eu\/sv\/wp-json\/wp\/v2\/pages"}],"about":[{"href":"https:\/\/tinyknit.eu\/sv\/wp-json\/wp\/v2\/types\/page"}],"author":[{"embeddable":true,"href":"https:\/\/tinyknit.eu\/sv\/wp-json\/wp\/v2\/users\/1"}],"replies":[{"embeddable":true,"href":"https:\/\/tinyknit.eu\/sv\/wp-json\/wp\/v2\/comments?post=33964"}],"version-history":[{"count":1,"href":"https:\/\/tinyknit.eu\/sv\/wp-json\/wp\/v2\/pages\/33964\/revisions"}],"predecessor-version":[{"id":33966,"href":"https:\/\/tinyknit.eu\/sv\/wp-json\/wp\/v2\/pages\/33964\/revisions\/33966"}],"wp:attachment":[{"href":"https:\/\/tinyknit.eu\/sv\/wp-json\/wp\/v2\/media?parent=33964"}],"curies":[{"name":"wp","href":"https:\/\/api.w.org\/{rel}","templated":true}]}}