{"id":30301,"date":"2025-06-15T18:49:14","date_gmt":"2025-06-15T18:49:14","guid":{"rendered":"https:\/\/tinyknit.eu\/raataloidyt-lelujen-rakentaja\/"},"modified":"2025-06-15T19:21:23","modified_gmt":"2025-06-15T19:21:23","slug":"anpassad-leksaksbyggare","status":"publish","type":"page","link":"https:\/\/tinyknit.eu\/sv\/anpassad-leksaksbyggare\/","title":{"rendered":"Anpassad leksaksbyggare"},"content":{"rendered":"\t\t<div data-elementor-type=\"wp-page\" data-elementor-id=\"30301\" class=\"elementor elementor-30301 elementor-30272\">\n\t\t\t\t\t\t<section class=\"wd-negative-gap elementor-section elementor-top-section elementor-element elementor-element-68f810a elementor-section-boxed elementor-section-height-default elementor-section-height-default\" data-id=\"68f810a\" data-element_type=\"section\">\n\t\t\t\t\t\t<div class=\"elementor-container elementor-column-gap-default\">\n\t\t\t\t\t<div class=\"elementor-column elementor-col-100 elementor-top-column elementor-element elementor-element-3732410\" data-id=\"3732410\" data-element_type=\"column\">\n\t\t\t<div class=\"elementor-widget-wrap elementor-element-populated\">\n\t\t\t\t\t\t<div class=\"elementor-element elementor-element-ccd18cc elementor-widget elementor-widget-image\" data-id=\"ccd18cc\" data-element_type=\"widget\" data-widget_type=\"image.default\">\n\t\t\t\t<div class=\"elementor-widget-container\">\n\t\t\t\t\t\t\t\t\t\t\t\t\t\t\t<img fetchpriority=\"high\" decoding=\"async\" width=\"1200\" height=\"300\" src=\"https:\/\/tinyknit.eu\/wp-content\/uploads\/2025\/06\/etsy-1200x300-1.jpg\" class=\"attachment-full size-full wp-image-30286\" alt=\"\" srcset=\"https:\/\/tinyknit.eu\/wp-content\/uploads\/2025\/06\/etsy-1200x300-1.jpg 1200w, https:\/\/tinyknit.eu\/wp-content\/uploads\/2025\/06\/etsy-1200x300-1-400x100.jpg 400w, https:\/\/tinyknit.eu\/wp-content\/uploads\/2025\/06\/etsy-1200x300-1-768x192.jpg 768w, https:\/\/tinyknit.eu\/wp-content\/uploads\/2025\/06\/etsy-1200x300-1-430x108.jpg 430w, https:\/\/tinyknit.eu\/wp-content\/uploads\/2025\/06\/etsy-1200x300-1-700x175.jpg 700w, https:\/\/tinyknit.eu\/wp-content\/uploads\/2025\/06\/etsy-1200x300-1-150x38.jpg 150w\" sizes=\"(max-width: 1200px) 100vw, 1200px\" \/>\t\t\t\t\t\t\t\t\t\t\t\t\t\t\t<\/div>\n\t\t\t\t<\/div>\n\t\t\t\t\t<\/div>\n\t\t<\/div>\n\t\t\t\t\t<\/div>\n\t\t<\/section>\n\t\t\t\t<section class=\"wd-negative-gap elementor-section elementor-top-section elementor-element elementor-element-3766a26 elementor-section-boxed elementor-section-height-default elementor-section-height-default\" data-id=\"3766a26\" data-element_type=\"section\">\n\t\t\t\t\t\t<div class=\"elementor-container elementor-column-gap-default\">\n\t\t\t\t\t<div class=\"elementor-column elementor-col-100 elementor-top-column elementor-element elementor-element-45113bc\" data-id=\"45113bc\" data-element_type=\"column\">\n\t\t\t<div class=\"elementor-widget-wrap elementor-element-populated\">\n\t\t\t\t\t\t<div class=\"elementor-element elementor-element-8cef006 wd-width-100 elementor-widget elementor-widget-wd_title\" data-id=\"8cef006\" data-element_type=\"widget\" data-widget_type=\"wd_title.default\">\n\t\t\t\t<div class=\"elementor-widget-container\">\n\t\t\t\t\t\t\t<div class=\"title-wrapper wd-set-mb reset-last-child wd-title-color-default wd-title-style-default wd-title-size-default text-center\">\n\n\t\t\t\n\t\t\t<div class=\"liner-continer\">\n\t\t\t\t<h4 class=\"woodmart-title-container title wd-fontsize-l\">Skapa din dr\u00f6mleksak!<\/h4> \n\t\t\t\t\t\t\t<\/div>\n\n\t\t\t\t\t<\/div>\n\t\t\t\t\t\t<\/div>\n\t\t\t\t<\/div>\n\t\t\t\t<div class=\"elementor-element elementor-element-b890171 elementor-widget elementor-widget-wd_text_block\" data-id=\"b890171\" data-element_type=\"widget\" data-widget_type=\"wd_text_block.default\">\n\t\t\t\t<div class=\"elementor-widget-container\">\n\t\t\t\t\t\t\t<div class=\"wd-text-block reset-last-child text-left\">\n\t\t\t\n\t\t\t<p data-start=\"2864\" data-end=\"3113\">Vissa av v\u00e5ra leksaker kan anpassas, vilket inneb\u00e4r att du kan personifiera vissa delar och g\u00f6ra leksaken helt unik. Delta i den kreativa processen och designa en speciell v\u00e4n till ditt barn \u2014 eller som en omt\u00e4nksam g\u00e5va!<\/p><p data-start=\"3115\" data-end=\"3266\">\u00a0<\/p>\n\t\t\t\t\t<\/div>\n\t\t\t\t\t\t<\/div>\n\t\t\t\t<\/div>\n\t\t\t\t\t<\/div>\n\t\t<\/div>\n\t\t\t\t\t<\/div>\n\t\t<\/section>\n\t\t\t\t<section class=\"wd-negative-gap elementor-section elementor-top-section elementor-element elementor-element-56e5f9d elementor-section-boxed elementor-section-height-default elementor-section-height-default\" data-id=\"56e5f9d\" data-element_type=\"section\">\n\t\t\t\t\t\t<div class=\"elementor-container elementor-column-gap-default\">\n\t\t\t\t\t<div class=\"elementor-column elementor-col-100 elementor-top-column elementor-element elementor-element-9be6fcb\" data-id=\"9be6fcb\" data-element_type=\"column\">\n\t\t\t<div class=\"elementor-widget-wrap elementor-element-populated\">\n\t\t\t\t\t\t<div class=\"elementor-element elementor-element-e6f9873 elementor-widget-divider--view-line elementor-widget elementor-widget-divider\" data-id=\"e6f9873\" data-element_type=\"widget\" data-widget_type=\"divider.default\">\n\t\t\t\t<div class=\"elementor-widget-container\">\n\t\t\t\t\t\t\t<div class=\"elementor-divider\">\n\t\t\t<span class=\"elementor-divider-separator\">\n\t\t\t\t\t\t<\/span>\n\t\t<\/div>\n\t\t\t\t\t\t<\/div>\n\t\t\t\t<\/div>\n\t\t\t\t\t<\/div>\n\t\t<\/div>\n\t\t\t\t\t<\/div>\n\t\t<\/section>\n\t\t\t\t<section class=\"wd-negative-gap elementor-section elementor-top-section elementor-element elementor-element-a8a3751 elementor-section-boxed elementor-section-height-default elementor-section-height-default\" data-id=\"a8a3751\" data-element_type=\"section\">\n\t\t\t\t\t\t<div class=\"elementor-container elementor-column-gap-default\">\n\t\t\t\t\t<div class=\"elementor-column elementor-col-33 elementor-top-column elementor-element elementor-element-343ac0d\" data-id=\"343ac0d\" data-element_type=\"column\">\n\t\t\t<div class=\"elementor-widget-wrap elementor-element-populated\">\n\t\t\t\t\t\t<div class=\"elementor-element elementor-element-ed6490b wd-width-100 elementor-widget elementor-widget-wd_title\" data-id=\"ed6490b\" data-element_type=\"widget\" data-widget_type=\"wd_title.default\">\n\t\t\t\t<div class=\"elementor-widget-container\">\n\t\t\t\t\t\t\t<div class=\"title-wrapper wd-set-mb reset-last-child wd-title-color-default wd-title-style-default wd-title-size-default text-center\">\n\n\t\t\t\n\t\t\t<div class=\"liner-continer\">\n\t\t\t\t<h4 class=\"woodmart-title-container title wd-fontsize-l\">Vad kan du anpassa?<\/h4> \n\t\t\t\t\t\t\t<\/div>\n\n\t\t\t\t\t\t\t<div class=\"title-after_title reset-last-child wd-fontsize-xs\">\n\t\t\t\t\t<p>F\u00f6r utvalda leksaker kan du v\u00e4lja:<br \/>\ud83c\udfa8 Kroppsf\u00e4rg<br \/>\ud83d\udc40 \u00d6gonf\u00e4rg<br \/>\ud83d\udc3e F\u00e4rg p\u00e5 tassar, \u00f6ron eller svans (beroende p\u00e5 leksak)<\/p><p>Alla material \u00e4r hypoallergena och s\u00e4kra f\u00f6r barn, oavsett anpassningar.<\/p>\t\t\t\t<\/div>\n\t\t\t\t\t<\/div>\n\t\t\t\t\t\t<\/div>\n\t\t\t\t<\/div>\n\t\t\t\t\t<\/div>\n\t\t<\/div>\n\t\t\t\t<div class=\"elementor-column elementor-col-33 elementor-top-column elementor-element elementor-element-6c7daa7\" data-id=\"6c7daa7\" data-element_type=\"column\">\n\t\t\t<div class=\"elementor-widget-wrap elementor-element-populated\">\n\t\t\t\t\t\t<div class=\"elementor-element elementor-element-2517008 wd-width-100 elementor-widget elementor-widget-wd_title\" data-id=\"2517008\" data-element_type=\"widget\" data-widget_type=\"wd_title.default\">\n\t\t\t\t<div class=\"elementor-widget-container\">\n\t\t\t\t\t\t\t<div class=\"title-wrapper wd-set-mb reset-last-child wd-title-color-default wd-title-style-default wd-title-size-default text-center\">\n\n\t\t\t\n\t\t\t<div class=\"liner-continer\">\n\t\t\t\t<h4 class=\"woodmart-title-container title wd-fontsize-l\">S\u00e5 fungerar det:<\/h4> \n\t\t\t\t\t\t\t<\/div>\n\n\t\t\t\t\t\t\t<div class=\"title-after_title reset-last-child wd-fontsize-xs\">\n\t\t\t\t\t<p>1) Leta efter etiketten \"V\u00e4lj typ av leksak\" p\u00e5 produktsidan<\/p><p>2) Klicka p\u00e5 \"Jag vill v\u00e4lja en annan\/egen f\u00e4rg\"<\/p><p>3) V\u00e4lj dina favoritf\u00e4rger fr\u00e5n v\u00e5r palett<\/p><p>4) L\u00e4gg till anteckningar eller \u00f6nskem\u00e5l (valfritt)<\/p><p>5) Best\u00e4ll \u2014 vi tar hand om resten!<\/p>\t\t\t\t<\/div>\n\t\t\t\t\t<\/div>\n\t\t\t\t\t\t<\/div>\n\t\t\t\t<\/div>\n\t\t\t\t\t<\/div>\n\t\t<\/div>\n\t\t\t\t<div class=\"elementor-column elementor-col-33 elementor-top-column elementor-element elementor-element-98f9c78\" data-id=\"98f9c78\" data-element_type=\"column\">\n\t\t\t<div class=\"elementor-widget-wrap elementor-element-populated\">\n\t\t\t\t\t\t<div class=\"elementor-element elementor-element-9e86df6 wd-width-100 elementor-widget elementor-widget-wd_title\" data-id=\"9e86df6\" data-element_type=\"widget\" data-widget_type=\"wd_title.default\">\n\t\t\t\t<div class=\"elementor-widget-container\">\n\t\t\t\t\t\t\t<div class=\"title-wrapper wd-set-mb reset-last-child wd-title-color-default wd-title-style-default wd-title-size-default text-center\">\n\n\t\t\t\n\t\t\t<div class=\"liner-continer\">\n\t\t\t\t<h4 class=\"woodmart-title-container title wd-fontsize-l\">Handgjord med k\u00e4rlek<\/h4> \n\t\t\t\t\t\t\t<\/div>\n\n\t\t\t\t\t\t\t<div class=\"title-after_title reset-last-child wd-fontsize-xs\">\n\t\t\t\t\t<p>Precis som v\u00e5ra vanliga leksaker \u00e4r de anpassade:<br \/>\u2022 Handgjorda av plysch och bomullsgarn<br \/>\u2022 Fyllda med hypoallergen holofiber<br \/>\u2022 Tillverkade i en r\u00f6k- och djurfri studio i Estland, EU<\/p>\t\t\t\t<\/div>\n\t\t\t\t\t<\/div>\n\t\t\t\t\t\t<\/div>\n\t\t\t\t<\/div>\n\t\t\t\t\t<\/div>\n\t\t<\/div>\n\t\t\t\t\t<\/div>\n\t\t<\/section>\n\t\t\t\t<section class=\"wd-negative-gap elementor-section elementor-top-section elementor-element elementor-element-45c86c0 elementor-section-boxed elementor-section-height-default elementor-section-height-default\" data-id=\"45c86c0\" data-element_type=\"section\">\n\t\t\t\t\t\t<div class=\"elementor-container elementor-column-gap-default\">\n\t\t\t\t\t<div class=\"elementor-column elementor-col-100 elementor-top-column elementor-element elementor-element-47fa834\" data-id=\"47fa834\" data-element_type=\"column\">\n\t\t\t<div class=\"elementor-widget-wrap elementor-element-populated\">\n\t\t\t\t\t\t<div class=\"elementor-element elementor-element-a152bb7 elementor-widget-divider--view-line elementor-widget elementor-widget-divider\" data-id=\"a152bb7\" data-element_type=\"widget\" data-widget_type=\"divider.default\">\n\t\t\t\t<div class=\"elementor-widget-container\">\n\t\t\t\t\t\t\t<div class=\"elementor-divider\">\n\t\t\t<span class=\"elementor-divider-separator\">\n\t\t\t\t\t\t<\/span>\n\t\t<\/div>\n\t\t\t\t\t\t<\/div>\n\t\t\t\t<\/div>\n\t\t\t\t\t<\/div>\n\t\t<\/div>\n\t\t\t\t\t<\/div>\n\t\t<\/section>\n\t\t\t\t<section class=\"wd-negative-gap elementor-section elementor-top-section elementor-element elementor-element-d6669d9 elementor-section-boxed elementor-section-height-default elementor-section-height-default\" data-id=\"d6669d9\" data-element_type=\"section\">\n\t\t\t\t\t\t<div class=\"elementor-container elementor-column-gap-default\">\n\t\t\t\t\t<div class=\"elementor-column elementor-col-100 elementor-top-column elementor-element elementor-element-debd609\" data-id=\"debd609\" data-element_type=\"column\">\n\t\t\t<div class=\"elementor-widget-wrap elementor-element-populated\">\n\t\t\t\t\t\t<div class=\"elementor-element elementor-element-e1d4fa7 wd-width-100 elementor-widget elementor-widget-wd_title\" data-id=\"e1d4fa7\" data-element_type=\"widget\" data-widget_type=\"wd_title.default\">\n\t\t\t\t<div class=\"elementor-widget-container\">\n\t\t\t\t\t\t\t<div class=\"title-wrapper wd-set-mb reset-last-child wd-title-color-default wd-title-style-default wd-title-size-default text-center\">\n\n\t\t\t\n\t\t\t<div class=\"liner-continer\">\n\t\t\t\t<h4 class=\"woodmart-title-container title wd-fontsize-l\">En unik och personlig present<\/h4> \n\t\t\t\t\t\t\t<\/div>\n\n\t\t\t\t\t\t\t<div class=\"title-after_title reset-last-child wd-fontsize-xs\">\n\t\t\t\t\t<p>Perfekt f\u00f6r babyshowers, f\u00f6delsedagar eller bara f\u00f6r att \u2014 din anpassade leksak levereras i presentf\u00f6rpackning.<\/p>\t\t\t\t<\/div>\n\t\t\t\t\t<\/div>\n\t\t\t\t\t\t<\/div>\n\t\t\t\t<\/div>\n\t\t\t\t\t<\/div>\n\t\t<\/div>\n\t\t\t\t\t<\/div>\n\t\t<\/section>\n\t\t\t\t<\/div>\n\t\t","protected":false},"excerpt":{"rendered":"<p>Skapa din dr\u00f6mleksak! Vissa av v\u00e5ra leksaker kan anpassas, vilket inneb\u00e4r att du kan personifiera vissa delar och g\u00f6ra leksaken<\/p>\n","protected":false},"author":1,"featured_media":0,"parent":0,"menu_order":0,"comment_status":"closed","ping_status":"closed","template":"","meta":{"footnotes":""},"class_list":["post-30301","page","type-page","status-publish","hentry"],"_links":{"self":[{"href":"https:\/\/tinyknit.eu\/sv\/wp-json\/wp\/v2\/pages\/30301","targetHints":{"allow":["GET"]}}],"collection":[{"href":"https:\/\/tinyknit.eu\/sv\/wp-json\/wp\/v2\/pages"}],"about":[{"href":"https:\/\/tinyknit.eu\/sv\/wp-json\/wp\/v2\/types\/page"}],"author":[{"embeddable":true,"href":"https:\/\/tinyknit.eu\/sv\/wp-json\/wp\/v2\/users\/1"}],"replies":[{"embeddable":true,"href":"https:\/\/tinyknit.eu\/sv\/wp-json\/wp\/v2\/comments?post=30301"}],"version-history":[{"count":4,"href":"https:\/\/tinyknit.eu\/sv\/wp-json\/wp\/v2\/pages\/30301\/revisions"}],"predecessor-version":[{"id":30305,"href":"https:\/\/tinyknit.eu\/sv\/wp-json\/wp\/v2\/pages\/30301\/revisions\/30305"}],"wp:attachment":[{"href":"https:\/\/tinyknit.eu\/sv\/wp-json\/wp\/v2\/media?parent=30301"}],"curies":[{"name":"wp","href":"https:\/\/api.w.org\/{rel}","templated":true}]}}