{"id":17194,"date":"2024-01-17T18:02:13","date_gmt":"2024-01-17T18:02:13","guid":{"rendered":"https:\/\/tinyknit.eu\/shipping-and-returns\/"},"modified":"2024-01-17T19:05:57","modified_gmt":"2024-01-17T19:05:57","slug":"frakt-och-retur","status":"publish","type":"page","link":"https:\/\/tinyknit.eu\/sv\/frakt-och-retur\/","title":{"rendered":"Frakt och retur"},"content":{"rendered":"<p><strong>Frakt:<\/strong><br \/>\nFrakt fr\u00e5n Estland.<\/p>\n<p>Ber\u00e4knad leveranstid:<br \/>\n<strong>Estland<\/strong>\u00a0\u2013 1 \u2013 2 arbetsdagar;<br \/>\n<strong>Europa<\/strong>\u00a0\u2013 4 \u2013 15 arbetsdagar;<br \/>\n<strong>USA och Kanada<\/strong>\u00a0\u2013 5 \u2013 30 arbetsdagar.<br \/>\n<strong>V\u00e4rlden<\/strong>\u00a0\u2013 15 \u2013 40 arbetsdagar.<\/p>\n<p>V\u00e5r orderbehandlingstid varierar fr\u00e5n 3 till 6 arbetsdagar f\u00f6r f\u00f6rbest\u00e4llningsprodukter och fr\u00e5n 1 till 2 arbetsdagar f\u00f6r produkter som finns i lager. Orderbehandlingstiden \u00e4r inte samma som leveranstiden. Om best\u00e4llningen inneh\u00e5ller b\u00e5de produkter som finns i lager och f\u00f6rbest\u00e4llningsprodukter kommer din best\u00e4llning att skickas efter att alla produkter finns i lager och \u00e4r redo att skickas. Om du vill att din best\u00e4llning ska skickas tidigare, v\u00e4nligen l\u00e4gg separata best\u00e4llningar.<\/p>\n<p><strong>Global leverans:<\/strong><\/p>\n\n<table id=\"tablepress-1\" class=\"tablepress tablepress-id-1\">\n<thead>\n<tr class=\"row-1\">\n\t<th class=\"column-1\">Country<\/th><th class=\"column-2\">Courier Delivery<\/th><th class=\"column-3\">Parcel pickup point (Post office)<\/th><th class=\"column-4\">Delivery time in days (approximately)<\/th>\n<\/tr>\n<\/thead>\n<tbody class=\"row-striping row-hover\">\n<tr class=\"row-2\">\n\t<td class=\"column-1\">Austria<\/td><td class=\"column-2\">15.96<\/td><td class=\"column-3\">9.25<\/td><td class=\"column-4\">5-8<\/td>\n<\/tr>\n<tr class=\"row-3\">\n\t<td class=\"column-1\">Belgium<\/td><td class=\"column-2\">15.38<\/td><td class=\"column-3\">8.22<\/td><td class=\"column-4\">5-9<\/td>\n<\/tr>\n<tr class=\"row-4\">\n\t<td class=\"column-1\">Bulgaria<\/td><td class=\"column-2\">17.06<\/td><td class=\"column-3\">11.23<\/td><td class=\"column-4\">8-13<\/td>\n<\/tr>\n<tr class=\"row-5\">\n\t<td class=\"column-1\">Ireland<\/td><td class=\"column-2\">21.19<\/td><td class=\"column-3\">15.11<\/td><td class=\"column-4\">8-13<\/td>\n<\/tr>\n<tr class=\"row-6\">\n\t<td class=\"column-1\">Germany<\/td><td class=\"column-2\">13.37<\/td><td class=\"column-3\">7.85<\/td><td class=\"column-4\">5-9<\/td>\n<\/tr>\n<tr class=\"row-7\">\n\t<td class=\"column-1\">Greece<\/td><td class=\"column-2\">18.53<\/td><td class=\"column-3\">12.62<\/td><td class=\"column-4\">6-12<\/td>\n<\/tr>\n<tr class=\"row-8\">\n\t<td class=\"column-1\">Spain<\/td><td class=\"column-2\">15.10<\/td><td class=\"column-3\">9.18<\/td><td class=\"column-4\">6-11<\/td>\n<\/tr>\n<tr class=\"row-9\">\n\t<td class=\"column-1\">Italy<\/td><td class=\"column-2\">13.73<\/td><td class=\"column-3\">10.58<\/td><td class=\"column-4\">6-11<\/td>\n<\/tr>\n<tr class=\"row-10\">\n\t<td class=\"column-1\">Luxembourg<\/td><td class=\"column-2\">15.07<\/td><td class=\"column-3\">9.38<\/td><td class=\"column-4\">4-8<\/td>\n<\/tr>\n<tr class=\"row-11\">\n\t<td class=\"column-1\">France<\/td><td class=\"column-2\">21.13<\/td><td class=\"column-3\">8.28<\/td><td class=\"column-4\">5-9<\/td>\n<\/tr>\n<tr class=\"row-12\">\n\t<td class=\"column-1\">Croatia<\/td><td class=\"column-2\">16.31<\/td><td class=\"column-3\">10.54<\/td><td class=\"column-4\">5-9<\/td>\n<\/tr>\n<tr class=\"row-13\">\n\t<td class=\"column-1\">Czech Republic<\/td><td class=\"column-2\">13.23<\/td><td class=\"column-3\">9.25<\/td><td class=\"column-4\">10-14<\/td>\n<\/tr>\n<tr class=\"row-14\">\n\t<td class=\"column-1\">Sweden<\/td><td class=\"column-2\">18.70<\/td><td class=\"column-3\">9.88<\/td><td class=\"column-4\">5-9<\/td>\n<\/tr>\n<tr class=\"row-15\">\n\t<td class=\"column-1\">Australia<\/td><td class=\"column-2\">33.73<\/td><td class=\"column-3\">20.83<\/td><td class=\"column-4\">13-25<\/td>\n<\/tr>\n<tr class=\"row-16\">\n\t<td class=\"column-1\">Argentina<\/td><td class=\"column-2\">35.79<\/td><td class=\"column-3\">20.84<\/td><td class=\"column-4\">11-19<\/td>\n<\/tr>\n<tr class=\"row-17\">\n\t<td class=\"column-1\">United Kingdom<\/td><td class=\"column-2\">21.19<\/td><td class=\"column-3\">15.11<\/td><td class=\"column-4\">4-8<\/td>\n<\/tr>\n<tr class=\"row-18\">\n\t<td class=\"column-1\">Canada<\/td><td class=\"column-2\">32.28<\/td><td class=\"column-3\">24.09<\/td><td class=\"column-4\">6-13<\/td>\n<\/tr>\n<tr class=\"row-19\">\n\t<td class=\"column-1\">South Korea<\/td><td class=\"column-2\">43.90<\/td><td class=\"column-3\">19.45<\/td><td class=\"column-4\">25-34<\/td>\n<\/tr>\n<tr class=\"row-20\">\n\t<td class=\"column-1\">New Zealand<\/td><td class=\"column-2\">33.04<\/td><td class=\"column-3\">25.25<\/td><td class=\"column-4\">11-20<\/td>\n<\/tr>\n<tr class=\"row-21\">\n\t<td class=\"column-1\">Norway<\/td><td class=\"column-2\">-<\/td><td class=\"column-3\">15.54<\/td><td class=\"column-4\">7-13<\/td>\n<\/tr>\n<tr class=\"row-22\">\n\t<td class=\"column-1\">USA<\/td><td class=\"column-2\">43.52<\/td><td class=\"column-3\">20.58<\/td><td class=\"column-4\">7-18<\/td>\n<\/tr>\n<tr class=\"row-23\">\n\t<td class=\"column-1\">Switzerland<\/td><td class=\"column-2\">19.33<\/td><td class=\"column-3\">14.20<\/td><td class=\"column-4\">8-11<\/td>\n<\/tr>\n<tr class=\"row-24\">\n\t<td class=\"column-1\">Japan<\/td><td class=\"column-2\">49.23<\/td><td class=\"column-3\">17.26<\/td><td class=\"column-4\">6-13<\/td>\n<\/tr>\n<\/tbody>\n<\/table>\n<!-- #tablepress-1 from cache -->\n<p>Priserna \u00e4r i euro. Den slutliga leveranskostnaden ber\u00e4knas p\u00e5 best\u00e4llningssidan. Kostnaden i tabellen g\u00e4ller f\u00f6r paket som v\u00e4ger upp till 250 gram. Leveranstiden kan f\u00f6rl\u00e4ngas under helgdagar. Vi uppskattar ert f\u00f6rst\u00e5else. Vid best\u00e4llning till l\u00e4nder utanf\u00f6r Europeiska unionen kan en extra tullavgift (skatt) tillkomma. Var god och verifiera exakt information med din lokala postorganisation.<\/p>\n<p><strong>Returer:<\/strong><br \/>\nEfter att ha mottagit best\u00e4llningen har k\u00f6paren r\u00e4tt att \u00e5ngra avtalet som ing\u00e5tts med e-butiken inom 14 dagar. K\u00f6pta varor kan inte returneras om de \u00e4r tillverkade eller k\u00f6pta p\u00e5 s\u00e4rskild best\u00e4llning f\u00f6r en kund. Den returnerade produkten m\u00e5ste vara i sitt ursprungliga f\u00f6rpackning och f\u00e5r inte anv\u00e4ndas. F\u00f6r att ut\u00f6va 14-dagars \u00e5ngerr\u00e4tt f\u00e5r du inte anv\u00e4nda de best\u00e4llda varorna p\u00e5 n\u00e5got annat s\u00e4tt \u00e4n vad som \u00e4r n\u00f6dv\u00e4ndigt f\u00f6r att s\u00e4kerst\u00e4lla varornas natur, egenskaper och funktion p\u00e5 samma s\u00e4tt som du skulle till\u00e5tas testa varorna i en faktisk butik. K\u00f6paren ska b\u00e4ra kostnaden f\u00f6r att returnera varorna, f\u00f6rutom i de fall d\u00e4r anledningen till returen beror p\u00e5 att en \u00e5terbetalningsbar produkt inte \u00f6verensst\u00e4mmer med best\u00e4llningen (t.ex. felaktig eller defekt produkt).<\/p>\n<p><strong>Vanligt f\u00f6rekommande fr\u00e5gor:<\/strong><\/p>\n<p>Vad kommer att h\u00e4nda om jag inte h\u00e4mtar paketet och det returneras till avs\u00e4ndaren?<br \/>\nOm paketet returneras till mig p\u00e5 grund av att du inte h\u00e4mtar det, kommer pengarna inte att \u00e5terbetalas.<\/p>\n<p>Ing\u00e5r tullavgifter, avgifter och importskatter i priset?<br \/>\nKostnaden f\u00f6r tullavgifter, avgifter och importskatter ing\u00e5r inte i priset och \u00e4r k\u00f6parens fulla ansvar att betala.<\/p>\n<p>Tar ni emot byten och returer?<br \/>\nDu har 14 dagar p\u00e5 dig att returnera eller byta ut produkten.<br \/>\nMeddela mig inom 3 dagar om du vill returnera eller byta ut produkten.<br \/>\nK\u00f6paren ansvarar f\u00f6r returfraktkostnaderna och eventuell f\u00f6rlust av v\u00e4rde om en vara inte returneras i originalskick.<br \/>\nVi \u00e5terbetalar produktens kostnad efter att ha mottagit den och kontrollerat att den \u00e4r i originalskick.<\/p>\n<p>Vad g\u00f6r jag om paketet \u00e4r f\u00f6rsenat?<br \/>\nEnligt lagen har Posten en svarstid p\u00e5 30-90 dagar under vilken paketet antingen kommer att lokaliseras och levereras till dig eller erk\u00e4nnas som f\u00f6rlorat. Om paketet f\u00f6rklaras som f\u00f6rlorat kommer du att f\u00e5 full \u00e5terbetalning av best\u00e4llningsbeloppet. Observera att alla datum \u00e4r ungef\u00e4rliga och utanf\u00f6r min kontroll eftersom jag f\u00f6rlitar mig p\u00e5 Posttj\u00e4nsten f\u00f6r att leverera paketet. Om paketet slutligen lokaliseras och levereras till dig, men efter betydande f\u00f6rsening, kommer ingen \u00e5terbetalning att utf\u00e4rdas i det fallet.<\/p>\n<p>Vad \u00e4r er avbokningspolicy?<br \/>\nJag kan acceptera avbokning inom 2 timmar efter k\u00f6pet. Undantaget \u00e4r produkter med personlig anpassning.<\/p>\n<p>Vad ska jag g\u00f6ra om varan \u00e4r skadad under transporten?<br \/>\nOm produkten skadades under transporten, v\u00e4nligen skicka oss en bild inom 3 dagar fr\u00e5n mottagandet, och vi kommer att skicka dig en ny produkt eller \u00e5terbetala beloppet.<\/p>\n<p>Kan ni sl\u00e5 in min best\u00e4llning som en present?<br \/>\nJa, vi erbjuder ett alternativ f\u00f6r presentinslagning mot en extra kostnad. Kontakta mig f\u00f6r mer information om presentinslagning.<\/p>\n<p>Vad \u00e4r en &#8221;paketupph\u00e4mtningspunkt&#8221;?<br \/>\nDet n\u00e4rmaste postkontoret i ditt land. Ibland kan paketet levereras till en brevl\u00e5da eller med bud. Vid paketf\u00f6rlust tillhandah\u00e5lls minimal kompensation.<\/p>\n<p>Vad \u00e4r &#8221;kurirleverans&#8221;?<br \/>\nLeverans till d\u00f6rren p\u00e5 ett kontor eller hem. Om leveranstj\u00e4nsten f\u00f6rlorar ditt paket tillhandah\u00e5lls h\u00f6gsta m\u00f6jliga kompensation f\u00f6r f\u00f6rluster.<\/p>\n","protected":false},"excerpt":{"rendered":"<p>Frakt: Frakt fr\u00e5n Estland. Ber\u00e4knad leveranstid: Estland\u00a0\u2013 1 \u2013 2 arbetsdagar; Europa\u00a0\u2013 4 \u2013 15 arbetsdagar; USA och Kanada\u00a0\u2013 5<\/p>\n","protected":false},"author":1,"featured_media":0,"parent":0,"menu_order":0,"comment_status":"closed","ping_status":"closed","template":"","meta":{"footnotes":""},"class_list":["post-17194","page","type-page","status-publish","hentry"],"_links":{"self":[{"href":"https:\/\/tinyknit.eu\/sv\/wp-json\/wp\/v2\/pages\/17194","targetHints":{"allow":["GET"]}}],"collection":[{"href":"https:\/\/tinyknit.eu\/sv\/wp-json\/wp\/v2\/pages"}],"about":[{"href":"https:\/\/tinyknit.eu\/sv\/wp-json\/wp\/v2\/types\/page"}],"author":[{"embeddable":true,"href":"https:\/\/tinyknit.eu\/sv\/wp-json\/wp\/v2\/users\/1"}],"replies":[{"embeddable":true,"href":"https:\/\/tinyknit.eu\/sv\/wp-json\/wp\/v2\/comments?post=17194"}],"version-history":[{"count":2,"href":"https:\/\/tinyknit.eu\/sv\/wp-json\/wp\/v2\/pages\/17194\/revisions"}],"predecessor-version":[{"id":17201,"href":"https:\/\/tinyknit.eu\/sv\/wp-json\/wp\/v2\/pages\/17194\/revisions\/17201"}],"wp:attachment":[{"href":"https:\/\/tinyknit.eu\/sv\/wp-json\/wp\/v2\/media?parent=17194"}],"curies":[{"name":"wp","href":"https:\/\/api.w.org\/{rel}","templated":true}]}}