{"id":14050,"date":"2023-04-25T14:52:18","date_gmt":"2023-04-25T14:52:18","guid":{"rendered":"https:\/\/tinyknit.eu\/faq\/"},"modified":"2023-05-01T13:45:12","modified_gmt":"2023-05-01T13:45:12","slug":"vanliga-fragor-och-svar","status":"publish","type":"page","link":"https:\/\/tinyknit.eu\/sv\/vanliga-fragor-och-svar\/","title":{"rendered":"Vanliga fr\u00e5gor och svar"},"content":{"rendered":"\t\t<div data-elementor-type=\"wp-page\" data-elementor-id=\"14050\" class=\"elementor elementor-14050 elementor-12682\">\n\t\t\t\t\t\t<section class=\"wd-negative-gap elementor-section elementor-top-section elementor-element elementor-element-53d1c30a elementor-section-boxed elementor-section-height-default elementor-section-height-default\" data-id=\"53d1c30a\" data-element_type=\"section\">\n\t\t\t\t\t\t<div class=\"elementor-container elementor-column-gap-default\">\n\t\t\t\t\t<div class=\"elementor-column elementor-col-100 elementor-top-column elementor-element elementor-element-3f2fac2b\" data-id=\"3f2fac2b\" data-element_type=\"column\">\n\t\t\t<div class=\"elementor-widget-wrap elementor-element-populated\">\n\t\t\t\t\t\t<div class=\"elementor-element elementor-element-563f3168 wd-width-100 elementor-widget elementor-widget-wd_title\" data-id=\"563f3168\" data-element_type=\"widget\" data-widget_type=\"wd_title.default\">\n\t\t\t\t<div class=\"elementor-widget-container\">\n\t\t\t\t\t\t\t<div class=\"title-wrapper wd-set-mb reset-last-child wd-title-color-default wd-title-style-underlined wd-title-size-default text-left\">\n\n\t\t\t\n\t\t\t<div class=\"liner-continer\">\n\t\t\t\t<h4 class=\"woodmart-title-container title wd-fontsize-l\">Vanliga fr\u00e5gor och svar<\/h4> \n\t\t\t\t\t\t\t<\/div>\n\n\t\t\t\t\t<\/div>\n\t\t\t\t\t\t<\/div>\n\t\t\t\t<\/div>\n\t\t\t\t<section class=\"wd-negative-gap elementor-section elementor-inner-section elementor-element elementor-element-165b47a3 elementor-section-boxed elementor-section-height-default elementor-section-height-default\" data-id=\"165b47a3\" data-element_type=\"section\">\n\t\t\t\t\t\t<div class=\"elementor-container elementor-column-gap-extended\">\n\t\t\t\t\t<div class=\"elementor-column elementor-col-50 elementor-inner-column elementor-element elementor-element-1df55440\" data-id=\"1df55440\" data-element_type=\"column\">\n\t\t\t<div class=\"elementor-widget-wrap elementor-element-populated\">\n\t\t\t\t\t\t<div class=\"elementor-element elementor-element-42af0a69 elementor-widget elementor-widget-wd_text_block\" data-id=\"42af0a69\" data-element_type=\"widget\" data-widget_type=\"wd_text_block.default\">\n\t\t\t\t<div class=\"elementor-widget-container\">\n\t\t\t\t\t\t\t<div class=\"wd-text-block reset-last-child text-left\">\n\t\t\t\n\t\t\t<h5>Anpassade och personliga best\u00e4llningar<\/h5><p>Ja, jag tar emot best\u00e4llningar p\u00e5 anpassade leksaker.<\/p>\n\t\t\t\t\t<\/div>\n\t\t\t\t\t\t<\/div>\n\t\t\t\t<\/div>\n\t\t\t\t<div class=\"elementor-element elementor-element-3d202e43 elementor-widget elementor-widget-wd_text_block\" data-id=\"3d202e43\" data-element_type=\"widget\" data-widget_type=\"wd_text_block.default\">\n\t\t\t\t<div class=\"elementor-widget-container\">\n\t\t\t\t\t\t\t<div class=\"wd-text-block reset-last-child text-left\">\n\t\t\t\n\t\t\t<h5>Grossisttillg\u00e4nglighet<\/h5><p>Ja, jag accepterar grossistbest\u00e4llningar. Tyv\u00e4rr \u00e4r jag den enda hantverkaren, s\u00e5 jag kan endast uppfylla sm\u00e5 grossistbest\u00e4llningar.<\/p>\n\t\t\t\t\t<\/div>\n\t\t\t\t\t\t<\/div>\n\t\t\t\t<\/div>\n\t\t\t\t<div class=\"elementor-element elementor-element-3333df9a elementor-widget elementor-widget-wd_text_block\" data-id=\"3333df9a\" data-element_type=\"widget\" data-widget_type=\"wd_text_block.default\">\n\t\t\t\t<div class=\"elementor-widget-container\">\n\t\t\t\t\t\t\t<div class=\"wd-text-block reset-last-child text-left\">\n\t\t\t\n\t\t\t<h5>Vad kommer att h\u00e4nda om jag inte h\u00e4mtar paketet och det returneras till avs\u00e4ndaren?<\/h5><p>Om paketet returneras till mig p\u00e5 grund av att du inte h\u00e4mtade det kommer inte pengarna att \u00e5terbetalas.<\/p>\n\t\t\t\t\t<\/div>\n\t\t\t\t\t\t<\/div>\n\t\t\t\t<\/div>\n\t\t\t\t<div class=\"elementor-element elementor-element-0b03164 elementor-widget elementor-widget-wd_text_block\" data-id=\"0b03164\" data-element_type=\"widget\" data-widget_type=\"wd_text_block.default\">\n\t\t\t\t<div class=\"elementor-widget-container\">\n\t\t\t\t\t\t\t<div class=\"wd-text-block reset-last-child text-left\">\n\t\t\t\n\t\t\t<h5>Ing\u00e5r tullavgifter, avgifter och importskatter i priset?<\/h5><p>Kostnaden f\u00f6r tullavgifter, avgifter och importskatter ing\u00e5r inte i priset och \u00e4r k\u00f6parens fulla ansvar att betala.<\/p>\n\t\t\t\t\t<\/div>\n\t\t\t\t\t\t<\/div>\n\t\t\t\t<\/div>\n\t\t\t\t<div class=\"elementor-element elementor-element-f174f78 elementor-widget elementor-widget-wd_text_block\" data-id=\"f174f78\" data-element_type=\"widget\" data-widget_type=\"wd_text_block.default\">\n\t\t\t\t<div class=\"elementor-widget-container\">\n\t\t\t\t\t\t\t<div class=\"wd-text-block reset-last-child text-left\">\n\t\t\t\n\t\t\t<h5>Godk\u00e4nner du utbyten och returer?<\/h5><p>Du har 30 dagar p\u00e5 dig att returnera eller byta varan. K\u00f6paren ansvarar f\u00f6r returfraktkostnaderna och eventuell minskning i v\u00e4rde om varan inte returneras i originalskick.<\/p>\n\t\t\t\t\t<\/div>\n\t\t\t\t\t\t<\/div>\n\t\t\t\t<\/div>\n\t\t\t\t<div class=\"elementor-element elementor-element-7085844 elementor-widget elementor-widget-wd_text_block\" data-id=\"7085844\" data-element_type=\"widget\" data-widget_type=\"wd_text_block.default\">\n\t\t\t\t<div class=\"elementor-widget-container\">\n\t\t\t\t\t\t\t<div class=\"wd-text-block reset-last-child text-left\">\n\t\t\t\n\t\t\t<h5>Skickar du till mitt land? Hur mycket kostar frakten?<\/h5><p>Ja, p\u00e5 Baltic Tiny Knit skickar vi \u00f6ver hela v\u00e4rlden!<\/p><p>Det f\u00f6rsta steget \u00e4r att v\u00e4lja dina produkter och l\u00e4gga till dem i varukorgen. D\u00e4rifr\u00e5n kan du sedan ange din exakta leveransadress och v\u00e4lja fr\u00e5n de tillg\u00e4ngliga buden och se fraktkostnaderna.<\/p><p>Vi erbjuder olika fraktf\u00f6rslag beroende p\u00e5 leveransvillkor, tidsramar och pris.<\/p>\n\t\t\t\t\t<\/div>\n\t\t\t\t\t\t<\/div>\n\t\t\t\t<\/div>\n\t\t\t\t\t<\/div>\n\t\t<\/div>\n\t\t\t\t<div class=\"elementor-column elementor-col-50 elementor-inner-column elementor-element elementor-element-71b29e58\" data-id=\"71b29e58\" data-element_type=\"column\">\n\t\t\t<div class=\"elementor-widget-wrap elementor-element-populated\">\n\t\t\t\t\t\t<div class=\"elementor-element elementor-element-34a6de8 elementor-widget elementor-widget-wd_text_block\" data-id=\"34a6de8\" data-element_type=\"widget\" data-widget_type=\"wd_text_block.default\">\n\t\t\t\t<div class=\"elementor-widget-container\">\n\t\t\t\t\t\t\t<div class=\"wd-text-block reset-last-child text-left\">\n\t\t\t\n\t\t\t<h5>Hur tar jag hand om produkten?<\/h5><p>\u2022 F\u00f6r att f\u00f6rhindra allergiska reaktioner, anv\u00e4nd flytande och hypoallergena tv\u00e4ttmedel. <br \/>\u2022 Anv\u00e4nd tv\u00e4ttmaskinens skonsamma program och st\u00e4ll temperaturen p\u00e5 30 grader i 30 minuter. <br \/>\u2022 Efter tv\u00e4tt, l\u00e4gg ut leksaken plant f\u00f6r att torka.<\/p>\n\t\t\t\t\t<\/div>\n\t\t\t\t\t\t<\/div>\n\t\t\t\t<\/div>\n\t\t\t\t<div class=\"elementor-element elementor-element-12e8742c elementor-widget elementor-widget-wd_text_block\" data-id=\"12e8742c\" data-element_type=\"widget\" data-widget_type=\"wd_text_block.default\">\n\t\t\t\t<div class=\"elementor-widget-container\">\n\t\t\t\t\t\t\t<div class=\"wd-text-block reset-last-child text-left\">\n\t\t\t\n\t\t\t<h5>Vad g\u00f6r jag om paketet \u00e4r f\u00f6rsenat?<\/h5><p>Enligt lagen har Posten en svarstid p\u00e5 30-90 dagar under vilken paketet antingen kommer att lokaliseras och levereras till dig eller erk\u00e4nnas som f\u00f6rlorat. Om paketet deklareras som f\u00f6rlorat, kommer du att f\u00e5 en fullst\u00e4ndig \u00e5terbetalning av orderbeloppet. Observera att alla datum \u00e4r ungef\u00e4rliga och utanf\u00f6r min kontroll eftersom jag f\u00f6rlitar mig p\u00e5 Posten f\u00f6r att leverera paketet. Om paketet till slut lokaliseras och levereras till dig, men efter en betydande f\u00f6rsening, kommer ingen \u00e5terbetalning att ges i det fallet.<\/p>\n\t\t\t\t\t<\/div>\n\t\t\t\t\t\t<\/div>\n\t\t\t\t<\/div>\n\t\t\t\t<div class=\"elementor-element elementor-element-4c76598f elementor-widget elementor-widget-wd_text_block\" data-id=\"4c76598f\" data-element_type=\"widget\" data-widget_type=\"wd_text_block.default\">\n\t\t\t\t<div class=\"elementor-widget-container\">\n\t\t\t\t\t\t\t<div class=\"wd-text-block reset-last-child text-left\">\n\t\t\t\n\t\t\t<h5>Hur snabbt kommer min best\u00e4llning att skickas?<\/h5><p>Best\u00e4llningar skickas s\u00e5 snart betalningen har mottagits.<\/p><p>Om du betalar med kreditkort - Betalningen kan tas emot p\u00e5 mindre \u00e4n en timme, s\u00e5 best\u00e4llningen kommer att skickas under de n\u00e4rmaste 3 arbetsdagarna efter att full betalning har bekr\u00e4ftats.<\/p><p>Om du betalar med bank\u00f6verf\u00f6ring - Betalningen kan tas emot inom 24 timmar eller senare beroende p\u00e5 din banks \u00f6verf\u00f6ringskapacitet, s\u00e5 best\u00e4llningen kommer att skickas under de n\u00e4rmaste 3 arbetsdagarna efter att full betalning har bekr\u00e4ftats.<\/p>\n\t\t\t\t\t<\/div>\n\t\t\t\t\t\t<\/div>\n\t\t\t\t<\/div>\n\t\t\t\t\t<\/div>\n\t\t<\/div>\n\t\t\t\t\t<\/div>\n\t\t<\/section>\n\t\t\t\t\t<\/div>\n\t\t<\/div>\n\t\t\t\t\t<\/div>\n\t\t<\/section>\n\t\t\t\t<\/div>\n\t\t","protected":false},"excerpt":{"rendered":"<p>Vanliga fr\u00e5gor och svar Anpassade och personliga best\u00e4llningar Ja, jag tar emot best\u00e4llningar p\u00e5 anpassade leksaker. Grossisttillg\u00e4nglighet Ja, jag accepterar<\/p>\n","protected":false},"author":1,"featured_media":0,"parent":0,"menu_order":0,"comment_status":"closed","ping_status":"closed","template":"","meta":{"footnotes":""},"class_list":["post-14050","page","type-page","status-publish","hentry"],"_links":{"self":[{"href":"https:\/\/tinyknit.eu\/sv\/wp-json\/wp\/v2\/pages\/14050","targetHints":{"allow":["GET"]}}],"collection":[{"href":"https:\/\/tinyknit.eu\/sv\/wp-json\/wp\/v2\/pages"}],"about":[{"href":"https:\/\/tinyknit.eu\/sv\/wp-json\/wp\/v2\/types\/page"}],"author":[{"embeddable":true,"href":"https:\/\/tinyknit.eu\/sv\/wp-json\/wp\/v2\/users\/1"}],"replies":[{"embeddable":true,"href":"https:\/\/tinyknit.eu\/sv\/wp-json\/wp\/v2\/comments?post=14050"}],"version-history":[{"count":4,"href":"https:\/\/tinyknit.eu\/sv\/wp-json\/wp\/v2\/pages\/14050\/revisions"}],"predecessor-version":[{"id":14055,"href":"https:\/\/tinyknit.eu\/sv\/wp-json\/wp\/v2\/pages\/14050\/revisions\/14055"}],"wp:attachment":[{"href":"https:\/\/tinyknit.eu\/sv\/wp-json\/wp\/v2\/media?parent=14050"}],"curies":[{"name":"wp","href":"https:\/\/api.w.org\/{rel}","templated":true}]}}