{"id":14048,"date":"2023-02-25T18:54:39","date_gmt":"2023-02-25T18:54:39","guid":{"rendered":"https:\/\/tinyknit.eu\/privacy-policy-2\/"},"modified":"2024-11-11T07:39:30","modified_gmt":"2024-11-11T07:39:30","slug":"integritetspolicy","status":"publish","type":"page","link":"https:\/\/tinyknit.eu\/sv\/integritetspolicy\/","title":{"rendered":"Integritetspolicy"},"content":{"rendered":"<p>Villkoren och best\u00e4mmelserna i denna integritetspolicy g\u00e4ller f\u00f6r webbsidan\/Online Storen hos Baltiny O\u00dc (nedan kallad tinyknit.eu) (<a href=\"http:\/\/www.tinyknit.eu\/\" target=\"_new\" rel=\"noopener\">www.tinyknit.eu<\/a>). Principerna i integritetspolicyn g\u00e4ller f\u00f6r insamling, anv\u00e4ndning, publicering, vidarebefordran och lagring av personuppgifter (nedan kallat behandling). Personuppgifter behandlas i enlighet med kraven i lagstiftningen och genom att till\u00e4mpa alla f\u00f6rsiktighets\u00e5tg\u00e4rder f\u00f6r skydd av personuppgifter. Genom att anv\u00e4nda webbplatsen bekr\u00e4ftar kunden att de godk\u00e4nner denna integritetspolicy.<\/p>\n<ol>\n<li>Personuppgiftsansvarig Baltiny O\u00dc organisationsnummer: 16972194 Adress: Harju maakond, Tallinn, P\u00f5hja-Tallinna linnaosa, S\u00f5le tn 45-18, 10311 E-post: <a href=\"mailto:info@tinyknit.eu\" target=\"_new\" rel=\"noopener\">info@tinyknit.eu<\/a><\/li>\n<li>Insamling och behandling av personuppgifter tinyknit.eu ska betrakta all information som r\u00f6r en identifierad eller identifierbar fysisk person som personuppgifter. Dessa inkluderar:<\/li>\n<\/ol>\n<p>F\u00f6rnamn och efternamn Adress Telefonnummer E-postadress Personnummer Information om ink\u00f6p gjorda p\u00e5 tinyknit.eushop och fr\u00e5n Online Storen tinyknit.eu ska endast skicka nyhetsbrev och erbjudanden till sina kunder om kunden har gett sitt samtycke. Kunden har r\u00e4tt att n\u00e4r som helst dra tillbaka sitt samtycke. tinyknit.eu har r\u00e4tt att vidarebefordra personuppgifter till: transportf\u00f6retag om det \u00e4r n\u00f6dv\u00e4ndigt f\u00f6r att leverera ink\u00f6p som gjorts av en kund i Online Storen; \u00f6vervaknings- och utredningsorgan n\u00e4r det kr\u00e4vs enligt lag; domstolar, organ som l\u00f6ser utanf\u00f6r r\u00e4ttsliga f\u00f6rfaranden, f\u00f6retag som \u00e4r involverade i skuldsanering; tinyknit.eu samarbetspartners f\u00f6r att vidarebefordra marknadsf\u00f6ringsmeddelanden (om inte kunden har gett sitt samtycke till att ta emot nyhetsbrev och erbjudanden). tinyknit.eu ska \u00f6vervaka och s\u00e4kerst\u00e4lla att alla samarbetspartners som skickas en kunds personuppgifter enligt denna integritetspolicy h\u00e5ller personuppgifterna konfidentiella genom ett avtal och s\u00e4kerst\u00e4ller att personuppgifterna skyddas enligt Dataskyddsf\u00f6rordningen. Kunder har r\u00e4tt att se de uppgifter som samlats in om dem, kr\u00e4va att deras personuppgifter korrigeras eller att behandlingen av dem upph\u00f6r n\u00e4r som helst. Om kunden anser att deras r\u00e4ttigheter har kr\u00e4nkts vid behandlingen av deras personuppgifter, har kunden r\u00e4tt att v\u00e4nda sig till tinyknit.eu, Datainspektionen eller domstol.<\/p>\n<ol start=\"3\">\n<li>Andra datatyper som samlas in tinyknit.eu samlar \u00e4ven in icke-personlig data som inte avsl\u00f6jar personens identitet (till exempel k\u00f6n, \u00e5lder och plats). Dessa data samlas in och bearbetas f\u00f6r att analysera bes\u00f6karnas volym och deras k\u00f6pbeteende f\u00f6r att f\u00f6rb\u00e4ttra och utveckla produkter och tj\u00e4nster som tillhandah\u00e5lls av tinyknit.eu.<\/li>\n<li>Metoder f\u00f6r datainsamling Personlig och icke-personlig data kan samlas in enligt f\u00f6ljande: Genom att l\u00e4mna kontaktuppgifter till tinyknit.eu-butiker eller Onlinebutiken; Genom att anv\u00e4nda webbplatsen via anv\u00e4ndarkontots uppgifter eller cookies; Genom att g\u00f6ra ett k\u00f6p, prisf\u00f6rfr\u00e5gan eller best\u00e4llning fr\u00e5n tinyknit.eu-butiker eller Onlinebutiken.<\/li>\n<li>S\u00e4kerhet All personlig data som har l\u00e4mnats till tinyknit.eu behandlas som konfidentiell information. Personlig data kan endast f\u00e5s \u00e5tkomst till f\u00f6r bearbetning och \u00e4ndring av auktoriserad personal och tinyknit.eu till\u00e4mpar alla f\u00f6rsiktighets\u00e5tg\u00e4rder (inklusive administrativa, tekniska och fysiska \u00e5tg\u00e4rder) f\u00f6r att skydda kundens personliga data.<\/li>\n<li>\u00c4ndringar i v\u00e5r integritetspolicy tinyknit.eu har r\u00e4tt att \u00e4ndra villkoren i integritetspolicyn genom att publicera den \u00e4ndrade integritetspolicyn p\u00e5 sin webbplats. tinyknit.eu ska s\u00e4kerst\u00e4lla att den personliga dataskyddet f\u00f6reskrivs av lag \u00e4r s\u00e4kerst\u00e4llt, oberoende av eventuella \u00e4ndringar. Bes\u00f6k denna webbplats regelbundet f\u00f6r att se eventuella \u00e4ndringar. Om du har n\u00e5gra fr\u00e5gor eller funderingar ang\u00e5ende integritetspolicyn eller dataskydd, v\u00e4nligen kontakta oss p\u00e5 <a href=\"mailto:info@tinyknit.eu\" target=\"_new\" rel=\"noopener\">info@tinyknit.eu<\/a>.<\/li>\n<li>Betalning g\u00f6rs utanf\u00f6r e-butiken i den s\u00e4kra betalningsmilj\u00f6n fr\u00e5n tj\u00e4nsteleverant\u00f6ren Maksekeskus AS.<\/li>\n<\/ol>\n","protected":false},"excerpt":{"rendered":"<p>Villkoren och best\u00e4mmelserna i denna integritetspolicy g\u00e4ller f\u00f6r webbsidan\/Online Storen hos Baltiny O\u00dc (nedan kallad tinyknit.eu) (www.tinyknit.eu). Principerna i integritetspolicyn<\/p>\n","protected":false},"author":1,"featured_media":0,"parent":0,"menu_order":0,"comment_status":"closed","ping_status":"closed","template":"","meta":{"footnotes":""},"class_list":["post-14048","page","type-page","status-publish","hentry"],"_links":{"self":[{"href":"https:\/\/tinyknit.eu\/sv\/wp-json\/wp\/v2\/pages\/14048","targetHints":{"allow":["GET"]}}],"collection":[{"href":"https:\/\/tinyknit.eu\/sv\/wp-json\/wp\/v2\/pages"}],"about":[{"href":"https:\/\/tinyknit.eu\/sv\/wp-json\/wp\/v2\/types\/page"}],"author":[{"embeddable":true,"href":"https:\/\/tinyknit.eu\/sv\/wp-json\/wp\/v2\/users\/1"}],"replies":[{"embeddable":true,"href":"https:\/\/tinyknit.eu\/sv\/wp-json\/wp\/v2\/comments?post=14048"}],"version-history":[{"count":3,"href":"https:\/\/tinyknit.eu\/sv\/wp-json\/wp\/v2\/pages\/14048\/revisions"}],"predecessor-version":[{"id":22845,"href":"https:\/\/tinyknit.eu\/sv\/wp-json\/wp\/v2\/pages\/14048\/revisions\/22845"}],"wp:attachment":[{"href":"https:\/\/tinyknit.eu\/sv\/wp-json\/wp\/v2\/media?parent=14048"}],"curies":[{"name":"wp","href":"https:\/\/api.w.org\/{rel}","templated":true}]}}