{"id":14042,"date":"2023-02-25T18:53:58","date_gmt":"2023-02-25T18:53:58","guid":{"rendered":"https:\/\/tinyknit.eu\/delivery-and-payment\/"},"modified":"2023-05-01T12:46:25","modified_gmt":"2023-05-01T12:46:25","slug":"leverans-och-betalning","status":"publish","type":"page","link":"https:\/\/tinyknit.eu\/sv\/leverans-och-betalning\/","title":{"rendered":"Leverans och betalning"},"content":{"rendered":"<p><strong>Leverans:<\/strong><br \/>\nLeveranstiden f\u00f6r best\u00e4llningar beror p\u00e5 det valda leveranss\u00e4ttet av kunden. Vi levererar fr\u00e5n Estland. S\u00e4ljaren levererar varorna till transport\u00f6ren f\u00f6r leverans inom 3 dagar fr\u00e5n det \u00f6gonblicket som full betalning f\u00f6r varorna har erh\u00e5llits. Om varorna inte finns i lager kontaktar s\u00e4ljaren k\u00f6paren och specificerar en annan tid f\u00f6r \u00f6verl\u00e4mnande av varorna till transport\u00f6ren.<br \/>\nUppskattad leveranstid:<\/p>\n<p>\u2022 Flygpost med sp\u00e5rningsnummer 5-24 dagar (beroende p\u00e5 region)<br \/>\n\u2022 Itella Estland 2-3 dagar<br \/>\n\u2022 Itella Finland 3-7 dagar (beroende p\u00e5 region)<br \/>\n\u2022 Itella SmartPost-kurir 3-5 dagar (beroende p\u00e5 region)<br \/>\n\u2022 Posti Seurantanumerolla (Finland) 3-10 dagar (beroende p\u00e5 region)<br \/>\n\u2022 DPD Kuller (Estland) 2-3 dagar<br \/>\n\u2022 DPD Pickup (Estland) 2-3 dagar<br \/>\n\u2022 DPD Pickup (Lettland) 3-4 dagar<br \/>\n\u2022 DPD Pickup (Litauen) 3-5 dagar<\/p>\n<p><strong>Betalning:<\/strong><br \/>\n\u2022 Direkt bank\u00f6verf\u00f6ring (l\u00e4mplig f\u00f6r kunder fr\u00e5n Estland)<br \/>\n\u2022 Betala med bankl\u00e4nkar<br \/>\n\u2022 Visa\/ Mastercard\/ American Express<\/p>\n","protected":false},"excerpt":{"rendered":"<p>Leverans: Leveranstiden f\u00f6r best\u00e4llningar beror p\u00e5 det valda leveranss\u00e4ttet av kunden. Vi levererar fr\u00e5n Estland. S\u00e4ljaren levererar varorna till transport\u00f6ren<\/p>\n","protected":false},"author":1,"featured_media":0,"parent":0,"menu_order":0,"comment_status":"closed","ping_status":"closed","template":"","meta":{"footnotes":""},"class_list":["post-14042","page","type-page","status-publish","hentry"],"_links":{"self":[{"href":"https:\/\/tinyknit.eu\/sv\/wp-json\/wp\/v2\/pages\/14042","targetHints":{"allow":["GET"]}}],"collection":[{"href":"https:\/\/tinyknit.eu\/sv\/wp-json\/wp\/v2\/pages"}],"about":[{"href":"https:\/\/tinyknit.eu\/sv\/wp-json\/wp\/v2\/types\/page"}],"author":[{"embeddable":true,"href":"https:\/\/tinyknit.eu\/sv\/wp-json\/wp\/v2\/users\/1"}],"replies":[{"embeddable":true,"href":"https:\/\/tinyknit.eu\/sv\/wp-json\/wp\/v2\/comments?post=14042"}],"version-history":[{"count":2,"href":"https:\/\/tinyknit.eu\/sv\/wp-json\/wp\/v2\/pages\/14042\/revisions"}],"predecessor-version":[{"id":14044,"href":"https:\/\/tinyknit.eu\/sv\/wp-json\/wp\/v2\/pages\/14042\/revisions\/14044"}],"wp:attachment":[{"href":"https:\/\/tinyknit.eu\/sv\/wp-json\/wp\/v2\/media?parent=14042"}],"curies":[{"name":"wp","href":"https:\/\/api.w.org\/{rel}","templated":true}]}}