{"id":14037,"date":"2023-02-25T18:53:37","date_gmt":"2023-02-25T18:53:37","guid":{"rendered":"https:\/\/tinyknit.eu\/care-recommendations\/"},"modified":"2024-12-10T17:07:09","modified_gmt":"2024-12-10T17:07:09","slug":"skotselrad","status":"publish","type":"page","link":"https:\/\/tinyknit.eu\/sv\/skotselrad\/","title":{"rendered":"V\u00e5rdr\u00e5d och s\u00e4kerhet"},"content":{"rendered":"\t\t<div data-elementor-type=\"wp-page\" data-elementor-id=\"14037\" class=\"elementor elementor-14037 elementor-11220\">\n\t\t\t\t\t\t<section class=\"wd-negative-gap elementor-section elementor-top-section elementor-element elementor-element-e40632f elementor-section-boxed elementor-section-height-default elementor-section-height-default\" data-id=\"e40632f\" data-element_type=\"section\">\n\t\t\t\t\t\t<div class=\"elementor-container elementor-column-gap-default\">\n\t\t\t\t\t<div class=\"elementor-column elementor-col-100 elementor-top-column elementor-element elementor-element-1152333\" data-id=\"1152333\" data-element_type=\"column\">\n\t\t\t<div class=\"elementor-widget-wrap elementor-element-populated\">\n\t\t\t\t\t\t<div class=\"elementor-element elementor-element-87e8417 wd-width-100 elementor-widget elementor-widget-wd_title\" data-id=\"87e8417\" data-element_type=\"widget\" data-widget_type=\"wd_title.default\">\n\t\t\t\t<div class=\"elementor-widget-container\">\n\t\t\t\t\t\t\t<div class=\"title-wrapper wd-set-mb reset-last-child wd-title-color-default wd-title-style-default wd-title-size-default text-center\">\n\n\t\t\t\n\t\t\t<div class=\"liner-continer\">\n\t\t\t\t<h4 class=\"woodmart-title-container title wd-fontsize-l\">V\u00e5rdr\u00e5d och s\u00e4kerhet<\/h4> \n\t\t\t\t\t\t\t<\/div>\n\n\t\t\t\t\t<\/div>\n\t\t\t\t\t\t<\/div>\n\t\t\t\t<\/div>\n\t\t\t\t\t<\/div>\n\t\t<\/div>\n\t\t\t\t\t<\/div>\n\t\t<\/section>\n\t\t\t\t<section class=\"wd-negative-gap elementor-section elementor-top-section elementor-element elementor-element-4461aed elementor-section-boxed elementor-section-height-default elementor-section-height-default\" data-id=\"4461aed\" data-element_type=\"section\">\n\t\t\t\t\t\t<div class=\"elementor-container elementor-column-gap-default\">\n\t\t\t\t\t<div class=\"elementor-column elementor-col-100 elementor-top-column elementor-element elementor-element-f3f1dad\" data-id=\"f3f1dad\" data-element_type=\"column\">\n\t\t\t<div class=\"elementor-widget-wrap elementor-element-populated\">\n\t\t\t\t\t\t<div class=\"elementor-element elementor-element-3f06b6b wd-width-100 elementor-widget elementor-widget-wd_title\" data-id=\"3f06b6b\" data-element_type=\"widget\" data-widget_type=\"wd_title.default\">\n\t\t\t\t<div class=\"elementor-widget-container\">\n\t\t\t\t\t\t\t<div class=\"title-wrapper wd-set-mb reset-last-child wd-title-color-default wd-title-style-default wd-title-size-default text-center\">\n\n\t\t\t\n\t\t\t<div class=\"liner-continer\">\n\t\t\t\t<h4 class=\"woodmart-title-container title wd-fontsize-l\">Pyjamasleksaker, kuddar, gosedjur, t\u00e4cken, skrynklade leksaker, tygskallror, heminredning<\/h4> \n\t\t\t\t\t\t\t<\/div>\n\n\t\t\t\t\t<\/div>\n\t\t\t\t\t\t<\/div>\n\t\t\t\t<\/div>\n\t\t\t\t\t<\/div>\n\t\t<\/div>\n\t\t\t\t\t<\/div>\n\t\t<\/section>\n\t\t\t\t<section class=\"wd-negative-gap elementor-section elementor-top-section elementor-element elementor-element-baca7b3 elementor-section-boxed elementor-section-height-default elementor-section-height-default\" data-id=\"baca7b3\" data-element_type=\"section\">\n\t\t\t\t\t\t<div class=\"elementor-container elementor-column-gap-default\">\n\t\t\t\t\t<div class=\"elementor-column elementor-col-100 elementor-top-column elementor-element elementor-element-a6dbe25\" data-id=\"a6dbe25\" data-element_type=\"column\">\n\t\t\t<div class=\"elementor-widget-wrap elementor-element-populated\">\n\t\t\t\t\t\t<div class=\"elementor-element elementor-element-0a1c54b elementor-widget elementor-widget-wd_text_block\" data-id=\"0a1c54b\" data-element_type=\"widget\" data-widget_type=\"wd_text_block.default\">\n\t\t\t\t<div class=\"elementor-widget-container\">\n\t\t\t\t\t\t\t<div class=\"wd-text-block reset-last-child text-left\">\n\t\t\t\n\t\t\t<p data-pm-slice=\"1 1 []\"><strong>V\u00c5RD:<\/strong><\/p><p>\u2022 F\u00f6r att f\u00f6rebygga allergiska reaktioner, anv\u00e4nd flytande och hypoallergena tv\u00e4ttmedel.<br>\u2022 Anv\u00e4nd tv\u00e4ttmaskinens skonsamma program och st\u00e4ll in temperaturen p\u00e5 30 grader i 30 minuter.<br>\u2022 F\u00f6r att undvika att f\u00f6rem\u00e5let skadas, rekommenderar vi att anv\u00e4nda en tv\u00e4ttp\u00e5se.<br>\u2022 Efter tv\u00e4tt, l\u00e4gg f\u00f6rem\u00e5let plant f\u00f6r att torka.<br>\u2022 Blek inte.<\/p><p>F\u00f6r dina barns s\u00e4kerhet behandlar vi inte v\u00e5ra leksaker med n\u00e5gra tv\u00e4ttmedel f\u00f6re leverans. Du kan tv\u00e4tta dem sj\u00e4lv med ett l\u00e4mpligt tv\u00e4ttmedel f\u00f6r dina barn. Du kan ocks\u00e5 g\u00f6ra en \u00e5ngbehandling utan anv\u00e4ndning av kemikalier.<\/p><p><strong>REGLER F\u00d6R S\u00c4KER ANV\u00c4NDNING:<\/strong><\/p><p>\u2022 Inspektera alltid leksaken innan du anv\u00e4nder den. Kasta eller sluta anv\u00e4nda leksaken vid f\u00f6rsta tecken p\u00e5 slitage eller skada.<br>\u2022 Vuxen \u00f6vervakning kr\u00e4vs vid anv\u00e4ndning av v\u00e5ra leksaker. S\u00e4rskilt n\u00e4r leksakerna inneh\u00e5ller sm\u00e5 plastelement som \u00f6gon och n\u00e4sa.<\/p>\n\t\t\t\t\t<\/div>\n\t\t\t\t\t\t<\/div>\n\t\t\t\t<\/div>\n\t\t\t\t<div class=\"elementor-element elementor-element-978311c elementor-widget-divider--view-line elementor-widget elementor-widget-divider\" data-id=\"978311c\" data-element_type=\"widget\" data-widget_type=\"divider.default\">\n\t\t\t\t<div class=\"elementor-widget-container\">\n\t\t\t\t\t\t\t<div class=\"elementor-divider\">\n\t\t\t<span class=\"elementor-divider-separator\">\n\t\t\t\t\t\t<\/span>\n\t\t<\/div>\n\t\t\t\t\t\t<\/div>\n\t\t\t\t<\/div>\n\t\t\t\t\t<\/div>\n\t\t<\/div>\n\t\t\t\t\t<\/div>\n\t\t<\/section>\n\t\t\t\t<section class=\"wd-negative-gap elementor-section elementor-top-section elementor-element elementor-element-ad3a22a elementor-section-boxed elementor-section-height-default elementor-section-height-default\" data-id=\"ad3a22a\" data-element_type=\"section\">\n\t\t\t\t\t\t<div class=\"elementor-container elementor-column-gap-default\">\n\t\t\t\t\t<div class=\"elementor-column elementor-col-100 elementor-top-column elementor-element elementor-element-ffce9cb\" data-id=\"ffce9cb\" data-element_type=\"column\">\n\t\t\t<div class=\"elementor-widget-wrap elementor-element-populated\">\n\t\t\t\t\t\t<div class=\"elementor-element elementor-element-b1b72b2 wd-width-100 elementor-widget elementor-widget-wd_title\" data-id=\"b1b72b2\" data-element_type=\"widget\" data-widget_type=\"wd_title.default\">\n\t\t\t\t<div class=\"elementor-widget-container\">\n\t\t\t\t\t\t\t<div class=\"title-wrapper wd-set-mb reset-last-child wd-title-color-default wd-title-style-default wd-title-size-default text-center\">\n\n\t\t\t\n\t\t\t<div class=\"liner-continer\">\n\t\t\t\t<h4 class=\"woodmart-title-container title wd-fontsize-l\">Stickade skallror<\/h4> \n\t\t\t\t\t\t\t<\/div>\n\n\t\t\t\t\t\t\t<div class=\"title-after_title reset-last-child wd-fontsize-xs\">\n\t\t\t\t\t<p><em>Stickade skallror med tr\u00e4ring<\/em><\/p>\t\t\t\t<\/div>\n\t\t\t\t\t<\/div>\n\t\t\t\t\t\t<\/div>\n\t\t\t\t<\/div>\n\t\t\t\t\t<\/div>\n\t\t<\/div>\n\t\t\t\t\t<\/div>\n\t\t<\/section>\n\t\t\t\t<section class=\"wd-negative-gap elementor-section elementor-top-section elementor-element elementor-element-ed7139c elementor-section-boxed elementor-section-height-default elementor-section-height-default\" data-id=\"ed7139c\" data-element_type=\"section\">\n\t\t\t\t\t\t<div class=\"elementor-container elementor-column-gap-default\">\n\t\t\t\t\t<div class=\"elementor-column elementor-col-100 elementor-top-column elementor-element elementor-element-8d1fafa\" data-id=\"8d1fafa\" data-element_type=\"column\">\n\t\t\t<div class=\"elementor-widget-wrap elementor-element-populated\">\n\t\t\t\t\t\t<div class=\"elementor-element elementor-element-b2715a2 elementor-widget elementor-widget-wd_text_block\" data-id=\"b2715a2\" data-element_type=\"widget\" data-widget_type=\"wd_text_block.default\">\n\t\t\t\t<div class=\"elementor-widget-container\">\n\t\t\t\t\t\t\t<div class=\"wd-text-block reset-last-child text-left\">\n\t\t\t\n\t\t\t<p data-pm-slice=\"1 1 []\"><strong>V\u00c5RD:<\/strong><\/p><p>Doppa inte och l\u00e4mna i vatten, detta kan f\u00e5 tr\u00e4et att torka ut och eventuellt spricka eller spricka. Reng\u00f6r med tv\u00e4ttduk, milt tv\u00e5l och vatten.<\/p><p><strong>REGLER F\u00d6R S\u00c4KER ANV\u00c4NDNING:<\/strong><\/p><p>Anv\u00e4nd endast under vuxen \u00f6vervakning hela tiden f\u00f6r din babys s\u00e4kerhet. Inspektera regelbundet f\u00f6r eventuella skador innan varje anv\u00e4ndning. Kasta eller sluta anv\u00e4nda vid f\u00f6rsta tecken p\u00e5 slitage eller skada.<\/p>\n\t\t\t\t\t<\/div>\n\t\t\t\t\t\t<\/div>\n\t\t\t\t<\/div>\n\t\t\t\t<div class=\"elementor-element elementor-element-38cad82 elementor-widget-divider--view-line elementor-widget elementor-widget-divider\" data-id=\"38cad82\" data-element_type=\"widget\" data-widget_type=\"divider.default\">\n\t\t\t\t<div class=\"elementor-widget-container\">\n\t\t\t\t\t\t\t<div class=\"elementor-divider\">\n\t\t\t<span class=\"elementor-divider-separator\">\n\t\t\t\t\t\t<\/span>\n\t\t<\/div>\n\t\t\t\t\t\t<\/div>\n\t\t\t\t<\/div>\n\t\t\t\t\t<\/div>\n\t\t<\/div>\n\t\t\t\t\t<\/div>\n\t\t<\/section>\n\t\t\t\t<\/div>\n\t\t","protected":false},"excerpt":{"rendered":"<p>V\u00e5rdr\u00e5d och s\u00e4kerhet Pyjamasleksaker, kuddar, gosedjur, t\u00e4cken, skrynklade leksaker, tygskallror, heminredning V\u00c5RD: \u2022 F\u00f6r att f\u00f6rebygga allergiska reaktioner, anv\u00e4nd flytande<\/p>\n","protected":false},"author":1,"featured_media":0,"parent":0,"menu_order":0,"comment_status":"closed","ping_status":"closed","template":"","meta":{"footnotes":""},"class_list":["post-14037","page","type-page","status-publish","hentry"],"_links":{"self":[{"href":"https:\/\/tinyknit.eu\/sv\/wp-json\/wp\/v2\/pages\/14037","targetHints":{"allow":["GET"]}}],"collection":[{"href":"https:\/\/tinyknit.eu\/sv\/wp-json\/wp\/v2\/pages"}],"about":[{"href":"https:\/\/tinyknit.eu\/sv\/wp-json\/wp\/v2\/types\/page"}],"author":[{"embeddable":true,"href":"https:\/\/tinyknit.eu\/sv\/wp-json\/wp\/v2\/users\/1"}],"replies":[{"embeddable":true,"href":"https:\/\/tinyknit.eu\/sv\/wp-json\/wp\/v2\/comments?post=14037"}],"version-history":[{"count":9,"href":"https:\/\/tinyknit.eu\/sv\/wp-json\/wp\/v2\/pages\/14037\/revisions"}],"predecessor-version":[{"id":24778,"href":"https:\/\/tinyknit.eu\/sv\/wp-json\/wp\/v2\/pages\/14037\/revisions\/24778"}],"wp:attachment":[{"href":"https:\/\/tinyknit.eu\/sv\/wp-json\/wp\/v2\/media?parent=14037"}],"curies":[{"name":"wp","href":"https:\/\/api.w.org\/{rel}","templated":true}]}}