{"id":47918,"date":"2026-04-05T18:43:49","date_gmt":"2026-04-05T18:43:49","guid":{"rendered":"https:\/\/tinyknit.eu\/?post_type=product&#038;p=47918"},"modified":"2026-04-05T18:59:40","modified_gmt":"2026-04-05T18:59:40","slug":"peluche-da-nanna-doudou-pegaso","status":"publish","type":"product","link":"https:\/\/tinyknit.eu\/it\/product\/giocattoli-da-coccolare\/peluche-da-nanna-doudou-pegaso\/","title":{"rendered":"Peluche da Nanna, Doudou \u2013 Pegaso"},"content":{"rendered":"<p data-start=\"3693\" data-end=\"3943\"><strong data-start=\"3693\" data-end=\"3762\">Cerchi un compagno di sonno unico e coccoloso per il tuo piccolo?<\/strong><br data-start=\"3762\" data-end=\"3765\" \/>Non cercare oltre! Questo adorabile giocattolo a uncinetto Pegasus \u00e8 perfetto per coccole alla sera e giochi durante il giorno. Regalo ideale per ogni bambino, a qualsiasi et\u00e0.<\/p>\n<p data-start=\"3945\" data-end=\"4514\"><strong data-start=\"3945\" data-end=\"3965\">Caratteristiche:<\/strong><br data-start=\"3965\" data-end=\"3968\" \/>\u2022 <strong data-start=\"3970\" data-end=\"4001\">Connessione con i genitori:<\/strong> Assorbe l\u2019odore di mamma o pap\u00e0 quando viene posto vicino durante l\u2019allattamento o la ninnananna, offrendo al bambino comfort anche quando non sei presente.<br data-start=\"4158\" data-end=\"4161\" \/>\u2022 <strong data-start=\"4163\" data-end=\"4180\">Esplorazione:<\/strong> Offre un\u2019esperienza tattile ricca, stimolando la curiosit\u00e0 del bambino e l\u2019esplorazione del mondo.<br data-start=\"4279\" data-end=\"4282\" \/>\u2022 <strong data-start=\"4284\" data-end=\"4307\">Momenti memorabili:<\/strong> Pu\u00f2 essere utilizzato come accessorio fotografico per neonati.<br data-start=\"4370\" data-end=\"4373\" \/>\u2022 <strong data-start=\"4375\" data-end=\"4396\">Effetto calmante:<\/strong> Fornisce sicurezza e comfort giorno e notte.<br data-start=\"4441\" data-end=\"4444\" \/>\u2022 <strong data-start=\"4446\" data-end=\"4465\">Ali removibili:<\/strong> Include due paia di ali facilmente staccabili.<\/p>\n<p data-start=\"4516\" data-end=\"4680\"><strong data-start=\"4516\" data-end=\"4533\">Perfetto per:<\/strong><br data-start=\"4533\" data-end=\"4536\" \/>\u2022 Baby shower, liste nascita, compleanni, Natale o altre occasioni speciali.<br data-start=\"4612\" data-end=\"4615\" \/>\u2022 Giocattoli unici che aggiungono fascino anche alla cameretta.<\/p>\n<p data-start=\"4682\" data-end=\"4984\"><strong data-start=\"4682\" data-end=\"4695\">Dettagli:<\/strong><br data-start=\"4695\" data-end=\"4698\" \/>\u2022 <strong data-start=\"4700\" data-end=\"4715\">Dimensioni:<\/strong> circa 45 cm<br data-start=\"4727\" data-end=\"4730\" \/>\u2022 <strong data-start=\"4732\" data-end=\"4746\">Materiale:<\/strong> 100% microfibra di poliestere (Oeko-Tex 100) e 100% pelliccia sintetica in poliestere. Ipoallergenico, morbido e sicuro per i bambini.<br data-start=\"4881\" data-end=\"4884\" \/>\u2022 <strong data-start=\"4886\" data-end=\"4902\">Imbottitura:<\/strong> Holofiber<br data-start=\"4912\" data-end=\"4915\" \/>\u2022 Realizzato in una casa senza fumo e senza animali in Estonia, UE.<\/p>\n<p data-start=\"4986\" data-end=\"5034\"><strong data-start=\"4986\" data-end=\"5003\">Set contiene:<\/strong><br data-start=\"5003\" data-end=\"5006\" \/>\u2022 1x Pegasus all\u2019uncinetto<\/p>\n<p data-start=\"5036\" data-end=\"5093\"><strong data-start=\"5036\" data-end=\"5091\">Confezione pronta per regalo per ogni celebrazione!<\/strong><\/p>\n<p data-start=\"5095\" data-end=\"5255\"><strong data-start=\"5095\" data-end=\"5122\">Istruzioni per la cura:<\/strong><br data-start=\"5122\" data-end=\"5125\" \/>\u2022 Usare detersivi liquidi ipoallergenici.<br data-start=\"5166\" data-end=\"5169\" \/>\u2022 Lavare a 30\u00b0C ciclo delicato per 30 minuti.<br data-start=\"5214\" data-end=\"5217\" \/>\u2022 Asciugare stendendo il giocattolo.<\/p>\n","protected":false},"excerpt":{"rendered":"<p>Stai cercando un compagno di nanna unico e coccoloso per il tuo piccolo? Non cercare oltre: questo adorabile giocattolo all\u2019uncinetto \u00e8 proprio ci\u00f2 che fa al caso tuo! Perfetto per le coccole durante la nanna e per il gioco durante il giorno, \u00e8 un regalo ideale per qualsiasi bambino, di qualsiasi et\u00e0.<\/p>\n","protected":false},"featured_media":47925,"comment_status":"open","ping_status":"closed","template":"","meta":[],"product_brand":[],"product_cat":[691,683],"product_tag":[],"class_list":{"0":"post-47918","1":"product","2":"type-product","3":"status-publish","4":"has-post-thumbnail","6":"product_cat-giocattoli-da-coccolare","7":"product_cat-su-ordinazione","9":"first","10":"onbackorder","11":"taxable","12":"shipping-taxable","13":"purchasable","14":"product-type-simple"},"_links":{"self":[{"href":"https:\/\/tinyknit.eu\/it\/wp-json\/wp\/v2\/product\/47918","targetHints":{"allow":["GET"]}}],"collection":[{"href":"https:\/\/tinyknit.eu\/it\/wp-json\/wp\/v2\/product"}],"about":[{"href":"https:\/\/tinyknit.eu\/it\/wp-json\/wp\/v2\/types\/product"}],"replies":[{"embeddable":true,"href":"https:\/\/tinyknit.eu\/it\/wp-json\/wp\/v2\/comments?post=47918"}],"version-history":[{"count":1,"href":"https:\/\/tinyknit.eu\/it\/wp-json\/wp\/v2\/product\/47918\/revisions"}],"predecessor-version":[{"id":47967,"href":"https:\/\/tinyknit.eu\/it\/wp-json\/wp\/v2\/product\/47918\/revisions\/47967"}],"wp:featuredmedia":[{"embeddable":true,"href":"https:\/\/tinyknit.eu\/it\/wp-json\/wp\/v2\/media\/47925"}],"wp:attachment":[{"href":"https:\/\/tinyknit.eu\/it\/wp-json\/wp\/v2\/media?parent=47918"}],"wp:term":[{"taxonomy":"product_brand","embeddable":true,"href":"https:\/\/tinyknit.eu\/it\/wp-json\/wp\/v2\/product_brand?post=47918"},{"taxonomy":"product_cat","embeddable":true,"href":"https:\/\/tinyknit.eu\/it\/wp-json\/wp\/v2\/product_cat?post=47918"},{"taxonomy":"product_tag","embeddable":true,"href":"https:\/\/tinyknit.eu\/it\/wp-json\/wp\/v2\/product_tag?post=47918"}],"curies":[{"name":"wp","href":"https:\/\/api.w.org\/{rel}","templated":true}]}}