{"id":46850,"date":"2026-03-15T10:00:00","date_gmt":"2026-03-15T10:00:00","guid":{"rendered":"https:\/\/tinyknit.eu\/?post_type=product&#038;p=46850"},"modified":"2026-03-15T10:05:00","modified_gmt":"2026-03-15T10:05:00","slug":"peluche-da-nanna-doudou-procione","status":"publish","type":"product","link":"https:\/\/tinyknit.eu\/it\/product\/giocattoli-da-coccolare\/peluche-da-nanna-doudou-procione\/","title":{"rendered":"Peluche da Nanna, Doudou \u2013 Procione"},"content":{"rendered":"<p data-start=\"14679\" data-end=\"15020\"><strong data-start=\"14679\" data-end=\"14761\">Stai cercando un compagno per la nanna unico e accogliente per il tuo piccolo?<\/strong> Non cercare oltre: questo grazioso giocattolo all\u2019uncinetto \u00e8 proprio quello che fa per te! \u00c8 perfetto per le coccole prima della nanna e per il gioco durante il giorno, rendendolo un regalo ideale per qualsiasi neonato o bambino, indipendentemente dall\u2019et\u00e0.<\/p>\n<p data-start=\"15022\" data-end=\"15834\"><strong data-start=\"15022\" data-end=\"15042\">Caratteristiche:<\/strong><br data-start=\"15042\" data-end=\"15045\" \/>\u2022 Legame con i genitori. La capacit\u00e0 di trattenere il profumo della mamma o del pap\u00e0. Posiziona il giocattolo accanto al tuo bambino durante la poppata o mentre lo culli e assorbir\u00e0 il tuo profumo. In questo modo il bambino sentir\u00e0 sempre la tua vicinanza, anche quando non sei con lui.<br data-start=\"15331\" data-end=\"15334\" \/>\u2022 Esplorazione. Il giocattolo a forma di procione all\u2019uncinetto offre una ricca esperienza tattile che cattura l\u2019interesse del bambino e lo aiuta a esplorare il mondo che lo circonda.<br data-start=\"15517\" data-end=\"15520\" \/>\u2022 Pu\u00f2 creare ricordi meravigliosi. I nostri giocattoli possono essere usati come accessori per servizi fotografici di neonati.<br data-start=\"15646\" data-end=\"15649\" \/>\u2022 Effetto calmante. Il doudou a forma di procione all\u2019uncinetto dona comfort e sicurezza al bambino sia di giorno che di notte.<br data-start=\"15776\" data-end=\"15779\" \/>\u2022 Il set include due paia di ali facilmente removibili.<\/p>\n<p data-start=\"15836\" data-end=\"16061\"><strong data-start=\"15836\" data-end=\"15853\">Perfetto per:<\/strong><br data-start=\"15853\" data-end=\"15856\" \/>\u2022 Un regalo meraviglioso per baby shower, lista nascita, compleanno, Natale o qualsiasi altra occasione.<br data-start=\"15960\" data-end=\"15963\" \/>\u2022 Un giocattolo unico che pu\u00f2 anche essere una deliziosa aggiunta all\u2019arredamento della cameretta.<\/p>\n<p data-start=\"16063\" data-end=\"16322\"><strong data-start=\"16063\" data-end=\"16078\">Dimensioni:<\/strong> circa 60 x 17 cm (23,6 x 6,6&#8243;)<br data-start=\"16109\" data-end=\"16112\" \/><strong data-start=\"16112\" data-end=\"16123\">Filato:<\/strong> 100% micropoliestere (Oeko-Tex Standard 100) e 100% pelliccia sintetica in poliestere. Filato ipoallergenico e soffice. Molto morbido, coccoloso e sicuro per i bambini.<br data-start=\"16292\" data-end=\"16295\" \/><strong data-start=\"16295\" data-end=\"16311\">Imbottitura:<\/strong> holofiber.<\/p>\n<p data-start=\"16324\" data-end=\"16448\">I nostri giocattoli sono realizzati in una casa senza fumo e senza animali domestici.<br data-start=\"16409\" data-end=\"16412\" \/>Prodotto in Estonia, Unione Europea.<\/p>\n<p data-start=\"16450\" data-end=\"16508\"><strong data-start=\"16450\" data-end=\"16470\">Il set contiene:<\/strong><br data-start=\"16470\" data-end=\"16473\" \/>\u2022 1 x doudou procione all\u2019uncinetto<\/p>\n<p data-start=\"16510\" data-end=\"16617\"><strong data-start=\"16510\" data-end=\"16545\">Il regalo perfetto per il beb\u00e8!<\/strong><br data-start=\"16545\" data-end=\"16548\" \/>Confezione regalo pronta per baby shower, lista nascita o compleanno.<\/p>\n<p data-start=\"16619\" data-end=\"16895\"><strong data-start=\"16619\" data-end=\"16644\">Consigli per la cura:<\/strong><br data-start=\"16644\" data-end=\"16647\" \/>\u2022 Per prevenire reazioni allergiche, utilizzare detergenti liquidi e ipoallergenici.<br data-start=\"16731\" data-end=\"16734\" \/>\u2022 Utilizzare il ciclo delicato della lavatrice e impostare la temperatura a 30 \u00b0C per 30 minuti.<br data-start=\"16830\" data-end=\"16833\" \/>\u2022 Dopo il lavaggio, lasciare asciugare il giocattolo in piano.<\/p>\n","protected":false},"excerpt":{"rendered":"<p>Stai cercando un compagno di nanna unico e coccoloso per il tuo piccolo? Non cercare oltre: questo adorabile giocattolo all\u2019uncinetto \u00e8 proprio ci\u00f2 che fa al caso tuo! Perfetto per le coccole durante la nanna e per il gioco durante il giorno, \u00e8 un regalo ideale per qualsiasi bambino, di qualsiasi et\u00e0.<\/p>\n","protected":false},"featured_media":46873,"comment_status":"open","ping_status":"closed","template":"","meta":[],"product_brand":[],"product_cat":[691,683],"product_tag":[],"class_list":{"0":"post-46850","1":"product","2":"type-product","3":"status-publish","4":"has-post-thumbnail","6":"product_cat-giocattoli-da-coccolare","7":"product_cat-su-ordinazione","9":"first","10":"onbackorder","11":"taxable","12":"shipping-taxable","13":"purchasable","14":"product-type-simple"},"_links":{"self":[{"href":"https:\/\/tinyknit.eu\/it\/wp-json\/wp\/v2\/product\/46850","targetHints":{"allow":["GET"]}}],"collection":[{"href":"https:\/\/tinyknit.eu\/it\/wp-json\/wp\/v2\/product"}],"about":[{"href":"https:\/\/tinyknit.eu\/it\/wp-json\/wp\/v2\/types\/product"}],"replies":[{"embeddable":true,"href":"https:\/\/tinyknit.eu\/it\/wp-json\/wp\/v2\/comments?post=46850"}],"version-history":[{"count":1,"href":"https:\/\/tinyknit.eu\/it\/wp-json\/wp\/v2\/product\/46850\/revisions"}],"predecessor-version":[{"id":46882,"href":"https:\/\/tinyknit.eu\/it\/wp-json\/wp\/v2\/product\/46850\/revisions\/46882"}],"wp:featuredmedia":[{"embeddable":true,"href":"https:\/\/tinyknit.eu\/it\/wp-json\/wp\/v2\/media\/46873"}],"wp:attachment":[{"href":"https:\/\/tinyknit.eu\/it\/wp-json\/wp\/v2\/media?parent=46850"}],"wp:term":[{"taxonomy":"product_brand","embeddable":true,"href":"https:\/\/tinyknit.eu\/it\/wp-json\/wp\/v2\/product_brand?post=46850"},{"taxonomy":"product_cat","embeddable":true,"href":"https:\/\/tinyknit.eu\/it\/wp-json\/wp\/v2\/product_cat?post=46850"},{"taxonomy":"product_tag","embeddable":true,"href":"https:\/\/tinyknit.eu\/it\/wp-json\/wp\/v2\/product_tag?post=46850"}],"curies":[{"name":"wp","href":"https:\/\/api.w.org\/{rel}","templated":true}]}}