{"id":46809,"date":"2026-03-15T09:49:34","date_gmt":"2026-03-15T09:49:34","guid":{"rendered":"https:\/\/tinyknit.eu\/?post_type=product&#038;p=46809"},"modified":"2026-03-15T09:55:24","modified_gmt":"2026-03-15T09:55:24","slug":"peluche-da-nanna-doudou-volpe-2","status":"publish","type":"product","link":"https:\/\/tinyknit.eu\/it\/product\/giocattoli-da-coccolare\/peluche-da-nanna-doudou-volpe-2\/","title":{"rendered":"Peluche da Nanna, Doudou \u2013 Volpe"},"content":{"rendered":"<p data-start=\"14581\" data-end=\"14922\"><strong data-start=\"14581\" data-end=\"14663\">Stai cercando un compagno per la nanna unico e accogliente per il tuo piccolo?<\/strong> Non cercare oltre: questo grazioso giocattolo all\u2019uncinetto \u00e8 proprio quello che fa per te! \u00c8 perfetto per le coccole prima della nanna e per il gioco durante il giorno, rendendolo un regalo ideale per qualsiasi neonato o bambino, indipendentemente dall\u2019et\u00e0.<\/p>\n<p data-start=\"14924\" data-end=\"15730\"><strong data-start=\"14924\" data-end=\"14944\">Caratteristiche:<\/strong><br data-start=\"14944\" data-end=\"14947\" \/>\u2022 Legame con i genitori. La capacit\u00e0 di trattenere il profumo della mamma o del pap\u00e0. Posiziona il giocattolo accanto al tuo bambino durante la poppata o mentre lo culli e assorbir\u00e0 il tuo profumo. In questo modo il bambino sentir\u00e0 sempre la tua vicinanza, anche quando non sei con lui.<br data-start=\"15233\" data-end=\"15236\" \/>\u2022 Esplorazione. Il giocattolo a forma di volpe all\u2019uncinetto offre una ricca esperienza tattile che cattura l\u2019interesse del bambino e lo aiuta a esplorare il mondo che lo circonda.<br data-start=\"15416\" data-end=\"15419\" \/>\u2022 Pu\u00f2 creare ricordi meravigliosi. I nostri giocattoli possono essere usati come accessori per servizi fotografici di neonati.<br data-start=\"15545\" data-end=\"15548\" \/>\u2022 Effetto calmante. Il doudou a forma di volpe all\u2019uncinetto dona comfort e sicurezza al bambino sia di giorno che di notte.<br data-start=\"15672\" data-end=\"15675\" \/>\u2022 Il set include due paia di ali facilmente removibili.<\/p>\n<p data-start=\"15732\" data-end=\"15957\"><strong data-start=\"15732\" data-end=\"15749\">Perfetto per:<\/strong><br data-start=\"15749\" data-end=\"15752\" \/>\u2022 Un regalo meraviglioso per baby shower, lista nascita, compleanno, Natale o qualsiasi altra occasione.<br data-start=\"15856\" data-end=\"15859\" \/>\u2022 Un giocattolo unico che pu\u00f2 anche essere una deliziosa aggiunta all\u2019arredamento della cameretta.<\/p>\n<p data-start=\"15959\" data-end=\"16218\"><strong data-start=\"15959\" data-end=\"15974\">Dimensioni:<\/strong> circa 60 x 17 cm (23,6 x 6,6&#8243;)<br data-start=\"16005\" data-end=\"16008\" \/><strong data-start=\"16008\" data-end=\"16019\">Filato:<\/strong> 100% micropoliestere (Oeko-Tex Standard 100) e 100% pelliccia sintetica in poliestere. Filato ipoallergenico e soffice. Molto morbido, coccoloso e sicuro per i bambini.<br data-start=\"16188\" data-end=\"16191\" \/><strong data-start=\"16191\" data-end=\"16207\">Imbottitura:<\/strong> holofiber.<\/p>\n<p data-start=\"16220\" data-end=\"16344\">I nostri giocattoli sono realizzati in una casa senza fumo e senza animali domestici.<br data-start=\"16305\" data-end=\"16308\" \/>Prodotto in Estonia, Unione Europea.<\/p>\n<p data-start=\"16346\" data-end=\"16401\"><strong data-start=\"16346\" data-end=\"16366\">Il set contiene:<\/strong><br data-start=\"16366\" data-end=\"16369\" \/>\u2022 1 x doudou volpe all\u2019uncinetto<\/p>\n<p data-start=\"16403\" data-end=\"16510\"><strong data-start=\"16403\" data-end=\"16438\">Il regalo perfetto per il beb\u00e8!<\/strong><br data-start=\"16438\" data-end=\"16441\" \/>Confezione regalo pronta per baby shower, lista nascita o compleanno.<\/p>\n<p data-start=\"16512\" data-end=\"16788\"><strong data-start=\"16512\" data-end=\"16537\">Consigli per la cura:<\/strong><br data-start=\"16537\" data-end=\"16540\" \/>\u2022 Per prevenire reazioni allergiche, utilizzare detergenti liquidi e ipoallergenici.<br data-start=\"16624\" data-end=\"16627\" \/>\u2022 Utilizzare il ciclo delicato della lavatrice e impostare la temperatura a 30 \u00b0C per 30 minuti.<br data-start=\"16723\" data-end=\"16726\" \/>\u2022 Dopo il lavaggio, lasciare asciugare il giocattolo in piano.<\/p>\n","protected":false},"excerpt":{"rendered":"<p>Stai cercando un compagno di nanna unico e coccoloso per il tuo piccolo? Non cercare oltre: questo adorabile giocattolo all\u2019uncinetto \u00e8 proprio ci\u00f2 che fa al caso tuo! Perfetto per le coccole durante la nanna e per il gioco durante il giorno, \u00e8 un regalo ideale per qualsiasi bambino, di qualsiasi et\u00e0.<\/p>\n","protected":false},"featured_media":46816,"comment_status":"open","ping_status":"closed","template":"","meta":[],"product_brand":[],"product_cat":[691,683],"product_tag":[],"class_list":{"0":"post-46809","1":"product","2":"type-product","3":"status-publish","4":"has-post-thumbnail","6":"product_cat-giocattoli-da-coccolare","7":"product_cat-su-ordinazione","9":"first","10":"onbackorder","11":"taxable","12":"shipping-taxable","13":"purchasable","14":"product-type-simple"},"_links":{"self":[{"href":"https:\/\/tinyknit.eu\/it\/wp-json\/wp\/v2\/product\/46809","targetHints":{"allow":["GET"]}}],"collection":[{"href":"https:\/\/tinyknit.eu\/it\/wp-json\/wp\/v2\/product"}],"about":[{"href":"https:\/\/tinyknit.eu\/it\/wp-json\/wp\/v2\/types\/product"}],"replies":[{"embeddable":true,"href":"https:\/\/tinyknit.eu\/it\/wp-json\/wp\/v2\/comments?post=46809"}],"version-history":[{"count":1,"href":"https:\/\/tinyknit.eu\/it\/wp-json\/wp\/v2\/product\/46809\/revisions"}],"predecessor-version":[{"id":46840,"href":"https:\/\/tinyknit.eu\/it\/wp-json\/wp\/v2\/product\/46809\/revisions\/46840"}],"wp:featuredmedia":[{"embeddable":true,"href":"https:\/\/tinyknit.eu\/it\/wp-json\/wp\/v2\/media\/46816"}],"wp:attachment":[{"href":"https:\/\/tinyknit.eu\/it\/wp-json\/wp\/v2\/media?parent=46809"}],"wp:term":[{"taxonomy":"product_brand","embeddable":true,"href":"https:\/\/tinyknit.eu\/it\/wp-json\/wp\/v2\/product_brand?post=46809"},{"taxonomy":"product_cat","embeddable":true,"href":"https:\/\/tinyknit.eu\/it\/wp-json\/wp\/v2\/product_cat?post=46809"},{"taxonomy":"product_tag","embeddable":true,"href":"https:\/\/tinyknit.eu\/it\/wp-json\/wp\/v2\/product_tag?post=46809"}],"curies":[{"name":"wp","href":"https:\/\/api.w.org\/{rel}","templated":true}]}}