{"id":36189,"date":"2025-11-21T17:13:57","date_gmt":"2025-11-21T17:13:57","guid":{"rendered":"https:\/\/tinyknit.eu\/?post_type=product&#038;p=36189"},"modified":"2026-01-14T18:15:09","modified_gmt":"2026-01-14T18:15:09","slug":"peluche-da-nanna-doudou-topo","status":"publish","type":"product","link":"https:\/\/tinyknit.eu\/it\/product\/giocattoli-da-coccolare\/peluche-da-nanna-doudou-topo\/","title":{"rendered":"Peluche da Nanna, Doudou \u2013 Topo"},"content":{"rendered":"<p data-start=\"8294\" data-end=\"8569\">Stai cercando un compagno di sonno unico e coccoloso per il tuo piccolo? Non cercare oltre \u2013 questo adorabile giocattolo all\u2019uncinetto \u00e8 perfetto! Ideale per coccole prima di dormire e giochi durante il giorno, \u00e8 un regalo ideale per qualsiasi bambino o neonato, di ogni et\u00e0.<\/p>\n<p data-start=\"8571\" data-end=\"9215\"><strong data-start=\"8571\" data-end=\"8591\">Caratteristiche:<\/strong><br data-start=\"8591\" data-end=\"8594\" \/>\u2022\u00a0<strong data-start=\"4608\" data-end=\"4639\">Connessione con i genitori.<\/strong>\u00a0Capacit\u00e0 di trattenere il profumo di mamma o pap\u00e0. Metti il gioco accanto al tuo bimbo durante la pappa o mentre lo culli: assorbir\u00e0 il tuo profumo. Cos\u00ec il bambino pu\u00f2 sentire la tua vicinanza anche quando non ci sei.<br data-start=\"8818\" data-end=\"8821\" \/>\u2022\u00a0<strong data-start=\"4863\" data-end=\"4880\">Esplorazione.<\/strong>\u00a0Il gioco all\u2019uncinetto offre una ricca esperienza tattile che cattura l\u2019interesse del bambino e lo aiuta a esplorare il mondo intorno a s\u00e9.<br data-start=\"8979\" data-end=\"8982\" \/>\u2022\u00a0<strong data-start=\"5025\" data-end=\"5051\">Crea ricordi speciali.<\/strong>\u00a0I nostri giochi possono essere usati come accessori per foto di neonati.<br data-start=\"9089\" data-end=\"9092\" \/>\u2022\u00a0<strong data-start=\"5129\" data-end=\"5169\">Comfort che aiuta a tranquillizzare.<\/strong>\u00a0Un doudou all\u2019uncinetto pu\u00f2 dare al bambino una sensazione di comfort e sicurezza, di giorno e di notte.<\/p>\n<p data-start=\"9217\" data-end=\"9433\"><strong data-start=\"9217\" data-end=\"9234\">Perfetto per:<\/strong><br data-start=\"9234\" data-end=\"9237\" \/>\u2022 Un meraviglioso regalo per baby shower, lista nascita, compleanno, Natale o qualsiasi altra occasione.<br data-start=\"9341\" data-end=\"9344\" \/>\u2022 Giocattolo unico che pu\u00f2 anche essere un grazioso elemento decorativo per la cameretta.<\/p>\n<p data-start=\"9435\" data-end=\"9654\"><strong data-start=\"9435\" data-end=\"9450\">Dimensione:<\/strong><br \/>\n\u2022 Copertina\/comforter topo ca. 19 cm (7,4&#8243;)<br data-start=\"919\" data-end=\"922\" \/>\u2022 Peluche topo ca. 17 cm (6,6&#8243;)<br data-start=\"9470\" data-end=\"9473\" \/><strong data-start=\"9473\" data-end=\"9484\">Filato:<\/strong> 100 % micro-poliestere (Oeko-Tex 100 Standard) e 100 % pelliccia sintetica in poliestere. Ipoallergenico, morbido e sicuro per i bambini.<br data-start=\"9622\" data-end=\"9625\" \/><strong data-start=\"9625\" data-end=\"9641\">Imbottitura:<\/strong> Holofibra.<\/p>\n<p data-start=\"9656\" data-end=\"9752\">Realizzato in una casa senza fumo n\u00e9 animali domestici.<br data-start=\"9711\" data-end=\"9714\" \/>Prodotto in Estonia, Unione Europea.<\/p>\n<p data-start=\"9999\" data-end=\"10070\"><strong data-start=\"9999\" data-end=\"10018\">Il set include:<\/strong><br data-start=\"10018\" data-end=\"10021\" \/>\u2022 1x copertina\/comforter all\u2019uncinetto o peluche<\/p>\n<p data-start=\"10072\" data-end=\"10195\"><strong data-start=\"10072\" data-end=\"10110\">Il regalo perfetto per un neonato!<\/strong><br data-start=\"10110\" data-end=\"10113\" \/>Confezione pronta per essere regalata a baby shower, lista nascita o compleanno.<\/p>\n<p data-start=\"10197\" data-end=\"10366\"><strong data-start=\"10197\" data-end=\"10224\">Istruzioni per la cura:<\/strong><br data-start=\"10224\" data-end=\"10227\" \/>\u2022 Utilizzare detergenti liquidi e ipoallergenici.<br data-start=\"10276\" data-end=\"10279\" \/>\u2022 Lavare in lavatrice con ciclo delicato a 30 \u00b0C per 30 minuti.<br data-start=\"10342\" data-end=\"10345\" \/>\u2022 Asciugare in piano.<\/p>\n","protected":false},"excerpt":{"rendered":"<p>Stai cercando un compagno di nanna unico e coccoloso per il tuo piccolo? Non cercare oltre: questo adorabile giocattolo all\u2019uncinetto \u00e8 proprio ci\u00f2 che fa al caso tuo! Perfetto per le coccole durante la nanna e per il gioco durante il giorno, \u00e8 un regalo ideale per qualsiasi bambino, di qualsiasi et\u00e0.<\/p>\n<p><iframe title=\"YouTube video player\" src=\"https:\/\/www.youtube.com\/embed\/zE58b0sFUXQ?si=BhgRPAEdA1jKPRSM\" width=\"560\" height=\"315\" frameborder=\"0\" allowfullscreen=\"allowfullscreen\"><\/iframe><\/p>\n","protected":false},"featured_media":36256,"comment_status":"open","ping_status":"closed","template":"","meta":[],"product_brand":[],"product_cat":[691,693,683],"product_tag":[],"class_list":{"0":"post-36189","1":"product","2":"type-product","3":"status-publish","4":"has-post-thumbnail","6":"product_cat-giocattoli-da-coccolare","7":"product_cat-giocattoli-imbottiti","8":"product_cat-su-ordinazione","10":"first","11":"onbackorder","12":"taxable","13":"shipping-taxable","14":"purchasable","15":"product-type-variable"},"_links":{"self":[{"href":"https:\/\/tinyknit.eu\/it\/wp-json\/wp\/v2\/product\/36189","targetHints":{"allow":["GET"]}}],"collection":[{"href":"https:\/\/tinyknit.eu\/it\/wp-json\/wp\/v2\/product"}],"about":[{"href":"https:\/\/tinyknit.eu\/it\/wp-json\/wp\/v2\/types\/product"}],"replies":[{"embeddable":true,"href":"https:\/\/tinyknit.eu\/it\/wp-json\/wp\/v2\/comments?post=36189"}],"version-history":[{"count":2,"href":"https:\/\/tinyknit.eu\/it\/wp-json\/wp\/v2\/product\/36189\/revisions"}],"predecessor-version":[{"id":41701,"href":"https:\/\/tinyknit.eu\/it\/wp-json\/wp\/v2\/product\/36189\/revisions\/41701"}],"wp:featuredmedia":[{"embeddable":true,"href":"https:\/\/tinyknit.eu\/it\/wp-json\/wp\/v2\/media\/36256"}],"wp:attachment":[{"href":"https:\/\/tinyknit.eu\/it\/wp-json\/wp\/v2\/media?parent=36189"}],"wp:term":[{"taxonomy":"product_brand","embeddable":true,"href":"https:\/\/tinyknit.eu\/it\/wp-json\/wp\/v2\/product_brand?post=36189"},{"taxonomy":"product_cat","embeddable":true,"href":"https:\/\/tinyknit.eu\/it\/wp-json\/wp\/v2\/product_cat?post=36189"},{"taxonomy":"product_tag","embeddable":true,"href":"https:\/\/tinyknit.eu\/it\/wp-json\/wp\/v2\/product_tag?post=36189"}],"curies":[{"name":"wp","href":"https:\/\/api.w.org\/{rel}","templated":true}]}}