{"id":34911,"date":"2025-11-08T16:44:30","date_gmt":"2025-11-08T16:44:30","guid":{"rendered":"https:\/\/tinyknit.eu\/?post_type=product&#038;p=34911"},"modified":"2025-11-08T16:57:58","modified_gmt":"2025-11-08T16:57:58","slug":"peluche-alluncinetto-giocattolo-morbido-da-coccolare-lumaca-zucca","status":"publish","type":"product","link":"https:\/\/tinyknit.eu\/it\/product\/giocattoli-imbottiti\/peluche-alluncinetto-giocattolo-morbido-da-coccolare-lumaca-zucca\/","title":{"rendered":"Peluche all\u2019uncinetto, Giocattolo morbido da coccolare \u2013 Lumaca zucca"},"content":{"rendered":"<p data-start=\"108\" data-end=\"421\">Stai cercando un compagno unico e coccoloso per il sonno del tuo bambino? Non cercare oltre: questo adorabile giocattolo all\u2019uncinetto \u00e8 proprio ci\u00f2 che fa per te! Perfetto per le coccole durante la nanna e per i momenti di gioco durante il giorno, \u00e8 un regalo ideale per ogni neonato o bambino, di qualsiasi et\u00e0.<\/p>\n<p data-start=\"423\" data-end=\"830\"><strong data-start=\"423\" data-end=\"443\">Caratteristiche:<\/strong><br data-start=\"443\" data-end=\"446\" \/>\u2022 Il peluche per dormire arricchisce le sensazioni tattili grazie alla combinazione di filati con diverse texture, che saranno interessanti per il bambino e lo aiuteranno a conoscere il mondo che lo circonda.<br data-start=\"654\" data-end=\"657\" \/>\u2022 Tutti i giocattoli sono realizzati con materiali ipoallergenici, sicuri per il bambino.<br data-start=\"746\" data-end=\"749\" \/>\u2022 Il giocattolo pu\u00f2 diventare un elemento originale per l\u2019arredo della cameretta.<\/p>\n<p data-start=\"832\" data-end=\"1044\"><strong>Dimensioni:<\/strong><br \/>\nPiccolo: ca. 13 \u00d7 15 cm (5 \u00d7 6\u201c)<br data-start=\"906\" data-end=\"909\" data-is-only-node=\"\" \/>Grande: ca. 18 \u00d7 26 cm (7 \u00d7 10\u201c)<br data-start=\"859\" data-end=\"862\" \/><strong data-start=\"862\" data-end=\"876\">Materiale:<\/strong> Questo articolo \u00e8 realizzato a mano con filato ipoallergenico, peluche e cotone. \u00c8 imbottito con holofiber e prodotto in un ambiente privo di fumo e animali domestici.<\/p>\n<p data-start=\"1046\" data-end=\"1088\"><strong data-start=\"1046\" data-end=\"1088\">Realizzato in Estonia, Unione Europea.<\/strong><\/p>\n<p data-start=\"1090\" data-end=\"1137\"><strong data-start=\"1090\" data-end=\"1110\">Il set contiene:<\/strong><br data-start=\"1110\" data-end=\"1113\" \/>\u2022 1x peluche per dormire<\/p>\n<p data-start=\"1139\" data-end=\"1251\"><strong data-start=\"1139\" data-end=\"1177\">Il regalo perfetto per il bambino!<\/strong><br data-start=\"1177\" data-end=\"1180\" \/>Confezione pronta per baby shower, lista nascita o festa di compleanno.<\/p>\n<p data-start=\"1253\" data-end=\"1520\"><strong data-start=\"1253\" data-end=\"1278\">Consigli per la cura:<\/strong><br data-start=\"1278\" data-end=\"1281\" \/>\u2022 Per prevenire reazioni allergiche, utilizzare detergenti liquidi e ipoallergenici.<br data-start=\"1365\" data-end=\"1368\" \/>\u2022 Lavare in lavatrice con ciclo delicato, impostando la temperatura a 30 gradi per 30 minuti.<br data-start=\"1461\" data-end=\"1464\" \/>\u2022 Dopo il lavaggio, far asciugare il giocattolo disteso.<\/p>\n","protected":false},"excerpt":{"rendered":"<p>Stai cercando un compagno unico e coccoloso per il sonno del tuo bambino? Non cercare oltre: questo adorabile giocattolo all\u2019uncinetto \u00e8 proprio ci\u00f2 che fa per te! Perfetto per le coccole durante la nanna e per i momenti di gioco durante il giorno, \u00e8 un regalo ideale per ogni neonato o bambino, di qualsiasi et\u00e0.<\/p>\n<p><iframe title=\"YouTube video player\" src=\"https:\/\/www.youtube.com\/embed\/n2Rcc7zpyg4?si=38DYonFWkSxDyEGN\" width=\"560\" height=\"315\" frameborder=\"0\" allowfullscreen=\"allowfullscreen\"><\/iframe><\/p>\n","protected":false},"featured_media":34934,"comment_status":"open","ping_status":"closed","template":"","meta":[],"product_brand":[],"product_cat":[693,683],"product_tag":[],"class_list":{"0":"post-34911","1":"product","2":"type-product","3":"status-publish","4":"has-post-thumbnail","6":"product_cat-giocattoli-imbottiti","7":"product_cat-su-ordinazione","9":"first","10":"onbackorder","11":"taxable","12":"shipping-taxable","13":"purchasable","14":"product-type-variable"},"_links":{"self":[{"href":"https:\/\/tinyknit.eu\/it\/wp-json\/wp\/v2\/product\/34911","targetHints":{"allow":["GET"]}}],"collection":[{"href":"https:\/\/tinyknit.eu\/it\/wp-json\/wp\/v2\/product"}],"about":[{"href":"https:\/\/tinyknit.eu\/it\/wp-json\/wp\/v2\/types\/product"}],"replies":[{"embeddable":true,"href":"https:\/\/tinyknit.eu\/it\/wp-json\/wp\/v2\/comments?post=34911"}],"version-history":[{"count":1,"href":"https:\/\/tinyknit.eu\/it\/wp-json\/wp\/v2\/product\/34911\/revisions"}],"predecessor-version":[{"id":34968,"href":"https:\/\/tinyknit.eu\/it\/wp-json\/wp\/v2\/product\/34911\/revisions\/34968"}],"wp:featuredmedia":[{"embeddable":true,"href":"https:\/\/tinyknit.eu\/it\/wp-json\/wp\/v2\/media\/34934"}],"wp:attachment":[{"href":"https:\/\/tinyknit.eu\/it\/wp-json\/wp\/v2\/media?parent=34911"}],"wp:term":[{"taxonomy":"product_brand","embeddable":true,"href":"https:\/\/tinyknit.eu\/it\/wp-json\/wp\/v2\/product_brand?post=34911"},{"taxonomy":"product_cat","embeddable":true,"href":"https:\/\/tinyknit.eu\/it\/wp-json\/wp\/v2\/product_cat?post=34911"},{"taxonomy":"product_tag","embeddable":true,"href":"https:\/\/tinyknit.eu\/it\/wp-json\/wp\/v2\/product_tag?post=34911"}],"curies":[{"name":"wp","href":"https:\/\/api.w.org\/{rel}","templated":true}]}}