{"id":34430,"date":"2025-10-26T19:40:19","date_gmt":"2025-10-26T19:40:19","guid":{"rendered":"https:\/\/tinyknit.eu\/?post_type=product&#038;p=34430"},"modified":"2025-10-26T19:56:03","modified_gmt":"2025-10-26T19:56:03","slug":"peluche-da-nanna-doudou-hedwig-gufo","status":"publish","type":"product","link":"https:\/\/tinyknit.eu\/it\/product\/giocattoli-da-coccolare\/peluche-da-nanna-doudou-hedwig-gufo\/","title":{"rendered":"Peluche da Nanna, Doudou \u2013 Hedwig (Gufo)"},"content":{"rendered":"<p data-start=\"8294\" data-end=\"8569\">Stai cercando un compagno di sonno unico e coccoloso per il tuo piccolo? Non cercare oltre \u2013 questo adorabile giocattolo all\u2019uncinetto \u00e8 perfetto! Ideale per coccole prima di dormire e giochi durante il giorno, \u00e8 un regalo ideale per qualsiasi bambino o neonato, di ogni et\u00e0.<\/p>\n<p data-start=\"8571\" data-end=\"9215\"><strong data-start=\"8571\" data-end=\"8591\">Caratteristiche:<\/strong><br data-start=\"8591\" data-end=\"8594\" \/>\u2022 <strong data-start=\"8596\" data-end=\"8627\">Connessione con i genitori.<\/strong> Pu\u00f2 trattenere il profumo della mamma o del pap\u00e0. Metti il giocattolo vicino al bambino durante la poppata o la ninna nanna, e assorbir\u00e0 il tuo profumo, facendolo sentire sempre vicino a te.<br data-start=\"8818\" data-end=\"8821\" \/>\u2022 <strong data-start=\"8823\" data-end=\"8840\">Esplorazione.<\/strong> Il giocattolo all\u2019uncinetto Hedwig offre un\u2019esperienza tattile ricca che stimola la curiosit\u00e0 del bambino e lo aiuta a esplorare il mondo.<br data-start=\"8979\" data-end=\"8982\" \/>\u2022 <strong data-start=\"8984\" data-end=\"8996\">Ricordi.<\/strong> I nostri giocattoli possono essere usati come accessorio per servizi fotografici di neonati.<br data-start=\"9089\" data-end=\"9092\" \/>\u2022 <strong data-start=\"9094\" data-end=\"9115\">Effetto calmante.<\/strong> Il peluche all\u2019uncinetto Hedwig crea comfort e sicurezza per il bambino sia di giorno che di notte.<\/p>\n<p data-start=\"9217\" data-end=\"9433\"><strong data-start=\"9217\" data-end=\"9234\">Perfetto per:<\/strong><br data-start=\"9234\" data-end=\"9237\" \/>\u2022 Un meraviglioso regalo per baby shower, lista nascita, compleanno, Natale o qualsiasi altra occasione.<br data-start=\"9341\" data-end=\"9344\" \/>\u2022 Giocattolo unico che pu\u00f2 anche essere un grazioso elemento decorativo per la cameretta.<\/p>\n<p data-start=\"9435\" data-end=\"9654\"><strong data-start=\"9435\" data-end=\"9450\">Dimensione:<\/strong> circa 35 cm (13,7\u201d)<br data-start=\"9470\" data-end=\"9473\" \/><strong data-start=\"9473\" data-end=\"9484\">Filato:<\/strong> 100 % micro-poliestere (Oeko-Tex 100 Standard) e 100 % pelliccia sintetica in poliestere. Ipoallergenico, morbido e sicuro per i bambini.<br data-start=\"9622\" data-end=\"9625\" \/><strong data-start=\"9625\" data-end=\"9641\">Imbottitura:<\/strong> Holofibra.<\/p>\n<p data-start=\"9656\" data-end=\"9752\">Realizzato in una casa senza fumo n\u00e9 animali domestici.<br data-start=\"9711\" data-end=\"9714\" \/>Prodotto in Estonia, Unione Europea.<\/p>\n<p data-start=\"9754\" data-end=\"9790\">Disponibili tre stili \u2013 vedi foto.<\/p>\n<p data-start=\"9792\" data-end=\"9997\"><strong data-start=\"9792\" data-end=\"9804\">Stile #1<\/strong> \u2013 Corpo grigio freddo con sciarpa abbinata<br data-start=\"9847\" data-end=\"9850\" \/><strong data-start=\"9850\" data-end=\"9862\">Stile #2<\/strong> \u2013 Corpo bianco, becco e zampe grigio freddo, sciarpa colorata<br data-start=\"9924\" data-end=\"9927\" \/><strong data-start=\"9927\" data-end=\"9939\">Stile #3<\/strong> \u2013 Corpo bianco, becco e zampe marroni, sciarpa colorata<\/p>\n<p data-start=\"9999\" data-end=\"10070\"><strong data-start=\"9999\" data-end=\"10018\">Il set include:<\/strong><br data-start=\"10018\" data-end=\"10021\" \/>\u2022 1x Copertina di conforto Hedwig all\u2019uncinetto<\/p>\n<p data-start=\"10072\" data-end=\"10195\"><strong data-start=\"10072\" data-end=\"10110\">Il regalo perfetto per un neonato!<\/strong><br data-start=\"10110\" data-end=\"10113\" \/>Confezione pronta per essere regalata a baby shower, lista nascita o compleanno.<\/p>\n<p data-start=\"10197\" data-end=\"10366\"><strong data-start=\"10197\" data-end=\"10224\">Istruzioni per la cura:<\/strong><br data-start=\"10224\" data-end=\"10227\" \/>\u2022 Utilizzare detergenti liquidi e ipoallergenici.<br data-start=\"10276\" data-end=\"10279\" \/>\u2022 Lavare in lavatrice con ciclo delicato a 30 \u00b0C per 30 minuti.<br data-start=\"10342\" data-end=\"10345\" \/>\u2022 Asciugare in piano.<\/p>\n","protected":false},"excerpt":{"rendered":"<p>Stai cercando un compagno di nanna unico e coccoloso per il tuo piccolo? Non cercare oltre: questo adorabile giocattolo all\u2019uncinetto \u00e8 proprio ci\u00f2 che fa al caso tuo! Perfetto per le coccole durante la nanna e per il gioco durante il giorno, \u00e8 un regalo ideale per qualsiasi bambino, di qualsiasi et\u00e0.<\/p>\n<p><iframe title=\"YouTube video player\" src=\"https:\/\/www.youtube.com\/embed\/6J_-fvB8jiU?si=Fe8wKpvAN9gsrWAX\" width=\"560\" height=\"315\" frameborder=\"0\" allowfullscreen=\"allowfullscreen\"><\/iframe><\/p>\n","protected":false},"featured_media":34437,"comment_status":"open","ping_status":"closed","template":"","meta":[],"product_brand":[],"product_cat":[691,683],"product_tag":[],"class_list":{"0":"post-34430","1":"product","2":"type-product","3":"status-publish","4":"has-post-thumbnail","6":"product_cat-giocattoli-da-coccolare","7":"product_cat-su-ordinazione","9":"first","10":"onbackorder","11":"taxable","12":"shipping-taxable","13":"purchasable","14":"product-type-variable"},"_links":{"self":[{"href":"https:\/\/tinyknit.eu\/it\/wp-json\/wp\/v2\/product\/34430","targetHints":{"allow":["GET"]}}],"collection":[{"href":"https:\/\/tinyknit.eu\/it\/wp-json\/wp\/v2\/product"}],"about":[{"href":"https:\/\/tinyknit.eu\/it\/wp-json\/wp\/v2\/types\/product"}],"replies":[{"embeddable":true,"href":"https:\/\/tinyknit.eu\/it\/wp-json\/wp\/v2\/comments?post=34430"}],"version-history":[{"count":1,"href":"https:\/\/tinyknit.eu\/it\/wp-json\/wp\/v2\/product\/34430\/revisions"}],"predecessor-version":[{"id":34560,"href":"https:\/\/tinyknit.eu\/it\/wp-json\/wp\/v2\/product\/34430\/revisions\/34560"}],"wp:featuredmedia":[{"embeddable":true,"href":"https:\/\/tinyknit.eu\/it\/wp-json\/wp\/v2\/media\/34437"}],"wp:attachment":[{"href":"https:\/\/tinyknit.eu\/it\/wp-json\/wp\/v2\/media?parent=34430"}],"wp:term":[{"taxonomy":"product_brand","embeddable":true,"href":"https:\/\/tinyknit.eu\/it\/wp-json\/wp\/v2\/product_brand?post=34430"},{"taxonomy":"product_cat","embeddable":true,"href":"https:\/\/tinyknit.eu\/it\/wp-json\/wp\/v2\/product_cat?post=34430"},{"taxonomy":"product_tag","embeddable":true,"href":"https:\/\/tinyknit.eu\/it\/wp-json\/wp\/v2\/product_tag?post=34430"}],"curies":[{"name":"wp","href":"https:\/\/api.w.org\/{rel}","templated":true}]}}