{"id":33311,"date":"2023-04-02T08:12:10","date_gmt":"2023-04-02T08:12:10","guid":{"rendered":"https:\/\/tinyknit.eu\/product\/senza-categoria\/plushie-sleeping-toy-comforter-goose\/"},"modified":"2025-07-30T17:55:57","modified_gmt":"2025-07-30T17:55:57","slug":"peluche-alluncinetto-oca","status":"publish","type":"product","link":"https:\/\/tinyknit.eu\/it\/product\/giocattoli-imbottiti\/peluche-alluncinetto-oca\/","title":{"rendered":"Peluche All\u2019Uncinetto \u2013 Oca"},"content":{"rendered":"<p data-start=\"71\" data-end=\"366\">Stai cercando un compagno del sonno unico e accogliente per il tuo piccolo? Non cercare oltre: questo adorabile giocattolo all\u2019uncinetto \u00e8 proprio ci\u00f2 che fa per te! Perfetto per le coccole durante la nanna e per il gioco durante il giorno, \u00e8 un regalo ideale per ogni bambino, di qualsiasi et\u00e0.<\/p>\n<p data-start=\"368\" data-end=\"722\"><strong data-start=\"368\" data-end=\"388\">Caratteristiche:<\/strong><br data-start=\"388\" data-end=\"391\" \/>\u2022 Il Giocattolo del Sonno stimola il tatto grazie alla combinazione di filati con texture diverse, interessanti per il bambino e utili per esplorare il mondo circostante.<br data-start=\"561\" data-end=\"564\" \/>\u2022 Tutti i giocattoli sono realizzati con materiali anallergici, sicuri per i bambini.<br data-start=\"649\" data-end=\"652\" \/>\u2022 Pu\u00f2 diventare un\u2019aggiunta originale all\u2019arredamento della cameretta.<\/p>\n<p data-start=\"724\" data-end=\"949\"><strong data-start=\"724\" data-end=\"739\">Dimensioni:<\/strong> circa 68 x 17 cm (Grande), 60 x 13 cm (Medio)<br data-start=\"785\" data-end=\"788\" \/><strong data-start=\"788\" data-end=\"802\">Materiale:<\/strong> realizzato a mano con filati anallergici, peluche e cotone. Imbottito con holofiber. Prodotto in un ambiente senza fumo e senza animali domestici.<\/p>\n<p data-start=\"951\" data-end=\"1126\">Ogni componente \u00e8 lavorato a maglia a mano. Non contiene occhi di plastica n\u00e9 altre parti potenzialmente pericolose per i bambini.<br data-start=\"1081\" data-end=\"1084\" \/><strong data-start=\"1084\" data-end=\"1126\">Realizzato in Estonia, Unione Europea.<\/strong><\/p>\n<p data-start=\"1128\" data-end=\"1176\"><strong data-start=\"1128\" data-end=\"1148\">Il set contiene:<\/strong><br data-start=\"1148\" data-end=\"1151\" \/>\u2022 1x Giocattolo del Sonno<\/p>\n<p data-start=\"1178\" data-end=\"1297\"><strong data-start=\"1178\" data-end=\"1216\">Il regalo perfetto per un neonato!<\/strong><br data-start=\"1216\" data-end=\"1219\" \/>Confezione regalo pronta per baby shower, lista nascita o festa di compleanno.<\/p>\n<p data-start=\"1299\" data-end=\"1531\"><strong data-start=\"1299\" data-end=\"1324\">Consigli per la cura:<\/strong><br data-start=\"1324\" data-end=\"1327\" \/>\u2022 Per evitare reazioni allergiche, utilizzare detergenti liquidi e anallergici.<br data-start=\"1406\" data-end=\"1409\" \/>\u2022 Lavare in lavatrice con ciclo delicato a 30 gradi per 30 minuti.<br data-start=\"1475\" data-end=\"1478\" \/>\u2022 Dopo il lavaggio, asciugare il giocattolo in piano.<\/p>\n","protected":false},"excerpt":{"rendered":"<p>Stai cercando un compagno del sonno unico e accogliente per il tuo piccolo? Non cercare oltre: questo adorabile giocattolo all\u2019uncinetto \u00e8 proprio ci\u00f2 che fa per te! Perfetto per le coccole durante la nanna e per il gioco durante il giorno, \u00e8 un regalo ideale per ogni bambino, di qualsiasi et\u00e0.<\/p>\n","protected":false},"featured_media":33316,"comment_status":"open","ping_status":"closed","template":"","meta":[],"product_brand":[],"product_cat":[693,683],"product_tag":[],"class_list":{"0":"post-33311","1":"product","2":"type-product","3":"status-publish","4":"has-post-thumbnail","6":"product_cat-giocattoli-imbottiti","7":"product_cat-su-ordinazione","9":"first","10":"onbackorder","11":"taxable","12":"shipping-taxable","13":"purchasable","14":"product-type-variable"},"_links":{"self":[{"href":"https:\/\/tinyknit.eu\/it\/wp-json\/wp\/v2\/product\/33311","targetHints":{"allow":["GET"]}}],"collection":[{"href":"https:\/\/tinyknit.eu\/it\/wp-json\/wp\/v2\/product"}],"about":[{"href":"https:\/\/tinyknit.eu\/it\/wp-json\/wp\/v2\/types\/product"}],"replies":[{"embeddable":true,"href":"https:\/\/tinyknit.eu\/it\/wp-json\/wp\/v2\/comments?post=33311"}],"version-history":[{"count":2,"href":"https:\/\/tinyknit.eu\/it\/wp-json\/wp\/v2\/product\/33311\/revisions"}],"predecessor-version":[{"id":33326,"href":"https:\/\/tinyknit.eu\/it\/wp-json\/wp\/v2\/product\/33311\/revisions\/33326"}],"wp:featuredmedia":[{"embeddable":true,"href":"https:\/\/tinyknit.eu\/it\/wp-json\/wp\/v2\/media\/33316"}],"wp:attachment":[{"href":"https:\/\/tinyknit.eu\/it\/wp-json\/wp\/v2\/media?parent=33311"}],"wp:term":[{"taxonomy":"product_brand","embeddable":true,"href":"https:\/\/tinyknit.eu\/it\/wp-json\/wp\/v2\/product_brand?post=33311"},{"taxonomy":"product_cat","embeddable":true,"href":"https:\/\/tinyknit.eu\/it\/wp-json\/wp\/v2\/product_cat?post=33311"},{"taxonomy":"product_tag","embeddable":true,"href":"https:\/\/tinyknit.eu\/it\/wp-json\/wp\/v2\/product_tag?post=33311"}],"curies":[{"name":"wp","href":"https:\/\/api.w.org\/{rel}","templated":true}]}}