{"id":33306,"date":"2023-04-02T09:06:26","date_gmt":"2023-04-02T09:06:26","guid":{"rendered":"https:\/\/tinyknit.eu\/product\/senza-categoria\/plushie-sleeping-toy-comforter-drake\/"},"modified":"2025-07-30T17:55:31","modified_gmt":"2025-07-30T17:55:31","slug":"peluche-alluncinetto-drake-2","status":"publish","type":"product","link":"https:\/\/tinyknit.eu\/it\/product\/giocattoli-imbottiti\/peluche-alluncinetto-drake-2\/","title":{"rendered":"Peluche All\u2019Uncinetto \u2013 Drake"},"content":{"rendered":"<p data-start=\"73\" data-end=\"371\">Stai cercando un compagno del sonno unico e accogliente per il tuo piccolo? Non cercare oltre: questo adorabile giocattolo all\u2019uncinetto \u00e8 proprio quello che fa per te! Perfetto per le coccole durante la nanna e per il gioco durante il giorno, \u00e8 il regalo ideale per ogni bambino, di qualsiasi et\u00e0.<\/p>\n<p data-start=\"373\" data-end=\"727\"><strong data-start=\"373\" data-end=\"393\">Caratteristiche:<\/strong><br data-start=\"393\" data-end=\"396\" \/>\u2022 Il Giocattolo del Sonno stimola il tatto grazie alla combinazione di filati con texture diverse, interessanti per il bambino e utili per esplorare il mondo circostante.<br data-start=\"566\" data-end=\"569\" \/>\u2022 Tutti i giocattoli sono realizzati con materiali anallergici, sicuri per i bambini.<br data-start=\"654\" data-end=\"657\" \/>\u2022 Pu\u00f2 diventare un\u2019aggiunta originale all\u2019arredamento della cameretta.<\/p>\n<p data-start=\"729\" data-end=\"925\"><strong data-start=\"729\" data-end=\"744\">Dimensioni:<\/strong> circa 62 x 17 cm<br data-start=\"761\" data-end=\"764\" \/><strong data-start=\"764\" data-end=\"778\">Materiale:<\/strong> realizzato a mano con filato anallergico, peluche e cotone. Imbottito con holofiber. Prodotto in un ambiente senza fumo e senza animali domestici.<\/p>\n<p data-start=\"927\" data-end=\"1102\">Ogni componente \u00e8 lavorato a maglia a mano. Non contiene occhi di plastica n\u00e9 altre parti potenzialmente pericolose per i bambini.<br data-start=\"1057\" data-end=\"1060\" \/><strong data-start=\"1060\" data-end=\"1102\">Realizzato in Estonia, Unione Europea.<\/strong><\/p>\n<p data-start=\"1104\" data-end=\"1152\"><strong data-start=\"1104\" data-end=\"1124\">Il set contiene:<\/strong><br data-start=\"1124\" data-end=\"1127\" \/>\u2022 1x Giocattolo del Sonno<\/p>\n<p data-start=\"1154\" data-end=\"1273\"><strong data-start=\"1154\" data-end=\"1192\">Il regalo perfetto per un neonato!<\/strong><br data-start=\"1192\" data-end=\"1195\" \/>Confezione regalo pronta per baby shower, lista nascita o festa di compleanno.<\/p>\n<p data-start=\"1275\" data-end=\"1507\"><strong data-start=\"1275\" data-end=\"1300\">Consigli per la cura:<\/strong><br data-start=\"1300\" data-end=\"1303\" \/>\u2022 Per evitare reazioni allergiche, utilizzare detergenti liquidi e anallergici.<br data-start=\"1382\" data-end=\"1385\" \/>\u2022 Lavare in lavatrice con ciclo delicato a 30 gradi per 30 minuti.<br data-start=\"1451\" data-end=\"1454\" \/>\u2022 Dopo il lavaggio, asciugare il giocattolo in piano.<\/p>\n","protected":false},"excerpt":{"rendered":"<p>Stai cercando un compagno del sonno unico e accogliente per il tuo piccolo? Non cercare oltre: questo adorabile giocattolo all\u2019uncinetto \u00e8 proprio quello che fa per te! Perfetto per le coccole durante la nanna e per il gioco durante il giorno, \u00e8 il regalo ideale per ogni bambino, di qualsiasi et\u00e0.<\/p>\n","protected":false},"featured_media":33310,"comment_status":"open","ping_status":"closed","template":"","meta":[],"product_brand":[],"product_cat":[693,689],"product_tag":[],"class_list":{"0":"post-33306","1":"product","2":"type-product","3":"status-publish","4":"has-post-thumbnail","6":"product_cat-giocattoli-imbottiti","7":"product_cat-pronto-per-la-spedizione","9":"first","10":"instock","11":"taxable","12":"shipping-taxable","13":"purchasable","14":"product-type-simple"},"_links":{"self":[{"href":"https:\/\/tinyknit.eu\/it\/wp-json\/wp\/v2\/product\/33306","targetHints":{"allow":["GET"]}}],"collection":[{"href":"https:\/\/tinyknit.eu\/it\/wp-json\/wp\/v2\/product"}],"about":[{"href":"https:\/\/tinyknit.eu\/it\/wp-json\/wp\/v2\/types\/product"}],"replies":[{"embeddable":true,"href":"https:\/\/tinyknit.eu\/it\/wp-json\/wp\/v2\/comments?post=33306"}],"version-history":[{"count":2,"href":"https:\/\/tinyknit.eu\/it\/wp-json\/wp\/v2\/product\/33306\/revisions"}],"predecessor-version":[{"id":33324,"href":"https:\/\/tinyknit.eu\/it\/wp-json\/wp\/v2\/product\/33306\/revisions\/33324"}],"wp:featuredmedia":[{"embeddable":true,"href":"https:\/\/tinyknit.eu\/it\/wp-json\/wp\/v2\/media\/33310"}],"wp:attachment":[{"href":"https:\/\/tinyknit.eu\/it\/wp-json\/wp\/v2\/media?parent=33306"}],"wp:term":[{"taxonomy":"product_brand","embeddable":true,"href":"https:\/\/tinyknit.eu\/it\/wp-json\/wp\/v2\/product_brand?post=33306"},{"taxonomy":"product_cat","embeddable":true,"href":"https:\/\/tinyknit.eu\/it\/wp-json\/wp\/v2\/product_cat?post=33306"},{"taxonomy":"product_tag","embeddable":true,"href":"https:\/\/tinyknit.eu\/it\/wp-json\/wp\/v2\/product_tag?post=33306"}],"curies":[{"name":"wp","href":"https:\/\/api.w.org\/{rel}","templated":true}]}}