{"id":33291,"date":"2023-10-07T18:53:34","date_gmt":"2023-10-07T18:53:34","guid":{"rendered":"https:\/\/tinyknit.eu\/product\/senza-categoria\/plushie-sleeping-toy-comforter-drake-3\/"},"modified":"2025-07-30T17:54:34","modified_gmt":"2025-07-30T17:54:34","slug":"peluche-alluncinetto-drake","status":"publish","type":"product","link":"https:\/\/tinyknit.eu\/it\/product\/giocattoli-imbottiti\/peluche-alluncinetto-drake\/","title":{"rendered":"Peluche All\u2019Uncinetto \u2013 Drake"},"content":{"rendered":"<p data-start=\"73\" data-end=\"390\">Stai cercando un amico del sonno unico e coccoloso per il tuo piccolo? Non cercare oltre: questo adorabile giocattolo realizzato all\u2019uncinetto \u00e8 proprio quello che fa per te! Perfetto per le coccole durante la nanna e per momenti di gioco durante il giorno, \u00e8 un regalo ideale per qualsiasi bambino, di qualsiasi et\u00e0.<\/p>\n<p data-start=\"392\" data-end=\"750\"><strong data-start=\"392\" data-end=\"412\">Caratteristiche:<\/strong><br data-start=\"412\" data-end=\"415\" \/>\u2022 Il giocattolo del sonno stimola il tatto grazie alla combinazione di filati con diverse texture, interessanti per il bambino e utili per scoprire il mondo che lo circonda.<br data-start=\"588\" data-end=\"591\" \/>\u2022 Tutti i giocattoli sono realizzati con materiali anallergici, sicuri per il bambino.<br data-start=\"677\" data-end=\"680\" \/>\u2022 Pu\u00f2 diventare un&#8217;aggiunta originale all&#8217;arredamento della cameretta.<\/p>\n<p data-start=\"752\" data-end=\"948\"><strong data-start=\"752\" data-end=\"767\">Dimensioni:<\/strong> circa 62 x 17 cm<br data-start=\"784\" data-end=\"787\" \/><strong data-start=\"787\" data-end=\"801\">Materiale:<\/strong> realizzato a mano con filato anallergico, peluche e cotone. Imbottito con holofiber. Prodotto in un ambiente senza fumo e senza animali domestici.<\/p>\n<p data-start=\"950\" data-end=\"1125\">Ogni componente \u00e8 lavorato a maglia a mano. Non contiene occhi di plastica n\u00e9 altre parti potenzialmente pericolose per i bambini.<br data-start=\"1080\" data-end=\"1083\" \/><strong data-start=\"1083\" data-end=\"1125\">Realizzato in Estonia, Unione Europea.<\/strong><\/p>\n<p data-start=\"1127\" data-end=\"1175\"><strong data-start=\"1127\" data-end=\"1147\">Il set contiene:<\/strong><br data-start=\"1147\" data-end=\"1150\" \/>\u2022 1x Giocattolo del Sonno<\/p>\n<p data-start=\"1177\" data-end=\"1287\"><strong data-start=\"1177\" data-end=\"1215\">Il regalo perfetto per un neonato!<\/strong><br data-start=\"1215\" data-end=\"1218\" \/>Confezione regalo pronta per baby shower, lista nascita o compleanno.<\/p>\n<p data-start=\"1289\" data-end=\"1507\"><strong data-start=\"1289\" data-end=\"1314\">Consigli per la cura:<\/strong><br data-start=\"1314\" data-end=\"1317\" \/>\u2022 Per evitare reazioni allergiche, utilizzare detergenti liquidi e anallergici.<br data-start=\"1396\" data-end=\"1399\" \/>\u2022 Lavare in lavatrice con ciclo delicato a 30 gradi per 30 minuti.<br data-start=\"1465\" data-end=\"1468\" \/>\u2022 Dopo il lavaggio, asciugare in piano.<\/p>\n","protected":false},"excerpt":{"rendered":"<p>Stai cercando un amico del sonno unico e coccoloso per il tuo piccolo? Non cercare oltre: questo adorabile giocattolo realizzato all\u2019uncinetto \u00e8 proprio quello che fa per te! Perfetto per le coccole durante la nanna e per momenti di gioco durante il giorno, \u00e8 un regalo ideale per qualsiasi bambino, di qualsiasi et\u00e0.<\/p>\n","protected":false},"featured_media":33299,"comment_status":"open","ping_status":"closed","template":"","meta":[],"product_brand":[],"product_cat":[693,683],"product_tag":[],"class_list":{"0":"post-33291","1":"product","2":"type-product","3":"status-publish","4":"has-post-thumbnail","6":"product_cat-giocattoli-imbottiti","7":"product_cat-su-ordinazione","9":"first","10":"onbackorder","11":"taxable","12":"shipping-taxable","13":"purchasable","14":"product-type-simple"},"_links":{"self":[{"href":"https:\/\/tinyknit.eu\/it\/wp-json\/wp\/v2\/product\/33291","targetHints":{"allow":["GET"]}}],"collection":[{"href":"https:\/\/tinyknit.eu\/it\/wp-json\/wp\/v2\/product"}],"about":[{"href":"https:\/\/tinyknit.eu\/it\/wp-json\/wp\/v2\/types\/product"}],"replies":[{"embeddable":true,"href":"https:\/\/tinyknit.eu\/it\/wp-json\/wp\/v2\/comments?post=33291"}],"version-history":[{"count":2,"href":"https:\/\/tinyknit.eu\/it\/wp-json\/wp\/v2\/product\/33291\/revisions"}],"predecessor-version":[{"id":33320,"href":"https:\/\/tinyknit.eu\/it\/wp-json\/wp\/v2\/product\/33291\/revisions\/33320"}],"wp:featuredmedia":[{"embeddable":true,"href":"https:\/\/tinyknit.eu\/it\/wp-json\/wp\/v2\/media\/33299"}],"wp:attachment":[{"href":"https:\/\/tinyknit.eu\/it\/wp-json\/wp\/v2\/media?parent=33291"}],"wp:term":[{"taxonomy":"product_brand","embeddable":true,"href":"https:\/\/tinyknit.eu\/it\/wp-json\/wp\/v2\/product_brand?post=33291"},{"taxonomy":"product_cat","embeddable":true,"href":"https:\/\/tinyknit.eu\/it\/wp-json\/wp\/v2\/product_cat?post=33291"},{"taxonomy":"product_tag","embeddable":true,"href":"https:\/\/tinyknit.eu\/it\/wp-json\/wp\/v2\/product_tag?post=33291"}],"curies":[{"name":"wp","href":"https:\/\/api.w.org\/{rel}","templated":true}]}}