{"id":33236,"date":"2024-10-27T16:56:05","date_gmt":"2024-10-27T16:56:05","guid":{"rendered":"https:\/\/tinyknit.eu\/product\/senza-categoria\/crochet-plushie-soft-toy-cuddle-toy-snail\/"},"modified":"2025-07-30T17:38:17","modified_gmt":"2025-07-30T17:38:17","slug":"peluche-morbido-alluncinetto-giocattolo-coccoloso-lumaca","status":"publish","type":"product","link":"https:\/\/tinyknit.eu\/it\/product\/giocattoli-imbottiti\/giocattolo-da-coccolare-lumaca\/peluche-morbido-alluncinetto-giocattolo-coccoloso-lumaca\/","title":{"rendered":"Peluche Morbido All\u2019Uncinetto, Giocattolo Coccoloso \u2013 Lumaca"},"content":{"rendered":"<p data-start=\"100\" data-end=\"500\">Sei alla ricerca di un compagno unico e adorabile per il momento della nanna che il tuo bambino amer\u00e0? Non cercare oltre, questo adorabile giocattolo all\u2019uncinetto a forma di lumaca \u00e8 perfetto! \u00c8 ideale per le coccole a letto e offre tanto divertimento durante il giorno, rendendolo un regalo ideale per neonati e bambini piccoli di qualsiasi et\u00e0 (non sto scherzando, anche gli adulti lo adoreranno).<\/p>\n<p data-start=\"502\" data-end=\"524\"><strong data-start=\"502\" data-end=\"522\">Caratteristiche:<\/strong><\/p>\n<ul data-start=\"525\" data-end=\"1208\">\n<li data-start=\"525\" data-end=\"789\">\n<p data-start=\"527\" data-end=\"789\"><strong data-start=\"527\" data-end=\"560\">Comunicazione con i genitori:<\/strong> Pu\u00f2 trattenere il profumo di mamma o pap\u00e0. Posiziona il giocattolo vicino al bambino durante la poppata o mentre lo culli e assorbir\u00e0 il tuo odore. Cos\u00ec il bambino sentir\u00e0 sempre la tua vicinanza anche quando non sei presente.<\/p>\n<\/li>\n<li data-start=\"790\" data-end=\"955\">\n<p data-start=\"792\" data-end=\"955\"><strong data-start=\"792\" data-end=\"809\">Esplorazione:<\/strong> Il giocattolo all\u2019uncinetto offre una ricca esperienza tattile che cattura l\u2019interesse del bambino e lo aiuta a scoprire il mondo intorno a s\u00e9.<\/p>\n<\/li>\n<li data-start=\"956\" data-end=\"1091\">\n<p data-start=\"958\" data-end=\"1091\"><strong data-start=\"958\" data-end=\"986\">Ricordi indimenticabili:<\/strong> I nostri giocattoli possono essere usati come accessori fotografici per servizi fotografici neonatali.<\/p>\n<\/li>\n<li data-start=\"1092\" data-end=\"1208\">\n<p data-start=\"1094\" data-end=\"1208\"><strong data-start=\"1094\" data-end=\"1115\">Effetto calmante:<\/strong> Il giocattolo coccoloso crea conforto e sicurezza per il bambino sia di giorno che di notte.<\/p>\n<\/li>\n<\/ul>\n<p data-start=\"1210\" data-end=\"1229\"><strong data-start=\"1210\" data-end=\"1227\">Perfetto per:<\/strong><\/p>\n<ul data-start=\"1230\" data-end=\"1428\">\n<li data-start=\"1230\" data-end=\"1336\">\n<p data-start=\"1232\" data-end=\"1336\">Un regalo meraviglioso per baby shower, liste nascita, compleanni, Natale o qualsiasi altra occasione.<\/p>\n<\/li>\n<li data-start=\"1337\" data-end=\"1428\">\n<p data-start=\"1339\" data-end=\"1428\">Giocattoli unici che sono anche un\u2019aggiunta affascinante all\u2019arredamento della cameretta.<\/p>\n<\/li>\n<\/ul>\n<p data-start=\"1430\" data-end=\"1447\"><strong data-start=\"1430\" data-end=\"1445\">Dimensioni:<\/strong><\/p>\n<ul data-start=\"1448\" data-end=\"1523\">\n<li data-start=\"1448\" data-end=\"1486\">\n<p data-start=\"1450\" data-end=\"1486\">Piccolo: circa 13 x 15 cm (5 x 6\u201c)<\/p>\n<\/li>\n<li data-start=\"1487\" data-end=\"1523\">\n<p data-start=\"1489\" data-end=\"1523\">Grande: circa 18 x 26 cm (7 x 10\u201c)<\/p>\n<\/li>\n<\/ul>\n<p data-start=\"1525\" data-end=\"1541\"><strong data-start=\"1525\" data-end=\"1539\">Materiale:<\/strong><\/p>\n<ul data-start=\"1542\" data-end=\"1761\">\n<li data-start=\"1542\" data-end=\"1647\">\n<p data-start=\"1544\" data-end=\"1647\">Filato: 100% micropoliestere (standard Oeko-Tex 100), ipoallergenico, morbido e sicuro per i bambini.<\/p>\n<\/li>\n<li data-start=\"1648\" data-end=\"1761\">\n<p data-start=\"1650\" data-end=\"1761\">Imbottitura: holofiber.<br data-start=\"1673\" data-end=\"1676\" \/>I nostri giocattoli sono realizzati in una casa senza fumo e senza animali domestici.<\/p>\n<\/li>\n<\/ul>\n<p data-start=\"1763\" data-end=\"1780\"><strong data-start=\"1763\" data-end=\"1778\">Confezione:<\/strong><\/p>\n<ul data-start=\"1781\" data-end=\"1935\">\n<li data-start=\"1781\" data-end=\"1935\">\n<p data-start=\"1783\" data-end=\"1935\">Il prodotto \u00e8 confezionato nella nostra borsa brandizzata e spedito in scatola di cartone (vedi tutte le foto dell\u2019inserzione per vedere la confezione).<\/p>\n<\/li>\n<\/ul>\n<p data-start=\"1937\" data-end=\"1972\"><strong data-start=\"1937\" data-end=\"1972\">Made in Estonia, Unione Europea<\/strong><\/p>\n<p data-start=\"1974\" data-end=\"1998\"><strong data-start=\"1974\" data-end=\"1996\">Contenuto del set:<\/strong><\/p>\n<ul data-start=\"1999\" data-end=\"2019\">\n<li data-start=\"1999\" data-end=\"2019\">\n<p data-start=\"2001\" data-end=\"2019\">1x Peluche morbido<\/p>\n<\/li>\n<\/ul>\n<p data-start=\"2021\" data-end=\"2270\"><strong data-start=\"2021\" data-end=\"2048\">Istruzioni per la cura:<\/strong><br data-start=\"2048\" data-end=\"2051\" \/>Per la sicurezza dei bambini, i nostri giocattoli non sono trattati con sostanze chimiche prima della spedizione. Puoi lavarli con un detergente adatto o effettuare un trattamento a vapore senza usare sostanze chimiche.<\/p>\n<ul data-start=\"2272\" data-end=\"2582\">\n<li data-start=\"2272\" data-end=\"2348\">\n<p data-start=\"2274\" data-end=\"2348\">Usa detergenti liquidi ipoallergenici per prevenire reazioni allergiche.<\/p>\n<\/li>\n<li data-start=\"2349\" data-end=\"2413\">\n<p data-start=\"2351\" data-end=\"2413\">Lavare in lavatrice con ciclo delicato a 30\u00b0C per 30 minuti.<\/p>\n<\/li>\n<li data-start=\"2414\" data-end=\"2503\">\n<p data-start=\"2416\" data-end=\"2503\">Per evitare danni al giocattolo, consigliamo di utilizzare una borsa per il lavaggio.<\/p>\n<\/li>\n<li data-start=\"2504\" data-end=\"2544\">\n<p data-start=\"2506\" data-end=\"2544\">Dopo il lavaggio, asciugare disteso.<\/p>\n<\/li>\n<li data-start=\"2545\" data-end=\"2582\">\n<p data-start=\"2547\" data-end=\"2582\">Non appendere, strizzare o stirare.<\/p>\n<\/li>\n<\/ul>\n","protected":false},"excerpt":{"rendered":"<p>Sei alla ricerca di un compagno unico e adorabile per il momento della nanna che il tuo bambino amer\u00e0? Non cercare oltre, questo adorabile giocattolo all\u2019uncinetto a forma di lumaca \u00e8 perfetto! \u00c8 ideale per le coccole a letto e offre tanto divertimento durante il giorno, rendendolo un regalo ideale per neonati e bambini piccoli di qualsiasi et\u00e0 (non sto scherzando, anche gli adulti lo adoreranno).<\/p>\n","protected":false},"featured_media":34780,"comment_status":"open","ping_status":"closed","template":"","meta":[],"product_brand":[],"product_cat":[693,695],"product_tag":[],"class_list":{"0":"post-33236","1":"product","2":"type-product","3":"status-publish","4":"has-post-thumbnail","6":"product_cat-giocattoli-imbottiti","7":"product_cat-giocattolo-da-coccolare-lumaca","9":"first","10":"onbackorder","11":"taxable","12":"shipping-taxable","13":"purchasable","14":"product-type-simple"},"_links":{"self":[{"href":"https:\/\/tinyknit.eu\/it\/wp-json\/wp\/v2\/product\/33236","targetHints":{"allow":["GET"]}}],"collection":[{"href":"https:\/\/tinyknit.eu\/it\/wp-json\/wp\/v2\/product"}],"about":[{"href":"https:\/\/tinyknit.eu\/it\/wp-json\/wp\/v2\/types\/product"}],"replies":[{"embeddable":true,"href":"https:\/\/tinyknit.eu\/it\/wp-json\/wp\/v2\/comments?post=33236"}],"version-history":[{"count":2,"href":"https:\/\/tinyknit.eu\/it\/wp-json\/wp\/v2\/product\/33236\/revisions"}],"predecessor-version":[{"id":33256,"href":"https:\/\/tinyknit.eu\/it\/wp-json\/wp\/v2\/product\/33236\/revisions\/33256"}],"wp:featuredmedia":[{"embeddable":true,"href":"https:\/\/tinyknit.eu\/it\/wp-json\/wp\/v2\/media\/34780"}],"wp:attachment":[{"href":"https:\/\/tinyknit.eu\/it\/wp-json\/wp\/v2\/media?parent=33236"}],"wp:term":[{"taxonomy":"product_brand","embeddable":true,"href":"https:\/\/tinyknit.eu\/it\/wp-json\/wp\/v2\/product_brand?post=33236"},{"taxonomy":"product_cat","embeddable":true,"href":"https:\/\/tinyknit.eu\/it\/wp-json\/wp\/v2\/product_cat?post=33236"},{"taxonomy":"product_tag","embeddable":true,"href":"https:\/\/tinyknit.eu\/it\/wp-json\/wp\/v2\/product_tag?post=33236"}],"curies":[{"name":"wp","href":"https:\/\/api.w.org\/{rel}","templated":true}]}}