{"id":33219,"date":"2024-10-27T18:45:02","date_gmt":"2024-10-27T18:45:02","guid":{"rendered":"https:\/\/tinyknit.eu\/product\/senza-categoria\/crochet-plushie-soft-toy-cuddle-toy-octopus\/"},"modified":"2025-11-07T18:19:27","modified_gmt":"2025-11-07T18:19:27","slug":"peluche-morbido-alluncinetto-giocattolo-coccoloso-polpo","status":"publish","type":"product","link":"https:\/\/tinyknit.eu\/it\/product\/giocattoli-imbottiti\/giocattolo-da-coccolare-polpo\/peluche-morbido-alluncinetto-giocattolo-coccoloso-polpo\/","title":{"rendered":"Peluche Morbido All\u2019Uncinetto, Giocattolo Coccoloso \u2013 Polpo"},"content":{"rendered":"<p data-start=\"99\" data-end=\"498\">Sei alla ricerca di un compagno unico e adorabile per il momento della nanna che il tuo bambino amer\u00e0? Non cercare oltre, questo adorabile giocattolo all\u2019uncinetto a forma di polpo \u00e8 perfetto! \u00c8 ideale per le coccole a letto e offre tanto divertimento durante il giorno, rendendolo un regalo ideale per neonati e bambini piccoli di qualsiasi et\u00e0 (non sto scherzando, anche gli adulti lo adoreranno).<\/p>\n<p data-start=\"500\" data-end=\"522\"><strong data-start=\"500\" data-end=\"520\">Caratteristiche:<\/strong><\/p>\n<ul data-start=\"523\" data-end=\"1206\">\n<li data-start=\"523\" data-end=\"787\">\n<p data-start=\"525\" data-end=\"787\"><strong data-start=\"525\" data-end=\"558\">Comunicazione con i genitori:<\/strong> Pu\u00f2 trattenere il profumo di mamma o pap\u00e0. Posiziona il giocattolo vicino al bambino durante la poppata o mentre lo culli e assorbir\u00e0 il tuo odore. Cos\u00ec il bambino sentir\u00e0 sempre la tua vicinanza anche quando non sei presente.<\/p>\n<\/li>\n<li data-start=\"788\" data-end=\"953\">\n<p data-start=\"790\" data-end=\"953\"><strong data-start=\"790\" data-end=\"807\">Esplorazione:<\/strong> Il giocattolo all\u2019uncinetto offre una ricca esperienza tattile che cattura l\u2019interesse del bambino e lo aiuta a scoprire il mondo intorno a s\u00e9.<\/p>\n<\/li>\n<li data-start=\"954\" data-end=\"1089\">\n<p data-start=\"956\" data-end=\"1089\"><strong data-start=\"956\" data-end=\"984\">Ricordi indimenticabili:<\/strong> I nostri giocattoli possono essere usati come accessori fotografici per servizi fotografici neonatali.<\/p>\n<\/li>\n<li data-start=\"1090\" data-end=\"1206\">\n<p data-start=\"1092\" data-end=\"1206\"><strong data-start=\"1092\" data-end=\"1113\">Effetto calmante:<\/strong> Il giocattolo coccoloso crea conforto e sicurezza per il bambino sia di giorno che di notte.<\/p>\n<\/li>\n<\/ul>\n<p data-start=\"1208\" data-end=\"1227\"><strong data-start=\"1208\" data-end=\"1225\">Perfetto per:<\/strong><\/p>\n<ul data-start=\"1228\" data-end=\"1426\">\n<li data-start=\"1228\" data-end=\"1334\">\n<p data-start=\"1230\" data-end=\"1334\">Un regalo meraviglioso per baby shower, liste nascita, compleanni, Natale o qualsiasi altra occasione.<\/p>\n<\/li>\n<li data-start=\"1335\" data-end=\"1426\">\n<p data-start=\"1337\" data-end=\"1426\">Giocattoli unici che sono anche un\u2019aggiunta affascinante all\u2019arredamento della cameretta.<\/p>\n<\/li>\n<\/ul>\n<p data-start=\"1428\" data-end=\"1471\"><strong data-start=\"1428\" data-end=\"1443\">Dimensioni:<\/strong> circa 24&#215;64 cm (9\u201d x 25,1\u201d)<\/p>\n<p data-start=\"1473\" data-end=\"1489\"><strong data-start=\"1473\" data-end=\"1487\">Materiale:<\/strong><\/p>\n<ul data-start=\"1490\" data-end=\"1709\">\n<li data-start=\"1490\" data-end=\"1595\">\n<p data-start=\"1492\" data-end=\"1595\">Filato: 100% micropoliestere (standard Oeko-Tex 100), ipoallergenico, morbido e sicuro per i bambini.<\/p>\n<\/li>\n<li data-start=\"1596\" data-end=\"1709\">\n<p data-start=\"1598\" data-end=\"1709\">Imbottitura: holofiber.<br data-start=\"1621\" data-end=\"1624\" \/>I nostri giocattoli sono realizzati in una casa senza fumo e senza animali domestici.<\/p>\n<\/li>\n<\/ul>\n<p data-start=\"1711\" data-end=\"1728\"><strong data-start=\"1711\" data-end=\"1726\">Confezione:<\/strong><\/p>\n<ul data-start=\"1729\" data-end=\"1883\">\n<li data-start=\"1729\" data-end=\"1883\">\n<p data-start=\"1731\" data-end=\"1883\">Il prodotto \u00e8 confezionato nella nostra borsa brandizzata e spedito in scatola di cartone (vedi tutte le foto dell\u2019inserzione per vedere la confezione).<\/p>\n<\/li>\n<\/ul>\n<p data-start=\"1885\" data-end=\"1920\"><strong data-start=\"1885\" data-end=\"1920\">Made in Estonia, Unione Europea<\/strong><\/p>\n<p data-start=\"1922\" data-end=\"1946\"><strong data-start=\"1922\" data-end=\"1944\">Contenuto del set:<\/strong><\/p>\n<ul data-start=\"1947\" data-end=\"1967\">\n<li data-start=\"1947\" data-end=\"1967\">\n<p data-start=\"1949\" data-end=\"1967\">1x Peluche morbido<\/p>\n<\/li>\n<\/ul>\n<p data-start=\"1969\" data-end=\"2218\"><strong data-start=\"1969\" data-end=\"1996\">Istruzioni per la cura:<\/strong><br data-start=\"1996\" data-end=\"1999\" \/>Per la sicurezza dei bambini, i nostri giocattoli non sono trattati con sostanze chimiche prima della spedizione. Puoi lavarli con un detergente adatto o effettuare un trattamento a vapore senza usare sostanze chimiche.<\/p>\n<ul data-start=\"2220\" data-end=\"2530\">\n<li data-start=\"2220\" data-end=\"2296\">\n<p data-start=\"2222\" data-end=\"2296\">Usa detergenti liquidi ipoallergenici per prevenire reazioni allergiche.<\/p>\n<\/li>\n<li data-start=\"2297\" data-end=\"2361\">\n<p data-start=\"2299\" data-end=\"2361\">Lavare in lavatrice con ciclo delicato a 30\u00b0C per 30 minuti.<\/p>\n<\/li>\n<li data-start=\"2362\" data-end=\"2451\">\n<p data-start=\"2364\" data-end=\"2451\">Per evitare danni al giocattolo, consigliamo di utilizzare una borsa per il lavaggio.<\/p>\n<\/li>\n<li data-start=\"2452\" data-end=\"2492\">\n<p data-start=\"2454\" data-end=\"2492\">Dopo il lavaggio, asciugare disteso.<\/p>\n<\/li>\n<li data-start=\"2493\" data-end=\"2530\">\n<p data-start=\"2495\" data-end=\"2530\">Non appendere, strizzare o stirare.<\/p>\n<\/li>\n<\/ul>\n","protected":false},"excerpt":{"rendered":"<p>Sei alla ricerca di un compagno unico e adorabile per il momento della nanna che il tuo bambino amer\u00e0? Non cercare oltre, questo adorabile giocattolo all\u2019uncinetto a forma di polpo \u00e8 perfetto! \u00c8 ideale per le coccole a letto e offre tanto divertimento durante il giorno, rendendolo un regalo ideale per neonati e bambini piccoli di qualsiasi et\u00e0 (non sto scherzando, anche gli adulti lo adoreranno).<\/p>\n<p><iframe title=\"YouTube video player\" src=\"https:\/\/www.youtube.com\/embed\/16HvC-opHug?si=azZvjT4VgAqCJuOK\" width=\"560\" height=\"315\" frameborder=\"0\" allowfullscreen=\"allowfullscreen\"><\/iframe><\/p>\n","protected":false},"featured_media":34829,"comment_status":"open","ping_status":"closed","template":"","meta":[],"product_brand":[],"product_cat":[693,694],"product_tag":[],"class_list":{"0":"post-33219","1":"product","2":"type-product","3":"status-publish","4":"has-post-thumbnail","6":"product_cat-giocattoli-imbottiti","7":"product_cat-giocattolo-da-coccolare-polpo","9":"first","10":"onbackorder","11":"taxable","12":"shipping-taxable","13":"purchasable","14":"product-type-simple"},"_links":{"self":[{"href":"https:\/\/tinyknit.eu\/it\/wp-json\/wp\/v2\/product\/33219","targetHints":{"allow":["GET"]}}],"collection":[{"href":"https:\/\/tinyknit.eu\/it\/wp-json\/wp\/v2\/product"}],"about":[{"href":"https:\/\/tinyknit.eu\/it\/wp-json\/wp\/v2\/types\/product"}],"replies":[{"embeddable":true,"href":"https:\/\/tinyknit.eu\/it\/wp-json\/wp\/v2\/comments?post=33219"}],"version-history":[{"count":3,"href":"https:\/\/tinyknit.eu\/it\/wp-json\/wp\/v2\/product\/33219\/revisions"}],"predecessor-version":[{"id":34837,"href":"https:\/\/tinyknit.eu\/it\/wp-json\/wp\/v2\/product\/33219\/revisions\/34837"}],"wp:featuredmedia":[{"embeddable":true,"href":"https:\/\/tinyknit.eu\/it\/wp-json\/wp\/v2\/media\/34829"}],"wp:attachment":[{"href":"https:\/\/tinyknit.eu\/it\/wp-json\/wp\/v2\/media?parent=33219"}],"wp:term":[{"taxonomy":"product_brand","embeddable":true,"href":"https:\/\/tinyknit.eu\/it\/wp-json\/wp\/v2\/product_brand?post=33219"},{"taxonomy":"product_cat","embeddable":true,"href":"https:\/\/tinyknit.eu\/it\/wp-json\/wp\/v2\/product_cat?post=33219"},{"taxonomy":"product_tag","embeddable":true,"href":"https:\/\/tinyknit.eu\/it\/wp-json\/wp\/v2\/product_tag?post=33219"}],"curies":[{"name":"wp","href":"https:\/\/api.w.org\/{rel}","templated":true}]}}