{"id":33216,"date":"2024-10-29T17:18:18","date_gmt":"2024-10-29T17:18:18","guid":{"rendered":"https:\/\/tinyknit.eu\/product\/senza-categoria\/crochet-plushie-soft-toy-cuddle-toy-seagull\/"},"modified":"2025-11-07T18:33:06","modified_gmt":"2025-11-07T18:33:06","slug":"peluche-morbido-alluncinetto-giocattolo-coccoloso-gabbiano","status":"publish","type":"product","link":"https:\/\/tinyknit.eu\/it\/product\/giocattoli-imbottiti\/peluche-morbido-alluncinetto-giocattolo-coccoloso-gabbiano\/","title":{"rendered":"Peluche Morbido All\u2019Uncinetto, Giocattolo Coccoloso \u2013 Gabbiano"},"content":{"rendered":"<p data-start=\"102\" data-end=\"491\">Cerchi un compagno unico e adorabile per il momento della nanna che il tuo bambino amer\u00e0? Non cercare oltre, questo adorabile giocattolo all\u2019uncinetto a forma di gabbiano \u00e8 perfetto! \u00c8 ideale per le coccole a letto e offre tanto divertimento durante il giorno, rendendolo un regalo ideale per neonati e bambini piccoli di qualsiasi et\u00e0 (non sto scherzando, anche gli adulti lo adoreranno).<\/p>\n<p data-start=\"493\" data-end=\"515\"><strong data-start=\"493\" data-end=\"513\">Caratteristiche:<\/strong><\/p>\n<ul data-start=\"516\" data-end=\"1199\">\n<li data-start=\"516\" data-end=\"780\">\n<p data-start=\"518\" data-end=\"780\"><strong data-start=\"518\" data-end=\"551\">Comunicazione con i genitori:<\/strong> Pu\u00f2 trattenere il profumo di mamma o pap\u00e0. Posiziona il giocattolo vicino al bambino durante la poppata o mentre lo culli e assorbir\u00e0 il tuo odore. Cos\u00ec il bambino sentir\u00e0 sempre la tua vicinanza anche quando non sei presente.<\/p>\n<\/li>\n<li data-start=\"781\" data-end=\"946\">\n<p data-start=\"783\" data-end=\"946\"><strong data-start=\"783\" data-end=\"800\">Esplorazione:<\/strong> Il giocattolo all\u2019uncinetto offre una ricca esperienza tattile che cattura l\u2019interesse del bambino e lo aiuta a scoprire il mondo intorno a s\u00e9.<\/p>\n<\/li>\n<li data-start=\"947\" data-end=\"1082\">\n<p data-start=\"949\" data-end=\"1082\"><strong data-start=\"949\" data-end=\"977\">Ricordi indimenticabili:<\/strong> I nostri giocattoli possono essere usati come accessori fotografici per servizi fotografici neonatali.<\/p>\n<\/li>\n<li data-start=\"1083\" data-end=\"1199\">\n<p data-start=\"1085\" data-end=\"1199\"><strong data-start=\"1085\" data-end=\"1106\">Effetto calmante:<\/strong> Il giocattolo coccoloso crea conforto e sicurezza per il bambino sia di giorno che di notte.<\/p>\n<\/li>\n<\/ul>\n<p data-start=\"1201\" data-end=\"1220\"><strong data-start=\"1201\" data-end=\"1218\">Perfetto per:<\/strong><\/p>\n<ul data-start=\"1221\" data-end=\"1419\">\n<li data-start=\"1221\" data-end=\"1327\">\n<p data-start=\"1223\" data-end=\"1327\">Un regalo meraviglioso per baby shower, liste nascita, compleanni, Natale o qualsiasi altra occasione.<\/p>\n<\/li>\n<li data-start=\"1328\" data-end=\"1419\">\n<p data-start=\"1330\" data-end=\"1419\">Giocattoli unici che sono anche un\u2019aggiunta affascinante all\u2019arredamento della cameretta.<\/p>\n<\/li>\n<\/ul>\n<p data-start=\"1421\" data-end=\"1455\"><strong data-start=\"1421\" data-end=\"1436\">Dimensioni:<\/strong> circa 25 cm (9,8\u201d)<\/p>\n<p data-start=\"1457\" data-end=\"1473\"><strong data-start=\"1457\" data-end=\"1471\">Materiale:<\/strong><\/p>\n<ul data-start=\"1474\" data-end=\"1693\">\n<li data-start=\"1474\" data-end=\"1579\">\n<p data-start=\"1476\" data-end=\"1579\">Filato: 100% micropoliestere (standard Oeko-Tex 100), ipoallergenico, morbido e sicuro per i bambini.<\/p>\n<\/li>\n<li data-start=\"1580\" data-end=\"1693\">\n<p data-start=\"1582\" data-end=\"1693\">Imbottitura: holofiber.<br data-start=\"1605\" data-end=\"1608\" \/>I nostri giocattoli sono realizzati in una casa senza fumo e senza animali domestici.<\/p>\n<\/li>\n<\/ul>\n<p data-start=\"1695\" data-end=\"1712\"><strong data-start=\"1695\" data-end=\"1710\">Confezione:<\/strong><\/p>\n<ul data-start=\"1713\" data-end=\"1867\">\n<li data-start=\"1713\" data-end=\"1867\">\n<p data-start=\"1715\" data-end=\"1867\">Il prodotto \u00e8 confezionato nella nostra borsa brandizzata e spedito in scatola di cartone (vedi tutte le foto dell\u2019inserzione per vedere la confezione).<\/p>\n<\/li>\n<\/ul>\n<p data-start=\"1869\" data-end=\"1904\"><strong data-start=\"1869\" data-end=\"1904\">Made in Estonia, Unione Europea<\/strong><\/p>\n<p data-start=\"1906\" data-end=\"1930\"><strong data-start=\"1906\" data-end=\"1928\">Contenuto del set:<\/strong><\/p>\n<ul data-start=\"1931\" data-end=\"1951\">\n<li data-start=\"1931\" data-end=\"1951\">\n<p data-start=\"1933\" data-end=\"1951\">1x Peluche morbido<\/p>\n<\/li>\n<\/ul>\n<p data-start=\"1953\" data-end=\"2202\"><strong data-start=\"1953\" data-end=\"1980\">Istruzioni per la cura:<\/strong><br data-start=\"1980\" data-end=\"1983\" \/>Per la sicurezza dei bambini, i nostri giocattoli non sono trattati con sostanze chimiche prima della spedizione. Puoi lavarli con un detergente adatto o effettuare un trattamento a vapore senza usare sostanze chimiche.<\/p>\n<ul data-start=\"2204\" data-end=\"2514\">\n<li data-start=\"2204\" data-end=\"2280\">\n<p data-start=\"2206\" data-end=\"2280\">Usa detergenti liquidi ipoallergenici per prevenire reazioni allergiche.<\/p>\n<\/li>\n<li data-start=\"2281\" data-end=\"2345\">\n<p data-start=\"2283\" data-end=\"2345\">Lavare in lavatrice con ciclo delicato a 30\u00b0C per 30 minuti.<\/p>\n<\/li>\n<li data-start=\"2346\" data-end=\"2435\">\n<p data-start=\"2348\" data-end=\"2435\">Per evitare danni al giocattolo, consigliamo di utilizzare una borsa per il lavaggio.<\/p>\n<\/li>\n<li data-start=\"2436\" data-end=\"2476\">\n<p data-start=\"2438\" data-end=\"2476\">Dopo il lavaggio, asciugare disteso.<\/p>\n<\/li>\n<li data-start=\"2477\" data-end=\"2514\">\n<p data-start=\"2479\" data-end=\"2514\">Non appendere, strizzare o stirare.<\/p>\n<\/li>\n<\/ul>\n","protected":false},"excerpt":{"rendered":"<p>Cerchi un compagno unico e adorabile per il momento della nanna che il tuo bambino amer\u00e0? Non cercare oltre, questo adorabile giocattolo all\u2019uncinetto a forma di gabbiano \u00e8 perfetto! \u00c8 ideale per le coccole a letto e offre tanto divertimento durante il giorno, rendendolo un regalo ideale per neonati e bambini piccoli di qualsiasi et\u00e0 (non sto scherzando, anche gli adulti lo adoreranno).<\/p>\n<p><iframe width=\"560\" height=\"315\" src=\"https:\/\/www.youtube.com\/embed\/7XAN8akJNLw?si=S_e4ZKiM4VwqkBS5\" title=\"YouTube video player\" frameborder=\"0\" allow=\"accelerometer; autoplay; clipboard-write; encrypted-media; gyroscope; picture-in-picture; web-share\" referrerpolicy=\"strict-origin-when-cross-origin\" allowfullscreen><\/iframe><\/p>\n","protected":false},"featured_media":34885,"comment_status":"open","ping_status":"closed","template":"","meta":[],"product_brand":[],"product_cat":[693],"product_tag":[],"class_list":{"0":"post-33216","1":"product","2":"type-product","3":"status-publish","4":"has-post-thumbnail","6":"product_cat-giocattoli-imbottiti","8":"first","9":"onbackorder","10":"taxable","11":"shipping-taxable","12":"purchasable","13":"product-type-simple"},"_links":{"self":[{"href":"https:\/\/tinyknit.eu\/it\/wp-json\/wp\/v2\/product\/33216","targetHints":{"allow":["GET"]}}],"collection":[{"href":"https:\/\/tinyknit.eu\/it\/wp-json\/wp\/v2\/product"}],"about":[{"href":"https:\/\/tinyknit.eu\/it\/wp-json\/wp\/v2\/types\/product"}],"replies":[{"embeddable":true,"href":"https:\/\/tinyknit.eu\/it\/wp-json\/wp\/v2\/comments?post=33216"}],"version-history":[{"count":3,"href":"https:\/\/tinyknit.eu\/it\/wp-json\/wp\/v2\/product\/33216\/revisions"}],"predecessor-version":[{"id":34894,"href":"https:\/\/tinyknit.eu\/it\/wp-json\/wp\/v2\/product\/33216\/revisions\/34894"}],"wp:featuredmedia":[{"embeddable":true,"href":"https:\/\/tinyknit.eu\/it\/wp-json\/wp\/v2\/media\/34885"}],"wp:attachment":[{"href":"https:\/\/tinyknit.eu\/it\/wp-json\/wp\/v2\/media?parent=33216"}],"wp:term":[{"taxonomy":"product_brand","embeddable":true,"href":"https:\/\/tinyknit.eu\/it\/wp-json\/wp\/v2\/product_brand?post=33216"},{"taxonomy":"product_cat","embeddable":true,"href":"https:\/\/tinyknit.eu\/it\/wp-json\/wp\/v2\/product_cat?post=33216"},{"taxonomy":"product_tag","embeddable":true,"href":"https:\/\/tinyknit.eu\/it\/wp-json\/wp\/v2\/product_tag?post=33216"}],"curies":[{"name":"wp","href":"https:\/\/api.w.org\/{rel}","templated":true}]}}