{"id":33148,"date":"2023-04-02T07:20:52","date_gmt":"2023-04-02T07:20:52","guid":{"rendered":"https:\/\/tinyknit.eu\/product\/senza-categoria\/plushie-sleeping-toy-comforter-duck\/"},"modified":"2026-04-14T15:31:09","modified_gmt":"2026-04-14T15:31:09","slug":"peluche-per-dormire-doudou-anatra-4","status":"publish","type":"product","link":"https:\/\/tinyknit.eu\/it\/product\/giocattoli-da-coccolare\/peluche-per-dormire-doudou-anatra-4\/","title":{"rendered":"Peluche per Dormire, Doudou \u2013 Anatra"},"content":{"rendered":"<p data-start=\"80\" data-end=\"393\">Stai cercando un compagno unico e coccoloso per il sonno del tuo bambino? Non cercare oltre: questo adorabile giocattolo all\u2019uncinetto \u00e8 proprio ci\u00f2 che fa per te! Perfetto per le coccole durante la nanna e per i momenti di gioco durante il giorno, \u00e8 un regalo ideale per ogni neonato o bambino, di qualsiasi et\u00e0.<\/p>\n<p data-start=\"395\" data-end=\"802\"><strong data-start=\"395\" data-end=\"415\">Caratteristiche:<\/strong><br data-start=\"415\" data-end=\"418\" \/>\u2022 Il peluche per dormire arricchisce le sensazioni tattili grazie alla combinazione di filati con diverse texture, che saranno interessanti per il bambino e lo aiuteranno a conoscere il mondo che lo circonda.<br data-start=\"626\" data-end=\"629\" \/>\u2022 Tutti i giocattoli sono realizzati con materiali ipoallergenici, sicuri per il bambino.<br data-start=\"718\" data-end=\"721\" \/>\u2022 Il giocattolo pu\u00f2 diventare un elemento originale per l\u2019arredo della cameretta.<\/p>\n<p data-start=\"804\" data-end=\"1021\"><strong data-start=\"804\" data-end=\"819\">Dimensioni:<\/strong> circa 49 x 23 cm<br data-start=\"836\" data-end=\"839\" \/><strong data-start=\"839\" data-end=\"853\">Materiale:<\/strong> Questo articolo \u00e8 realizzato a mano con filato ipoallergenico, peluche e cotone. \u00c8 imbottito con holofiber e prodotto in un ambiente privo di fumo e animali domestici.<\/p>\n<p data-start=\"1023\" data-end=\"1065\"><strong data-start=\"1023\" data-end=\"1065\">Realizzato in Estonia, Unione Europea.<\/strong><\/p>\n<p data-start=\"1067\" data-end=\"1114\"><strong data-start=\"1067\" data-end=\"1087\">Il set contiene:<\/strong><br data-start=\"1087\" data-end=\"1090\" \/>\u2022 1x peluche per dormire<\/p>\n<p data-start=\"1116\" data-end=\"1228\"><strong data-start=\"1116\" data-end=\"1154\">Il regalo perfetto per il bambino!<\/strong><br data-start=\"1154\" data-end=\"1157\" \/>Confezione pronta per baby shower, lista nascita o festa di compleanno.<\/p>\n<p data-start=\"1230\" data-end=\"1497\"><strong data-start=\"1230\" data-end=\"1255\">Consigli per la cura:<\/strong><br data-start=\"1255\" data-end=\"1258\" \/>\u2022 Per prevenire reazioni allergiche, utilizzare detergenti liquidi e ipoallergenici.<br data-start=\"1342\" data-end=\"1345\" \/>\u2022 Lavare in lavatrice con ciclo delicato, impostando la temperatura a 30 gradi per 30 minuti.<br data-start=\"1438\" data-end=\"1441\" \/>\u2022 Dopo il lavaggio, far asciugare il giocattolo disteso.<\/p>\n","protected":false},"excerpt":{"rendered":"<p>Stai cercando un compagno unico e coccoloso per il sonno del tuo bambino? Non cercare oltre: questo adorabile giocattolo all\u2019uncinetto \u00e8 proprio ci\u00f2 che fa per te! Perfetto per le coccole durante la nanna e per i momenti di gioco durante il giorno, \u00e8 un regalo ideale per ogni neonato o bambino, di qualsiasi et\u00e0.<\/p>\n","protected":false},"featured_media":33153,"comment_status":"open","ping_status":"closed","template":"","meta":[],"product_brand":[],"product_cat":[691,689],"product_tag":[],"class_list":{"0":"post-33148","1":"product","2":"type-product","3":"status-publish","4":"has-post-thumbnail","6":"product_cat-giocattoli-da-coccolare","7":"product_cat-pronto-per-la-spedizione","9":"first","10":"instock","11":"taxable","12":"shipping-taxable","13":"purchasable","14":"product-type-simple"},"_links":{"self":[{"href":"https:\/\/tinyknit.eu\/it\/wp-json\/wp\/v2\/product\/33148","targetHints":{"allow":["GET"]}}],"collection":[{"href":"https:\/\/tinyknit.eu\/it\/wp-json\/wp\/v2\/product"}],"about":[{"href":"https:\/\/tinyknit.eu\/it\/wp-json\/wp\/v2\/types\/product"}],"replies":[{"embeddable":true,"href":"https:\/\/tinyknit.eu\/it\/wp-json\/wp\/v2\/comments?post=33148"}],"version-history":[{"count":2,"href":"https:\/\/tinyknit.eu\/it\/wp-json\/wp\/v2\/product\/33148\/revisions"}],"predecessor-version":[{"id":33183,"href":"https:\/\/tinyknit.eu\/it\/wp-json\/wp\/v2\/product\/33148\/revisions\/33183"}],"wp:featuredmedia":[{"embeddable":true,"href":"https:\/\/tinyknit.eu\/it\/wp-json\/wp\/v2\/media\/33153"}],"wp:attachment":[{"href":"https:\/\/tinyknit.eu\/it\/wp-json\/wp\/v2\/media?parent=33148"}],"wp:term":[{"taxonomy":"product_brand","embeddable":true,"href":"https:\/\/tinyknit.eu\/it\/wp-json\/wp\/v2\/product_brand?post=33148"},{"taxonomy":"product_cat","embeddable":true,"href":"https:\/\/tinyknit.eu\/it\/wp-json\/wp\/v2\/product_cat?post=33148"},{"taxonomy":"product_tag","embeddable":true,"href":"https:\/\/tinyknit.eu\/it\/wp-json\/wp\/v2\/product_tag?post=33148"}],"curies":[{"name":"wp","href":"https:\/\/api.w.org\/{rel}","templated":true}]}}