{"id":33143,"date":"2023-04-02T07:45:01","date_gmt":"2023-04-02T07:45:01","guid":{"rendered":"https:\/\/tinyknit.eu\/product\/senza-categoria\/plushie-sleeping-toy-comforter-duck-2\/"},"modified":"2025-10-14T17:59:46","modified_gmt":"2025-10-14T17:59:46","slug":"peluche-per-dormire-doudou-anatra-3","status":"publish","type":"product","link":"https:\/\/tinyknit.eu\/it\/product\/giocattoli-da-coccolare\/peluche-per-dormire-doudou-anatra-3\/","title":{"rendered":"Peluche per Dormire, Doudou \u2013 Anatra"},"content":{"rendered":"<p data-start=\"80\" data-end=\"393\">Stai cercando un compagno unico e coccoloso per il sonno del tuo bambino? Non cercare oltre: questo adorabile giocattolo all\u2019uncinetto \u00e8 proprio ci\u00f2 che fa per te! Perfetto per le coccole durante la nanna e per i momenti di gioco durante il giorno, \u00e8 un regalo ideale per ogni neonato o bambino, di qualsiasi et\u00e0.<\/p>\n<p data-start=\"395\" data-end=\"788\"><strong data-start=\"395\" data-end=\"415\">Caratteristiche:<\/strong><br data-start=\"415\" data-end=\"418\" \/>\u2022 Il peluche per dormire stimola il tatto grazie alla combinazione di filati con diverse texture, che incuriosiscono il bambino e lo aiutano a esplorare il mondo che lo circonda.<br data-start=\"596\" data-end=\"599\" \/>\u2022 Tutti i giocattoli sono realizzati con materiali ipoallergenici, sicuri per il bambino.<br data-start=\"688\" data-end=\"691\" \/>\u2022 Il giocattolo pu\u00f2 diventare anche un elemento decorativo originale nella cameretta del bambino.<\/p>\n<p data-start=\"790\" data-end=\"1013\"><strong data-start=\"790\" data-end=\"805\">Dimensioni:<\/strong> circa 49 x 23 cm<br data-start=\"822\" data-end=\"825\" \/><strong data-start=\"825\" data-end=\"839\">Materiale:<\/strong> Questo articolo \u00e8 realizzato a mano con filato ipoallergenico, in peluche e cotone. \u00c8 imbottito con holofiber e prodotto in un ambiente senza fumo e senza animali domestici.<\/p>\n<p data-start=\"1015\" data-end=\"1057\"><strong data-start=\"1015\" data-end=\"1057\">Realizzato in Estonia, Unione Europea.<\/strong><\/p>\n<p data-start=\"1059\" data-end=\"1106\"><strong data-start=\"1059\" data-end=\"1079\">Il Set Contiene:<\/strong><br data-start=\"1079\" data-end=\"1082\" \/>\u2022 1x Peluche per Dormire<\/p>\n<p data-start=\"1108\" data-end=\"1225\"><strong data-start=\"1108\" data-end=\"1146\">Il Regalo Perfetto per un Neonato!<\/strong><br data-start=\"1146\" data-end=\"1149\" \/>Confezione pronta per ogni baby shower, lista nascita o festa di compleanno.<\/p>\n<p data-start=\"1227\" data-end=\"1500\"><strong data-start=\"1227\" data-end=\"1252\">Consigli per la cura:<\/strong><br data-start=\"1252\" data-end=\"1255\" \/>\u2022 Per prevenire reazioni allergiche, utilizzare detergenti liquidi e ipoallergenici.<br data-start=\"1339\" data-end=\"1342\" \/>\u2022 Lavare in lavatrice con ciclo delicato, impostando la temperatura a 30 gradi per 30 minuti.<br data-start=\"1435\" data-end=\"1438\" \/>\u2022 Dopo il lavaggio, lasciare asciugare il giocattolo in piano.<\/p>\n","protected":false},"excerpt":{"rendered":"<p>Stai cercando un compagno unico e coccoloso per il sonno del tuo bambino? Non cercare oltre: questo adorabile giocattolo all\u2019uncinetto \u00e8 proprio ci\u00f2 che fa per te! Perfetto per le coccole durante la nanna e per i momenti di gioco durante il giorno, \u00e8 un regalo ideale per ogni neonato o bambino, di qualsiasi et\u00e0.<\/p>\n","protected":false},"featured_media":33147,"comment_status":"open","ping_status":"closed","template":"","meta":[],"product_brand":[],"product_cat":[691,683],"product_tag":[],"class_list":{"0":"post-33143","1":"product","2":"type-product","3":"status-publish","4":"has-post-thumbnail","6":"product_cat-giocattoli-da-coccolare","7":"product_cat-su-ordinazione","9":"first","10":"onbackorder","11":"taxable","12":"shipping-taxable","13":"purchasable","14":"product-type-simple"},"_links":{"self":[{"href":"https:\/\/tinyknit.eu\/it\/wp-json\/wp\/v2\/product\/33143","targetHints":{"allow":["GET"]}}],"collection":[{"href":"https:\/\/tinyknit.eu\/it\/wp-json\/wp\/v2\/product"}],"about":[{"href":"https:\/\/tinyknit.eu\/it\/wp-json\/wp\/v2\/types\/product"}],"replies":[{"embeddable":true,"href":"https:\/\/tinyknit.eu\/it\/wp-json\/wp\/v2\/comments?post=33143"}],"version-history":[{"count":2,"href":"https:\/\/tinyknit.eu\/it\/wp-json\/wp\/v2\/product\/33143\/revisions"}],"predecessor-version":[{"id":33180,"href":"https:\/\/tinyknit.eu\/it\/wp-json\/wp\/v2\/product\/33143\/revisions\/33180"}],"wp:featuredmedia":[{"embeddable":true,"href":"https:\/\/tinyknit.eu\/it\/wp-json\/wp\/v2\/media\/33147"}],"wp:attachment":[{"href":"https:\/\/tinyknit.eu\/it\/wp-json\/wp\/v2\/media?parent=33143"}],"wp:term":[{"taxonomy":"product_brand","embeddable":true,"href":"https:\/\/tinyknit.eu\/it\/wp-json\/wp\/v2\/product_brand?post=33143"},{"taxonomy":"product_cat","embeddable":true,"href":"https:\/\/tinyknit.eu\/it\/wp-json\/wp\/v2\/product_cat?post=33143"},{"taxonomy":"product_tag","embeddable":true,"href":"https:\/\/tinyknit.eu\/it\/wp-json\/wp\/v2\/product_tag?post=33143"}],"curies":[{"name":"wp","href":"https:\/\/api.w.org\/{rel}","templated":true}]}}