{"id":33122,"date":"2023-04-07T16:54:26","date_gmt":"2023-04-07T16:54:26","guid":{"rendered":"https:\/\/tinyknit.eu\/product\/senza-categoria\/plushie-sleeping-toy-comforter-dragon\/"},"modified":"2025-07-30T17:24:03","modified_gmt":"2025-07-30T17:24:03","slug":"peluche-per-dormire-doudou-drago","status":"publish","type":"product","link":"https:\/\/tinyknit.eu\/it\/product\/giocattoli-da-coccolare\/peluche-per-dormire-doudou-drago\/","title":{"rendered":"Peluche per Dormire, Doudou \u2013 Drago"},"content":{"rendered":"<p data-start=\"79\" data-end=\"392\">Stai cercando un compagno unico e coccoloso per il sonno del tuo bambino? Non cercare oltre: questo adorabile giocattolo all\u2019uncinetto \u00e8 proprio ci\u00f2 che fa per te! Perfetto per le coccole durante la nanna e per i momenti di gioco durante il giorno, \u00e8 un regalo ideale per ogni neonato o bambino, di qualsiasi et\u00e0.<\/p>\n<p data-start=\"394\" data-end=\"789\"><strong data-start=\"394\" data-end=\"414\">Caratteristiche:<\/strong><br data-start=\"414\" data-end=\"417\" \/>\u2022 Il peluche per dormire stimola il tatto grazie alla combinazione di filati con diverse texture, che incuriosiscono il bambino e lo aiutano a scoprire il mondo che lo circonda.<br data-start=\"594\" data-end=\"597\" \/>\u2022 Tutti i giocattoli sono realizzati con materiali ipoallergenici, sicuri per il bambino.<br data-start=\"686\" data-end=\"689\" \/>\u2022 Il giocattolo pu\u00f2 diventare anche un elemento decorativo interessante nella cameretta del bambino.<\/p>\n<p data-start=\"791\" data-end=\"1014\"><strong data-start=\"791\" data-end=\"806\">Dimensioni:<\/strong> circa 63 x 19 cm<br data-start=\"823\" data-end=\"826\" \/><strong data-start=\"826\" data-end=\"840\">Materiale:<\/strong> Questo articolo \u00e8 realizzato a mano con filato ipoallergenico, in peluche e cotone. \u00c8 imbottito con holofiber e prodotto in un ambiente senza fumo e senza animali domestici.<\/p>\n<p data-start=\"1016\" data-end=\"1058\"><strong data-start=\"1016\" data-end=\"1058\">Realizzato in Estonia, Unione Europea.<\/strong><\/p>\n<p data-start=\"1060\" data-end=\"1107\"><strong data-start=\"1060\" data-end=\"1080\">Il Set Contiene:<\/strong><br data-start=\"1080\" data-end=\"1083\" \/>\u2022 1x Peluche per Dormire<\/p>\n<p data-start=\"1109\" data-end=\"1226\"><strong data-start=\"1109\" data-end=\"1147\">Il Regalo Perfetto per un Neonato!<\/strong><br data-start=\"1147\" data-end=\"1150\" \/>Confezione pronta per ogni baby shower, lista nascita o festa di compleanno.<\/p>\n<p data-start=\"1228\" data-end=\"1501\"><strong data-start=\"1228\" data-end=\"1253\">Consigli per la cura:<\/strong><br data-start=\"1253\" data-end=\"1256\" \/>\u2022 Per prevenire reazioni allergiche, utilizzare detergenti liquidi e ipoallergenici.<br data-start=\"1340\" data-end=\"1343\" \/>\u2022 Lavare in lavatrice con ciclo delicato, impostando la temperatura a 30 gradi per 30 minuti.<br data-start=\"1436\" data-end=\"1439\" \/>\u2022 Dopo il lavaggio, lasciare asciugare il giocattolo in piano.<\/p>\n","protected":false},"excerpt":{"rendered":"<p>Stai cercando un compagno unico e coccoloso per il sonno del tuo bambino? Non cercare oltre: questo adorabile giocattolo all\u2019uncinetto \u00e8 proprio ci\u00f2 che fa per te! Perfetto per le coccole durante la nanna e per i momenti di gioco durante il giorno, \u00e8 un regalo ideale per ogni neonato o bambino, di qualsiasi et\u00e0.<\/p>\n","protected":false},"featured_media":33139,"comment_status":"open","ping_status":"closed","template":"","meta":[],"product_brand":[],"product_cat":[691,683],"product_tag":[],"class_list":{"0":"post-33122","1":"product","2":"type-product","3":"status-publish","4":"has-post-thumbnail","6":"product_cat-giocattoli-da-coccolare","7":"product_cat-su-ordinazione","9":"first","10":"onbackorder","11":"taxable","12":"shipping-taxable","13":"purchasable","14":"product-type-simple"},"_links":{"self":[{"href":"https:\/\/tinyknit.eu\/it\/wp-json\/wp\/v2\/product\/33122","targetHints":{"allow":["GET"]}}],"collection":[{"href":"https:\/\/tinyknit.eu\/it\/wp-json\/wp\/v2\/product"}],"about":[{"href":"https:\/\/tinyknit.eu\/it\/wp-json\/wp\/v2\/types\/product"}],"replies":[{"embeddable":true,"href":"https:\/\/tinyknit.eu\/it\/wp-json\/wp\/v2\/comments?post=33122"}],"version-history":[{"count":2,"href":"https:\/\/tinyknit.eu\/it\/wp-json\/wp\/v2\/product\/33122\/revisions"}],"predecessor-version":[{"id":33177,"href":"https:\/\/tinyknit.eu\/it\/wp-json\/wp\/v2\/product\/33122\/revisions\/33177"}],"wp:featuredmedia":[{"embeddable":true,"href":"https:\/\/tinyknit.eu\/it\/wp-json\/wp\/v2\/media\/33139"}],"wp:attachment":[{"href":"https:\/\/tinyknit.eu\/it\/wp-json\/wp\/v2\/media?parent=33122"}],"wp:term":[{"taxonomy":"product_brand","embeddable":true,"href":"https:\/\/tinyknit.eu\/it\/wp-json\/wp\/v2\/product_brand?post=33122"},{"taxonomy":"product_cat","embeddable":true,"href":"https:\/\/tinyknit.eu\/it\/wp-json\/wp\/v2\/product_cat?post=33122"},{"taxonomy":"product_tag","embeddable":true,"href":"https:\/\/tinyknit.eu\/it\/wp-json\/wp\/v2\/product_tag?post=33122"}],"curies":[{"name":"wp","href":"https:\/\/api.w.org\/{rel}","templated":true}]}}