{"id":33108,"date":"2023-04-23T11:36:21","date_gmt":"2023-04-23T11:36:21","guid":{"rendered":"https:\/\/tinyknit.eu\/product\/senza-categoria\/plushie-sleeping-toy-comforter-rabbit\/"},"modified":"2025-07-30T17:23:38","modified_gmt":"2025-07-30T17:23:38","slug":"peluche-per-dormire-doudou-coniglio","status":"publish","type":"product","link":"https:\/\/tinyknit.eu\/it\/product\/giocattoli-da-coccolare\/peluche-per-dormire-doudou-coniglio\/","title":{"rendered":"Peluche per Dormire, Doudou \u2013 Coniglio"},"content":{"rendered":"<p data-start=\"82\" data-end=\"395\">Stai cercando un compagno unico e coccoloso per il sonno del tuo bambino? Non cercare oltre: questo adorabile giocattolo all\u2019uncinetto \u00e8 proprio ci\u00f2 che fa per te! Perfetto per le coccole durante la nanna e per i momenti di gioco durante il giorno, \u00e8 un regalo ideale per ogni neonato o bambino, di qualsiasi et\u00e0.<\/p>\n<p data-start=\"397\" data-end=\"792\"><strong data-start=\"397\" data-end=\"417\">Caratteristiche:<\/strong><br data-start=\"417\" data-end=\"420\" \/>\u2022 Il peluche per dormire stimola il tatto grazie alla combinazione di filati con diverse texture, che incuriosiscono il bambino e lo aiutano a scoprire il mondo che lo circonda.<br data-start=\"597\" data-end=\"600\" \/>\u2022 Tutti i giocattoli sono realizzati con materiali ipoallergenici, sicuri per il bambino.<br data-start=\"689\" data-end=\"692\" \/>\u2022 Il giocattolo pu\u00f2 diventare anche un elemento decorativo interessante nella cameretta del bambino.<\/p>\n<p data-start=\"794\" data-end=\"1017\"><strong data-start=\"794\" data-end=\"809\">Dimensioni:<\/strong> circa 54 x 20 cm<br data-start=\"826\" data-end=\"829\" \/><strong data-start=\"829\" data-end=\"843\">Materiale:<\/strong> Questo articolo \u00e8 realizzato a mano con filato ipoallergenico, in peluche e cotone. \u00c8 imbottito con holofiber e prodotto in un ambiente senza fumo e senza animali domestici.<\/p>\n<p data-start=\"1019\" data-end=\"1061\"><strong data-start=\"1019\" data-end=\"1061\">Realizzato in Estonia, Unione Europea.<\/strong><\/p>\n<p data-start=\"1063\" data-end=\"1110\"><strong data-start=\"1063\" data-end=\"1083\">Il Set Contiene:<\/strong><br data-start=\"1083\" data-end=\"1086\" \/>\u2022 1x Peluche per Dormire<\/p>\n<p data-start=\"1112\" data-end=\"1229\"><strong data-start=\"1112\" data-end=\"1150\">Il Regalo Perfetto per un Neonato!<\/strong><br data-start=\"1150\" data-end=\"1153\" \/>Confezione pronta per ogni baby shower, lista nascita o festa di compleanno.<\/p>\n<p data-start=\"1231\" data-end=\"1504\"><strong data-start=\"1231\" data-end=\"1256\">Consigli per la cura:<\/strong><br data-start=\"1256\" data-end=\"1259\" \/>\u2022 Per prevenire reazioni allergiche, utilizzare detergenti liquidi e ipoallergenici.<br data-start=\"1343\" data-end=\"1346\" \/>\u2022 Lavare in lavatrice con ciclo delicato, impostando la temperatura a 30 gradi per 30 minuti.<br data-start=\"1439\" data-end=\"1442\" \/>\u2022 Dopo il lavaggio, lasciare asciugare il giocattolo in piano.<\/p>\n","protected":false},"excerpt":{"rendered":"<p>Stai cercando un compagno unico e coccoloso per il sonno del tuo bambino? Non cercare oltre: questo adorabile giocattolo all\u2019uncinetto \u00e8 proprio ci\u00f2 che fa per te! Perfetto per le coccole durante la nanna e per i momenti di gioco durante il giorno, \u00e8 un regalo ideale per ogni neonato o bambino, di qualsiasi et\u00e0.<\/p>\n","protected":false},"featured_media":33121,"comment_status":"open","ping_status":"closed","template":"","meta":[],"product_brand":[],"product_cat":[691,683],"product_tag":[],"class_list":{"0":"post-33108","1":"product","2":"type-product","3":"status-publish","4":"has-post-thumbnail","6":"product_cat-giocattoli-da-coccolare","7":"product_cat-su-ordinazione","9":"first","10":"onbackorder","11":"taxable","12":"shipping-taxable","13":"purchasable","14":"product-type-simple"},"_links":{"self":[{"href":"https:\/\/tinyknit.eu\/it\/wp-json\/wp\/v2\/product\/33108","targetHints":{"allow":["GET"]}}],"collection":[{"href":"https:\/\/tinyknit.eu\/it\/wp-json\/wp\/v2\/product"}],"about":[{"href":"https:\/\/tinyknit.eu\/it\/wp-json\/wp\/v2\/types\/product"}],"replies":[{"embeddable":true,"href":"https:\/\/tinyknit.eu\/it\/wp-json\/wp\/v2\/comments?post=33108"}],"version-history":[{"count":2,"href":"https:\/\/tinyknit.eu\/it\/wp-json\/wp\/v2\/product\/33108\/revisions"}],"predecessor-version":[{"id":33170,"href":"https:\/\/tinyknit.eu\/it\/wp-json\/wp\/v2\/product\/33108\/revisions\/33170"}],"wp:featuredmedia":[{"embeddable":true,"href":"https:\/\/tinyknit.eu\/it\/wp-json\/wp\/v2\/media\/33121"}],"wp:attachment":[{"href":"https:\/\/tinyknit.eu\/it\/wp-json\/wp\/v2\/media?parent=33108"}],"wp:term":[{"taxonomy":"product_brand","embeddable":true,"href":"https:\/\/tinyknit.eu\/it\/wp-json\/wp\/v2\/product_brand?post=33108"},{"taxonomy":"product_cat","embeddable":true,"href":"https:\/\/tinyknit.eu\/it\/wp-json\/wp\/v2\/product_cat?post=33108"},{"taxonomy":"product_tag","embeddable":true,"href":"https:\/\/tinyknit.eu\/it\/wp-json\/wp\/v2\/product_tag?post=33108"}],"curies":[{"name":"wp","href":"https:\/\/api.w.org\/{rel}","templated":true}]}}