{"id":33090,"date":"2023-04-23T11:50:55","date_gmt":"2023-04-23T11:50:55","guid":{"rendered":"https:\/\/tinyknit.eu\/product\/senza-categoria\/plushie-sleeping-toy-comforter-duck-3\/"},"modified":"2026-04-19T17:31:40","modified_gmt":"2026-04-19T17:31:40","slug":"peluche-per-dormire-doudou-anatra-2","status":"publish","type":"product","link":"https:\/\/tinyknit.eu\/it\/product\/giocattoli-da-coccolare\/peluche-per-dormire-doudou-anatra-2\/","title":{"rendered":"Peluche per Dormire, Doudou \u2013 Anatra"},"content":{"rendered":"<p data-start=\"80\" data-end=\"393\">Stai cercando un compagno unico e coccoloso per il sonno del tuo bambino? Non cercare oltre: questo adorabile giocattolo all\u2019uncinetto \u00e8 proprio ci\u00f2 che fa per te! Perfetto per le coccole durante la nanna e per i momenti di gioco durante il giorno, \u00e8 un regalo ideale per ogni neonato o bambino, di qualsiasi et\u00e0.<\/p>\n<p data-start=\"395\" data-end=\"790\"><strong data-start=\"395\" data-end=\"415\">Caratteristiche:<\/strong><br data-start=\"415\" data-end=\"418\" \/>\u2022 Il peluche per dormire stimola il tatto grazie alla combinazione di filati con diverse texture, che incuriosiscono il bambino e lo aiutano a scoprire il mondo che lo circonda.<br data-start=\"595\" data-end=\"598\" \/>\u2022 Tutti i giocattoli sono realizzati con materiali ipoallergenici, sicuri per il bambino.<br data-start=\"687\" data-end=\"690\" \/>\u2022 Il giocattolo pu\u00f2 diventare anche un elemento decorativo interessante nella cameretta del bambino.<\/p>\n<p data-start=\"792\" data-end=\"1015\"><strong data-start=\"792\" data-end=\"807\">Dimensioni:<\/strong> circa 46 x 17 cm<br data-start=\"824\" data-end=\"827\" \/><strong data-start=\"827\" data-end=\"841\">Materiale:<\/strong> Questo articolo \u00e8 realizzato a mano con filato ipoallergenico, in peluche e cotone. \u00c8 imbottito con holofiber e prodotto in un ambiente senza fumo e senza animali domestici.<\/p>\n<p data-start=\"1017\" data-end=\"1059\"><strong data-start=\"1017\" data-end=\"1059\">Realizzato in Estonia, Unione Europea.<\/strong><\/p>\n<p data-start=\"1061\" data-end=\"1108\"><strong data-start=\"1061\" data-end=\"1081\">Il Set Contiene:<\/strong><br data-start=\"1081\" data-end=\"1084\" \/>\u2022 1x Peluche per Dormire<\/p>\n<p data-start=\"1110\" data-end=\"1227\"><strong data-start=\"1110\" data-end=\"1148\">Il Regalo Perfetto per un Neonato!<\/strong><br data-start=\"1148\" data-end=\"1151\" \/>Confezione pronta per ogni baby shower, lista nascita o festa di compleanno.<\/p>\n<p data-start=\"1229\" data-end=\"1502\"><strong data-start=\"1229\" data-end=\"1254\">Consigli per la cura:<\/strong><br data-start=\"1254\" data-end=\"1257\" \/>\u2022 Per prevenire reazioni allergiche, utilizzare detergenti liquidi e ipoallergenici.<br data-start=\"1341\" data-end=\"1344\" \/>\u2022 Lavare in lavatrice con ciclo delicato, impostando la temperatura a 30 gradi per 30 minuti.<br data-start=\"1437\" data-end=\"1440\" \/>\u2022 Dopo il lavaggio, lasciare asciugare il giocattolo in piano.<\/p>\n","protected":false},"excerpt":{"rendered":"<p>Stai cercando un compagno unico e coccoloso per il sonno del tuo bambino? Non cercare oltre: questo adorabile giocattolo all\u2019uncinetto \u00e8 proprio ci\u00f2 che fa per te! Perfetto per le coccole durante la nanna e per i momenti di gioco durante il giorno, \u00e8 un regalo ideale per ogni neonato o bambino, di qualsiasi et\u00e0.<\/p>\n","protected":false},"featured_media":46376,"comment_status":"open","ping_status":"closed","template":"","meta":[],"product_brand":[],"product_cat":[691,683],"product_tag":[],"class_list":{"0":"post-33090","1":"product","2":"type-product","3":"status-publish","4":"has-post-thumbnail","6":"product_cat-giocattoli-da-coccolare","7":"product_cat-su-ordinazione","9":"first","10":"onbackorder","11":"taxable","12":"shipping-taxable","13":"purchasable","14":"product-type-simple"},"_links":{"self":[{"href":"https:\/\/tinyknit.eu\/it\/wp-json\/wp\/v2\/product\/33090","targetHints":{"allow":["GET"]}}],"collection":[{"href":"https:\/\/tinyknit.eu\/it\/wp-json\/wp\/v2\/product"}],"about":[{"href":"https:\/\/tinyknit.eu\/it\/wp-json\/wp\/v2\/types\/product"}],"replies":[{"embeddable":true,"href":"https:\/\/tinyknit.eu\/it\/wp-json\/wp\/v2\/comments?post=33090"}],"version-history":[{"count":2,"href":"https:\/\/tinyknit.eu\/it\/wp-json\/wp\/v2\/product\/33090\/revisions"}],"predecessor-version":[{"id":33161,"href":"https:\/\/tinyknit.eu\/it\/wp-json\/wp\/v2\/product\/33090\/revisions\/33161"}],"wp:featuredmedia":[{"embeddable":true,"href":"https:\/\/tinyknit.eu\/it\/wp-json\/wp\/v2\/media\/46376"}],"wp:attachment":[{"href":"https:\/\/tinyknit.eu\/it\/wp-json\/wp\/v2\/media?parent=33090"}],"wp:term":[{"taxonomy":"product_brand","embeddable":true,"href":"https:\/\/tinyknit.eu\/it\/wp-json\/wp\/v2\/product_brand?post=33090"},{"taxonomy":"product_cat","embeddable":true,"href":"https:\/\/tinyknit.eu\/it\/wp-json\/wp\/v2\/product_cat?post=33090"},{"taxonomy":"product_tag","embeddable":true,"href":"https:\/\/tinyknit.eu\/it\/wp-json\/wp\/v2\/product_tag?post=33090"}],"curies":[{"name":"wp","href":"https:\/\/api.w.org\/{rel}","templated":true}]}}