{"id":33046,"date":"2023-09-21T17:01:51","date_gmt":"2023-09-21T17:01:51","guid":{"rendered":"https:\/\/tinyknit.eu\/product\/senza-categoria\/plushie-sleeping-toy-comforter-hippopotamus-2\/"},"modified":"2025-07-30T17:19:06","modified_gmt":"2025-07-30T17:19:06","slug":"peluche-per-dormire-doudou-ippopotamo","status":"publish","type":"product","link":"https:\/\/tinyknit.eu\/it\/product\/giocattoli-da-coccolare\/peluche-per-dormire-doudou-ippopotamo\/","title":{"rendered":"Peluche per Dormire, Doudou \u2013 Ippopotamo"},"content":{"rendered":"<p data-start=\"84\" data-end=\"397\">Stai cercando un compagno unico e coccoloso per il sonno del tuo bambino? Non cercare oltre: questo adorabile giocattolo all\u2019uncinetto \u00e8 proprio ci\u00f2 che fa per te! Perfetto per le coccole durante la nanna e per i momenti di gioco durante il giorno, \u00e8 un regalo ideale per ogni neonato o bambino, di qualsiasi et\u00e0.<\/p>\n<p data-start=\"399\" data-end=\"791\"><strong data-start=\"399\" data-end=\"419\">Caratteristiche:<\/strong><br data-start=\"419\" data-end=\"422\" \/>\u2022 Il peluche per dormire stimola il tatto grazie alla combinazione di filati con diverse texture, che incuriosiscono il bambino e lo aiutano a scoprire il mondo che lo circonda.<br data-start=\"599\" data-end=\"602\" \/>\u2022 Tutti i giocattoli sono realizzati con materiali ipoallergenici, sicuri per il bambino.<br data-start=\"691\" data-end=\"694\" \/>\u2022 Il giocattolo pu\u00f2 essere anche un elemento decorativo interessante nella cameretta del bambino.<\/p>\n<p data-start=\"793\" data-end=\"1016\"><strong data-start=\"793\" data-end=\"808\">Dimensioni:<\/strong> circa 55 x 18 cm<br data-start=\"825\" data-end=\"828\" \/><strong data-start=\"828\" data-end=\"842\">Materiale:<\/strong> Questo articolo \u00e8 realizzato a mano con filato ipoallergenico, in peluche e cotone. \u00c8 imbottito con holofiber e prodotto in un ambiente senza fumo e senza animali domestici.<\/p>\n<p data-start=\"1018\" data-end=\"1197\">Ogni componente \u00e8 realizzato a maglia artigianalmente, senza occhi di plastica n\u00e9 altre parti potenzialmente pericolose per i bambini.<br data-start=\"1152\" data-end=\"1155\" \/><strong data-start=\"1155\" data-end=\"1197\">Realizzato in Estonia, Unione Europea.<\/strong><\/p>\n<p data-start=\"1199\" data-end=\"1246\"><strong data-start=\"1199\" data-end=\"1219\">Il Set Contiene:<\/strong><br data-start=\"1219\" data-end=\"1222\" \/>\u2022 1x Peluche per Dormire<\/p>\n<p data-start=\"1248\" data-end=\"1365\"><strong data-start=\"1248\" data-end=\"1286\">Il Regalo Perfetto per un Neonato!<\/strong><br data-start=\"1286\" data-end=\"1289\" \/>Confezione pronta per ogni baby shower, lista nascita o festa di compleanno.<\/p>\n<p data-start=\"1367\" data-end=\"1640\"><strong data-start=\"1367\" data-end=\"1392\">Consigli per la cura:<\/strong><br data-start=\"1392\" data-end=\"1395\" \/>\u2022 Per prevenire reazioni allergiche, utilizzare detergenti liquidi e ipoallergenici.<br data-start=\"1479\" data-end=\"1482\" \/>\u2022 Lavare in lavatrice con ciclo delicato, impostando la temperatura a 30 gradi per 30 minuti.<br data-start=\"1575\" data-end=\"1578\" \/>\u2022 Dopo il lavaggio, lasciare asciugare il giocattolo in piano.<\/p>\n","protected":false},"excerpt":{"rendered":"<p>Stai cercando un compagno unico e coccoloso per il sonno del tuo bambino? Non cercare oltre: questo adorabile giocattolo all\u2019uncinetto \u00e8 proprio ci\u00f2 che fa per te! Perfetto per le coccole durante la nanna e per i momenti di gioco durante il giorno, \u00e8 un regalo ideale per ogni neonato o bambino, di qualsiasi et\u00e0.<\/p>\n","protected":false},"featured_media":33063,"comment_status":"open","ping_status":"closed","template":"","meta":[],"product_brand":[],"product_cat":[691,683],"product_tag":[],"class_list":{"0":"post-33046","1":"product","2":"type-product","3":"status-publish","4":"has-post-thumbnail","6":"product_cat-giocattoli-da-coccolare","7":"product_cat-su-ordinazione","9":"first","10":"onbackorder","11":"taxable","12":"shipping-taxable","13":"purchasable","14":"product-type-simple"},"_links":{"self":[{"href":"https:\/\/tinyknit.eu\/it\/wp-json\/wp\/v2\/product\/33046","targetHints":{"allow":["GET"]}}],"collection":[{"href":"https:\/\/tinyknit.eu\/it\/wp-json\/wp\/v2\/product"}],"about":[{"href":"https:\/\/tinyknit.eu\/it\/wp-json\/wp\/v2\/types\/product"}],"replies":[{"embeddable":true,"href":"https:\/\/tinyknit.eu\/it\/wp-json\/wp\/v2\/comments?post=33046"}],"version-history":[{"count":2,"href":"https:\/\/tinyknit.eu\/it\/wp-json\/wp\/v2\/product\/33046\/revisions"}],"predecessor-version":[{"id":33089,"href":"https:\/\/tinyknit.eu\/it\/wp-json\/wp\/v2\/product\/33046\/revisions\/33089"}],"wp:featuredmedia":[{"embeddable":true,"href":"https:\/\/tinyknit.eu\/it\/wp-json\/wp\/v2\/media\/33063"}],"wp:attachment":[{"href":"https:\/\/tinyknit.eu\/it\/wp-json\/wp\/v2\/media?parent=33046"}],"wp:term":[{"taxonomy":"product_brand","embeddable":true,"href":"https:\/\/tinyknit.eu\/it\/wp-json\/wp\/v2\/product_brand?post=33046"},{"taxonomy":"product_cat","embeddable":true,"href":"https:\/\/tinyknit.eu\/it\/wp-json\/wp\/v2\/product_cat?post=33046"},{"taxonomy":"product_tag","embeddable":true,"href":"https:\/\/tinyknit.eu\/it\/wp-json\/wp\/v2\/product_tag?post=33046"}],"curies":[{"name":"wp","href":"https:\/\/api.w.org\/{rel}","templated":true}]}}