{"id":33041,"date":"2023-09-21T17:56:21","date_gmt":"2023-09-21T17:56:21","guid":{"rendered":"https:\/\/tinyknit.eu\/product\/senza-categoria\/plushie-sleeping-toy-comforter-duck-5\/"},"modified":"2025-07-30T17:16:53","modified_gmt":"2025-07-30T17:16:53","slug":"peluche-per-dormire-doudou-anatra","status":"publish","type":"product","link":"https:\/\/tinyknit.eu\/it\/product\/giocattoli-da-coccolare\/peluche-per-dormire-doudou-anatra\/","title":{"rendered":"Peluche per Dormire, Doudou \u2013 Anatra"},"content":{"rendered":"<p data-start=\"80\" data-end=\"393\">Stai cercando un compagno unico e coccoloso per il sonno del tuo bambino? Non cercare oltre: questo adorabile giocattolo all\u2019uncinetto \u00e8 proprio ci\u00f2 che fa per te! Perfetto per le coccole durante la nanna e per i momenti di gioco durante il giorno, \u00e8 un regalo ideale per ogni neonato o bambino, di qualsiasi et\u00e0.<\/p>\n<p data-start=\"395\" data-end=\"787\"><strong data-start=\"395\" data-end=\"415\">Caratteristiche:<\/strong><br data-start=\"415\" data-end=\"418\" \/>\u2022 Il peluche per dormire stimola il tatto grazie alla combinazione di filati con diverse texture, che incuriosiscono il bambino e lo aiutano a scoprire il mondo che lo circonda.<br data-start=\"595\" data-end=\"598\" \/>\u2022 Tutti i giocattoli sono realizzati con materiali ipoallergenici, sicuri per il bambino.<br data-start=\"687\" data-end=\"690\" \/>\u2022 Il giocattolo pu\u00f2 essere anche un elemento decorativo interessante nella cameretta del bambino.<\/p>\n<p data-start=\"789\" data-end=\"1012\"><strong data-start=\"789\" data-end=\"804\">Dimensioni:<\/strong> circa 52 x 16 cm<br data-start=\"821\" data-end=\"824\" \/><strong data-start=\"824\" data-end=\"838\">Materiale:<\/strong> Questo articolo \u00e8 realizzato a mano con filato ipoallergenico, in peluche e cotone. \u00c8 imbottito con holofiber e prodotto in un ambiente senza fumo e senza animali domestici.<\/p>\n<p data-start=\"1014\" data-end=\"1193\">Ogni componente \u00e8 realizzato a maglia artigianalmente, senza occhi di plastica n\u00e9 altre parti potenzialmente pericolose per i bambini.<br data-start=\"1148\" data-end=\"1151\" \/><strong data-start=\"1151\" data-end=\"1193\">Realizzato in Estonia, Unione Europea.<\/strong><\/p>\n<p data-start=\"1195\" data-end=\"1242\"><strong data-start=\"1195\" data-end=\"1215\">Il Set Contiene:<\/strong><br data-start=\"1215\" data-end=\"1218\" \/>\u2022 1x Peluche per Dormire<\/p>\n<p data-start=\"1244\" data-end=\"1361\"><strong data-start=\"1244\" data-end=\"1282\">Il Regalo Perfetto per un Neonato!<\/strong><br data-start=\"1282\" data-end=\"1285\" \/>Confezione pronta per ogni baby shower, lista nascita o festa di compleanno.<\/p>\n<p data-start=\"1363\" data-end=\"1636\"><strong data-start=\"1363\" data-end=\"1388\">Consigli per la cura:<\/strong><br data-start=\"1388\" data-end=\"1391\" \/>\u2022 Per prevenire reazioni allergiche, utilizzare detergenti liquidi e ipoallergenici.<br data-start=\"1475\" data-end=\"1478\" \/>\u2022 Lavare in lavatrice con ciclo delicato, impostando la temperatura a 30 gradi per 30 minuti.<br data-start=\"1571\" data-end=\"1574\" \/>\u2022 Dopo il lavaggio, lasciare asciugare il giocattolo in piano.<\/p>\n","protected":false},"excerpt":{"rendered":"<p>Stai cercando un compagno unico e coccoloso per il sonno del tuo bambino? Non cercare oltre: questo adorabile giocattolo all\u2019uncinetto \u00e8 proprio ci\u00f2 che fa per te! Perfetto per le coccole durante la nanna e per i momenti di gioco durante il giorno, \u00e8 un regalo ideale per ogni neonato o bambino, di qualsiasi et\u00e0.<\/p>\n","protected":false},"featured_media":44030,"comment_status":"open","ping_status":"closed","template":"","meta":[],"product_brand":[],"product_cat":[691,683],"product_tag":[],"class_list":{"0":"post-33041","1":"product","2":"type-product","3":"status-publish","4":"has-post-thumbnail","6":"product_cat-giocattoli-da-coccolare","7":"product_cat-su-ordinazione","9":"first","10":"onbackorder","11":"taxable","12":"shipping-taxable","13":"purchasable","14":"product-type-simple"},"_links":{"self":[{"href":"https:\/\/tinyknit.eu\/it\/wp-json\/wp\/v2\/product\/33041","targetHints":{"allow":["GET"]}}],"collection":[{"href":"https:\/\/tinyknit.eu\/it\/wp-json\/wp\/v2\/product"}],"about":[{"href":"https:\/\/tinyknit.eu\/it\/wp-json\/wp\/v2\/types\/product"}],"replies":[{"embeddable":true,"href":"https:\/\/tinyknit.eu\/it\/wp-json\/wp\/v2\/comments?post=33041"}],"version-history":[{"count":2,"href":"https:\/\/tinyknit.eu\/it\/wp-json\/wp\/v2\/product\/33041\/revisions"}],"predecessor-version":[{"id":33083,"href":"https:\/\/tinyknit.eu\/it\/wp-json\/wp\/v2\/product\/33041\/revisions\/33083"}],"wp:featuredmedia":[{"embeddable":true,"href":"https:\/\/tinyknit.eu\/it\/wp-json\/wp\/v2\/media\/44030"}],"wp:attachment":[{"href":"https:\/\/tinyknit.eu\/it\/wp-json\/wp\/v2\/media?parent=33041"}],"wp:term":[{"taxonomy":"product_brand","embeddable":true,"href":"https:\/\/tinyknit.eu\/it\/wp-json\/wp\/v2\/product_brand?post=33041"},{"taxonomy":"product_cat","embeddable":true,"href":"https:\/\/tinyknit.eu\/it\/wp-json\/wp\/v2\/product_cat?post=33041"},{"taxonomy":"product_tag","embeddable":true,"href":"https:\/\/tinyknit.eu\/it\/wp-json\/wp\/v2\/product_tag?post=33041"}],"curies":[{"name":"wp","href":"https:\/\/api.w.org\/{rel}","templated":true}]}}