{"id":33027,"date":"2023-09-21T18:26:43","date_gmt":"2023-09-21T18:26:43","guid":{"rendered":"https:\/\/tinyknit.eu\/product\/senza-categoria\/plushie-sleeping-toy-comforter-fur-seal-2\/"},"modified":"2025-07-30T17:15:58","modified_gmt":"2025-07-30T17:15:58","slug":"peluche-per-dormire-doudou-foca-pelosa","status":"publish","type":"product","link":"https:\/\/tinyknit.eu\/it\/product\/giocattoli-da-coccolare\/peluche-per-dormire-doudou-foca-pelosa\/","title":{"rendered":"Peluche per Dormire, Doudou \u2013 Foca Pelosa"},"content":{"rendered":"<p data-start=\"85\" data-end=\"398\">Stai cercando un compagno unico e coccoloso per il sonno del tuo bambino? Non cercare oltre: questo adorabile giocattolo all\u2019uncinetto \u00e8 proprio ci\u00f2 che fa per te! Perfetto per le coccole durante la nanna e per i momenti di gioco durante il giorno, \u00e8 un regalo ideale per ogni neonato o bambino, di qualsiasi et\u00e0.<\/p>\n<p data-start=\"400\" data-end=\"792\"><strong data-start=\"400\" data-end=\"420\">Caratteristiche:<\/strong><br data-start=\"420\" data-end=\"423\" \/>\u2022 Il peluche per dormire stimola il tatto grazie alla combinazione di filati con diverse texture, che incuriosiscono il bambino e lo aiutano a scoprire il mondo che lo circonda.<br data-start=\"600\" data-end=\"603\" \/>\u2022 Tutti i giocattoli sono realizzati con materiali ipoallergenici, sicuri per il bambino.<br data-start=\"692\" data-end=\"695\" \/>\u2022 Il giocattolo pu\u00f2 essere anche un elemento decorativo interessante nella cameretta del bambino.<\/p>\n<p data-start=\"794\" data-end=\"1017\"><strong data-start=\"794\" data-end=\"809\">Dimensioni:<\/strong> circa 52 x 16 cm<br data-start=\"826\" data-end=\"829\" \/><strong data-start=\"829\" data-end=\"843\">Materiale:<\/strong> Questo articolo \u00e8 realizzato a mano con filato ipoallergenico, in peluche e cotone. \u00c8 imbottito con holofiber e prodotto in un ambiente senza fumo e senza animali domestici.<\/p>\n<p data-start=\"1019\" data-end=\"1207\">Ogni componente \u00e8 realizzato a mano con la tecnica della maglia, senza occhi di plastica o altre parti potenzialmente pericolose per i bambini.<br data-start=\"1162\" data-end=\"1165\" \/><strong data-start=\"1165\" data-end=\"1207\">Realizzato in Estonia, Unione Europea.<\/strong><\/p>\n<p data-start=\"1209\" data-end=\"1256\"><strong data-start=\"1209\" data-end=\"1229\">Il Set Contiene:<\/strong><br data-start=\"1229\" data-end=\"1232\" \/>\u2022 1x Peluche per Dormire<\/p>\n<p data-start=\"1258\" data-end=\"1375\"><strong data-start=\"1258\" data-end=\"1296\">Il Regalo Perfetto per un Neonato!<\/strong><br data-start=\"1296\" data-end=\"1299\" \/>Confezione pronta per ogni baby shower, lista nascita o festa di compleanno.<\/p>\n<p data-start=\"1377\" data-end=\"1650\"><strong data-start=\"1377\" data-end=\"1402\">Consigli per la cura:<\/strong><br data-start=\"1402\" data-end=\"1405\" \/>\u2022 Per prevenire reazioni allergiche, utilizzare detergenti liquidi e ipoallergenici.<br data-start=\"1489\" data-end=\"1492\" \/>\u2022 Lavare in lavatrice con ciclo delicato, impostando la temperatura a 30 gradi per 30 minuti.<br data-start=\"1585\" data-end=\"1588\" \/>\u2022 Dopo il lavaggio, lasciare asciugare il giocattolo in piano.<\/p>\n","protected":false},"excerpt":{"rendered":"<p>Stai cercando un compagno unico e coccoloso per il sonno del tuo bambino? Non cercare oltre: questo adorabile giocattolo all\u2019uncinetto \u00e8 proprio ci\u00f2 che fa per te! Perfetto per le coccole durante la nanna e per i momenti di gioco durante il giorno, \u00e8 un regalo ideale per ogni neonato o bambino, di qualsiasi et\u00e0.<\/p>\n","protected":false},"featured_media":33040,"comment_status":"open","ping_status":"closed","template":"","meta":[],"product_brand":[],"product_cat":[691,683],"product_tag":[],"class_list":{"0":"post-33027","1":"product","2":"type-product","3":"status-publish","4":"has-post-thumbnail","6":"product_cat-giocattoli-da-coccolare","7":"product_cat-su-ordinazione","9":"first","10":"onbackorder","11":"taxable","12":"shipping-taxable","13":"purchasable","14":"product-type-simple"},"_links":{"self":[{"href":"https:\/\/tinyknit.eu\/it\/wp-json\/wp\/v2\/product\/33027","targetHints":{"allow":["GET"]}}],"collection":[{"href":"https:\/\/tinyknit.eu\/it\/wp-json\/wp\/v2\/product"}],"about":[{"href":"https:\/\/tinyknit.eu\/it\/wp-json\/wp\/v2\/types\/product"}],"replies":[{"embeddable":true,"href":"https:\/\/tinyknit.eu\/it\/wp-json\/wp\/v2\/comments?post=33027"}],"version-history":[{"count":2,"href":"https:\/\/tinyknit.eu\/it\/wp-json\/wp\/v2\/product\/33027\/revisions"}],"predecessor-version":[{"id":33081,"href":"https:\/\/tinyknit.eu\/it\/wp-json\/wp\/v2\/product\/33027\/revisions\/33081"}],"wp:featuredmedia":[{"embeddable":true,"href":"https:\/\/tinyknit.eu\/it\/wp-json\/wp\/v2\/media\/33040"}],"wp:attachment":[{"href":"https:\/\/tinyknit.eu\/it\/wp-json\/wp\/v2\/media?parent=33027"}],"wp:term":[{"taxonomy":"product_brand","embeddable":true,"href":"https:\/\/tinyknit.eu\/it\/wp-json\/wp\/v2\/product_brand?post=33027"},{"taxonomy":"product_cat","embeddable":true,"href":"https:\/\/tinyknit.eu\/it\/wp-json\/wp\/v2\/product_cat?post=33027"},{"taxonomy":"product_tag","embeddable":true,"href":"https:\/\/tinyknit.eu\/it\/wp-json\/wp\/v2\/product_tag?post=33027"}],"curies":[{"name":"wp","href":"https:\/\/api.w.org\/{rel}","templated":true}]}}